{"id":5377,"date":"2023-11-20T17:19:06","date_gmt":"2023-11-20T16:19:06","guid":{"rendered":"https:\/\/tmandoutdoor.com\/produit\/le-campeur-moderne-selce-di-sopravvivenza\/"},"modified":"2026-01-31T18:24:53","modified_gmt":"2026-01-31T17:24:53","slug":"le-campeur-moderne-selce-di-sopravvivenza","status":"publish","type":"product","link":"https:\/\/tmandoutdoor.com\/it\/prodotto\/le-campeur-moderne-selce-di-sopravvivenza\/","title":{"rendered":"Selce di sopravvivenza Le Campeur Moderne |"},"content":{"rendered":"<h2 id=\"allumez-votre-feu-en-toutes-conditions-avec-cette-pierre-a-feu-firesteel\">Accendi il fuoco in tutte le condizioni con questa pietra focaia firesteel<\/h2>\n<ul>\n<li>SEMPLICE E FACILE: accendi 10.000 fuochi in qualsiasi condizione atmosferica con il suo fusto in lega di ferroceri di alta qualit\u00e0.<\/li>\n<li>COMPATTO E ROBUSTO: ha un&#8217;ottima presa grazie al manico in legno grezzo lavorato a mano.<\/li>\n<li>MULTIFUNZIONE: misura di precisione, grattugia, apribottiglie. Esplora con fiducia. <\/li>\n<li>VERSATILE: indossalo al collo. Efficace in tutte le condizioni atmosferiche e a tutte le altitudini. <\/li>\n<li>PRONTO ALL&#8217;AVVENTURA: realizzato con materiali di alta qualit\u00e0 per una lunga durata.<\/li>\n<\/ul>\n<p>Le Campeur Moderne produce un equipaggiamento essenziale per le tue spedizioni nella natura. Questo <strong>acciarino<\/strong> \u00e8 l&#8217;accessorio di sopravvivenza di cui hai bisogno <strong>per accendere<\/strong> il <strong>fuoco<\/strong> in modo facile e <strong>veloce<\/strong>, in qualsiasi condizione. <\/p>\n<h2 id=\"un-firesteel-compact-et-fiable-pour-tous-vos-besoins\">Una stufa compatta e affidabile per tutte le tue esigenze<\/h2>\n<p>Le nostre attrezzature per esterni combinano prestazioni e facilit\u00e0 d&#8217;uso. Tieni questa energia vitale con te ogni giorno, cos\u00ec potrai produrre facilmente scintille a temperature molto elevate e rimanere al caldo, sano e salvo. Questo <strong>strumento di<\/strong> sopravvivenza <strong>essenziale<\/strong> non ti peser\u00e0: prendi solo quello che ti serve e migliora le tue abilit\u00e0 di bushcraft.  <\/p>\n<p>Con il suo manico in legno grezzo lavorato a mano, delle dimensioni giuste per una presa salda e confortevole, e il suo fusto in ferrocerium durevole e resistente alla corrosione, questo accendifuoco di Le Campeur Moderne \u00e8 il risultato della fusione di due materiali <strong>di alta qualit\u00e0<\/strong>. Il cordoncino \u00e8 della giusta lunghezza e pu\u00f2 essere portato al collo: non c&#8217;\u00e8 pi\u00f9 il rischio di perderlo, \u00e8 la tua risorsa preferita ovunque e in qualsiasi momento. <\/p>\n<h2 id=\"caracteristiques-et-materiaux-de-qualite\">Caratteristiche e materiali di qualit\u00e0<\/h2>\n<p>Il raschietto multifunzione \u00e8 dotato di raspa, apribottiglie e righello. Lo spessore accuratamente selezionato del cordino crea un corpo solido e robusto che torner\u00e0 utile in caso di estrema emergenza. L&#8217;asta di ferrocerium contiene magnesio per generare scintille intense e affidabili in qualsiasi condizione. Questo equipaggiamento di alta qualit\u00e0 \u00e8 stato progettato per durare nel tempo e offrire la massima affidabilit\u00e0 durante le tue avventure all&#8217;aperto.   <\/p>\n<h2 id=\"ideal-pour-le-camping-la-randonnee-et-la-survie\">Ideale per il campeggio, l&#8217;escursionismo e la sopravvivenza<\/h2>\n<p>Lo strumento essenziale per tutti i tuoi viaggi nella foresta o in montagna, le escursioni, le fughe, il campeggio, le battute di caccia o di pesca e altri viaggi fuori dai sentieri battuti. Questo accendifuoco compatto \u00e8 perfetto per il bushcraft e per tutte le attivit\u00e0 all&#8217;aperto. Insegna e trasmette i valori del campeggio e le regole di sopravvivenza ai tuoi gruppi scout.  <\/p>\n<p>Immagina di preparare ottimi pasti caldi, mentre racconti storie intorno a un accogliente fal\u00f2. Fai una pausa e gusta una tazza di t\u00e8 caldo mentre ammiri il paesaggio mozzafiato. Hai voglia di arrostire dei marshmallow accanto alle fiamme colorate? Oppure perch\u00e9 non fare un barbecue e condividere il momento con amici e familiari? Il tuo acciarino ti sar\u00e0 utile in molte situazioni. Lascia che la fiducia regni sovrana: sarai in grado di accendere un fuoco in un attimo, con la pioggia o con la neve.     <\/p>\n<p><\/p>\n","protected":false},"excerpt":{"rendered":"<p>Acciarino Le Campeur Moderne: accende 10.000 fuochi in tutte le condizioni. Compatto e robusto con manico in legno. Ideale per il campeggio e la sopravvivenza.  <\/p>\n","protected":false},"featured_media":10684,"comment_status":"open","ping_status":"closed","template":"","meta":[],"product_brand":[],"product_cat":[445,1928],"product_tag":[],"marque":[],"class_list":{"0":"post-5377","1":"product","2":"type-product","3":"status-publish","4":"has-post-thumbnail","6":"product_cat-accessori-allaperto","7":"product_cat-mettere-insieme-il-mio-zaino-di-sopravvivenza","8":"product_shipping_class-shipping-it","10":"first","11":"instock","12":"taxable","13":"shipping-taxable","14":"purchasable","15":"product-type-simple"},"aioseo_notices":[],"_links":{"self":[{"href":"https:\/\/tmandoutdoor.com\/it\/wp-json\/wp\/v2\/product\/5377","targetHints":{"allow":["GET"]}}],"collection":[{"href":"https:\/\/tmandoutdoor.com\/it\/wp-json\/wp\/v2\/product"}],"about":[{"href":"https:\/\/tmandoutdoor.com\/it\/wp-json\/wp\/v2\/types\/product"}],"replies":[{"embeddable":true,"href":"https:\/\/tmandoutdoor.com\/it\/wp-json\/wp\/v2\/comments?post=5377"}],"wp:featuredmedia":[{"embeddable":true,"href":"https:\/\/tmandoutdoor.com\/it\/wp-json\/wp\/v2\/media\/10684"}],"wp:attachment":[{"href":"https:\/\/tmandoutdoor.com\/it\/wp-json\/wp\/v2\/media?parent=5377"}],"wp:term":[{"taxonomy":"product_brand","embeddable":true,"href":"https:\/\/tmandoutdoor.com\/it\/wp-json\/wp\/v2\/product_brand?post=5377"},{"taxonomy":"product_cat","embeddable":true,"href":"https:\/\/tmandoutdoor.com\/it\/wp-json\/wp\/v2\/product_cat?post=5377"},{"taxonomy":"product_tag","embeddable":true,"href":"https:\/\/tmandoutdoor.com\/it\/wp-json\/wp\/v2\/product_tag?post=5377"},{"taxonomy":"marque","embeddable":true,"href":"https:\/\/tmandoutdoor.com\/it\/wp-json\/wp\/v2\/marque?post=5377"}],"curies":[{"name":"wp","href":"https:\/\/api.w.org\/{rel}","templated":true}]}}