{"id":4312,"date":"2023-11-20T17:21:52","date_gmt":"2023-11-20T16:21:52","guid":{"rendered":"https:\/\/tmandoutdoor.com\/produit\/t-shirt-paul-boye-100-cotone-equosolidale\/"},"modified":"2025-07-15T22:34:20","modified_gmt":"2025-07-15T20:34:20","slug":"t-shirt-paul-boye-100-cotone-equosolidale","status":"publish","type":"product","link":"https:\/\/tmandoutdoor.com\/it\/prodotto\/t-shirt-paul-boye-100-cotone-equosolidale\/","title":{"rendered":"T-shirt Paul Boy\u00e9 (100% cotone equosolidale)"},"content":{"rendered":"<p style=\"margin: 0px 0px 1em; padding: 0px; border: 0px; font-family: Arial, Helvetica, sans-serif; line-height: 18px; font-size: 13px; vertical-align: baseline; min-height: 1px; color: #484848;\">Realizzato in maglia di jersey di cotone 100% equosolidale<\/p>\n<p style=\"margin: 0px 0px 1em; padding: 0px; border: 0px; font-family: Arial, Helvetica, sans-serif; line-height: 18px; font-size: 13px; vertical-align: baseline; min-height: 1px; color: #484848;\">Girocollo.<\/p>\n<p style=\"margin: 0px 0px 1em; padding: 0px; border: 0px; font-family: Arial, Helvetica, sans-serif; line-height: 18px; font-size: 13px; vertical-align: baseline; min-height: 1px; color: #484848;\">Maniche corte orlate o piene.<\/p>\n<p style=\"margin: 0px 0px 1em; padding: 0px; border: 0px; font-family: Arial, Helvetica, sans-serif; line-height: 18px; font-size: 13px; vertical-align: baseline; min-height: 1px; color: #484848;\">* Il Commercio equo e solidale offre ai produttori e agli artigiani del settore del cotone i mezzi per soddisfare le loro esigenze e per vivere dignitosamente del loro lavoro. \u00c8 una garanzia per il consumatore di un prodotto di alta qualit\u00e0 sociale e ambientale e per il cittadino di contribuire a costruire un mondo pi\u00f9 giusto.<\/p>\n","protected":false},"excerpt":{"rendered":"<p>T-shirt in cotone equo e solidale: morbida e resistente.<\/p>\n<p>Produttore: <strong>Paul Boy\u00e9<\/strong><\/p>\n<p><strong>L&#8217;approccio del &#8220;cotone equo*&#8221; si basa su 3 elementi: <\/strong><\/p>\n<p>&#8211; equit\u00e0 negli scambi economici<\/p>\n<p>&#8211; salvaguardia dell&#8217;ambiente<\/p>\n<p>&#8211; rispetto dell&#8217;etica sociale<\/p>\n","protected":false},"featured_media":8272,"comment_status":"open","ping_status":"closed","template":"","meta":[],"product_brand":[],"product_cat":[444,277],"product_tag":[],"marque":[],"class_list":{"0":"post-4312","1":"product","2":"type-product","3":"status-publish","4":"has-post-thumbnail","6":"product_cat-parte-superiore","7":"product_cat-uomo","8":"product_shipping_class-shipping-it","10":"first","11":"instock","12":"taxable","13":"shipping-taxable","14":"purchasable","15":"product-type-variable"},"aioseo_notices":[],"_links":{"self":[{"href":"https:\/\/tmandoutdoor.com\/it\/wp-json\/wp\/v2\/product\/4312","targetHints":{"allow":["GET"]}}],"collection":[{"href":"https:\/\/tmandoutdoor.com\/it\/wp-json\/wp\/v2\/product"}],"about":[{"href":"https:\/\/tmandoutdoor.com\/it\/wp-json\/wp\/v2\/types\/product"}],"replies":[{"embeddable":true,"href":"https:\/\/tmandoutdoor.com\/it\/wp-json\/wp\/v2\/comments?post=4312"}],"wp:featuredmedia":[{"embeddable":true,"href":"https:\/\/tmandoutdoor.com\/it\/wp-json\/wp\/v2\/media\/8272"}],"wp:attachment":[{"href":"https:\/\/tmandoutdoor.com\/it\/wp-json\/wp\/v2\/media?parent=4312"}],"wp:term":[{"taxonomy":"product_brand","embeddable":true,"href":"https:\/\/tmandoutdoor.com\/it\/wp-json\/wp\/v2\/product_brand?post=4312"},{"taxonomy":"product_cat","embeddable":true,"href":"https:\/\/tmandoutdoor.com\/it\/wp-json\/wp\/v2\/product_cat?post=4312"},{"taxonomy":"product_tag","embeddable":true,"href":"https:\/\/tmandoutdoor.com\/it\/wp-json\/wp\/v2\/product_tag?post=4312"},{"taxonomy":"marque","embeddable":true,"href":"https:\/\/tmandoutdoor.com\/it\/wp-json\/wp\/v2\/marque?post=4312"}],"curies":[{"name":"wp","href":"https:\/\/api.w.org\/{rel}","templated":true}]}}