{"id":4282,"date":"2023-11-20T17:21:54","date_gmt":"2023-11-20T16:21:54","guid":{"rendered":"https:\/\/tmandoutdoor.com\/produit\/maglione-in-jersey-da-ufficiale-della-marina-lana-merino\/"},"modified":"2023-11-20T17:21:54","modified_gmt":"2023-11-20T16:21:54","slug":"maglione-in-jersey-da-ufficiale-della-marina-lana-merino","status":"publish","type":"product","link":"https:\/\/tmandoutdoor.com\/it\/prodotto\/maglione-in-jersey-da-ufficiale-della-marina-lana-merino\/","title":{"rendered":"Maglione in jersey da ufficiale della Marina (lana Merino)"},"content":{"rendered":"<div class=\"wpb_single_image wpb_content_element vc_align_left\">\n<div class=\"vc_single_image-wrapper vc_box_border_grey\">\n<p>Spalle rinforzate, toppe sui gomiti e tasca portapenne sul braccio.<\/p>\n<p>Composizione: 50% lana merino \/ 50% acrilico Dralon<\/p>\n<\/div>\n<div class=\"vc_single_image-wrapper vc_box_border_grey\"><\/div>\n<div class=\"vc_single_image-wrapper vc_box_border_grey\"><strong>Prodotto al 100% in Europa:<\/strong> <\/div>\n<div class=\"vc_single_image-wrapper vc_box_border_grey\"><\/div>\n<div class=\"vc_single_image-wrapper vc_box_border_grey\">Design (Francia)<\/div>\n<div class=\"vc_single_image-wrapper vc_box_border_grey\">Lana Merino (Italia)<\/div>\n<div class=\"vc_single_image-wrapper vc_box_border_grey\">Acrilico Dralon\u00ae (Germania)<\/div>\n<div class=\"vc_single_image-wrapper vc_box_border_grey\">Produzione (Portogallo)<\/div>\n<div class=\"vc_single_image-wrapper vc_box_border_grey\"><\/div>\n<div class=\"vc_single_image-wrapper vc_box_border_grey\"><\/div>\n<div class=\"vc_single_image-wrapper vc_box_border_grey\"><img decoding=\"async\" class=\"vc_single_image-img\" src=\"http:\/\/www.filivivi.it\/wp-content\/uploads\/2017\/06\/dralon-220x100.jpg\" width=\"220\" height=\"100\" alt=\"dralon\" title=\"dralon\"><\/div>\n<\/div>\n<div class=\"wpb_text_column wpb_content_element\">\n<div class=\"wpb_wrapper\">\n<p>Dralon\u00ae \u00e8 il nome della fibra acrilica creata nel 1954 da Bayer in Germania nello stabilimento di Domagen e prodotta dal 1983 a Lingen. Nel 2001, il marchio \u00e8 diventato un&#8217;azienda a s\u00e9 stante: \u00e8 nata Dralon GmbH, leader mondiale nelle fibre acriliche per maglieria: <strong>sinonimo di inalterabilit\u00e0, affidabilit\u00e0 e alte prestazioni<\/strong>.<\/p>\n<\/div>\n<\/div>\n","protected":false},"excerpt":{"rendered":"<p>Maglione in jersey da ufficiale della Marina<\/p>\n<p>La combinazione di lana Merino e acrilico Dralon\u00ae garantisce morbidezza e resistenza, delicatezza e durata.<\/p>\n<p><strong>Certificazione Oeko-Tex\u00ae 100*<\/strong><\/p>\n<p><strong>Prodotto al 100% in Europa*.<\/strong><\/p>\n","protected":false},"featured_media":8110,"comment_status":"open","ping_status":"closed","template":"","meta":[],"product_brand":[],"product_cat":[916,444,257,277],"product_tag":[],"marque":[],"class_list":{"0":"post-4282","1":"product","2":"type-product","3":"status-publish","4":"has-post-thumbnail","6":"product_cat-black-friday-it","7":"product_cat-parte-superiore","8":"product_cat-promozioni","9":"product_cat-uomo","10":"product_shipping_class-shipping-it","12":"first","13":"instock","14":"sale","15":"taxable","16":"shipping-taxable","17":"purchasable","18":"product-type-variable"},"aioseo_notices":[],"_links":{"self":[{"href":"https:\/\/tmandoutdoor.com\/it\/wp-json\/wp\/v2\/product\/4282","targetHints":{"allow":["GET"]}}],"collection":[{"href":"https:\/\/tmandoutdoor.com\/it\/wp-json\/wp\/v2\/product"}],"about":[{"href":"https:\/\/tmandoutdoor.com\/it\/wp-json\/wp\/v2\/types\/product"}],"replies":[{"embeddable":true,"href":"https:\/\/tmandoutdoor.com\/it\/wp-json\/wp\/v2\/comments?post=4282"}],"wp:featuredmedia":[{"embeddable":true,"href":"https:\/\/tmandoutdoor.com\/it\/wp-json\/wp\/v2\/media\/8110"}],"wp:attachment":[{"href":"https:\/\/tmandoutdoor.com\/it\/wp-json\/wp\/v2\/media?parent=4282"}],"wp:term":[{"taxonomy":"product_brand","embeddable":true,"href":"https:\/\/tmandoutdoor.com\/it\/wp-json\/wp\/v2\/product_brand?post=4282"},{"taxonomy":"product_cat","embeddable":true,"href":"https:\/\/tmandoutdoor.com\/it\/wp-json\/wp\/v2\/product_cat?post=4282"},{"taxonomy":"product_tag","embeddable":true,"href":"https:\/\/tmandoutdoor.com\/it\/wp-json\/wp\/v2\/product_tag?post=4282"},{"taxonomy":"marque","embeddable":true,"href":"https:\/\/tmandoutdoor.com\/it\/wp-json\/wp\/v2\/marque?post=4282"}],"curies":[{"name":"wp","href":"https:\/\/api.w.org\/{rel}","templated":true}]}}