{"id":40993,"date":"2026-04-03T17:00:46","date_gmt":"2026-04-03T15:00:46","guid":{"rendered":"https:\/\/tmandoutdoor.com\/produit\/trex-backpack-60l-kaki\/"},"modified":"2026-04-03T17:00:46","modified_gmt":"2026-04-03T15:00:46","slug":"trex-backpack-60l-kaki","status":"publish","type":"product","link":"https:\/\/tmandoutdoor.com\/it\/prodotto\/trex-backpack-60l-kaki\/","title":{"rendered":"TREX BACKPACK 60L (kaki)"},"content":{"rendered":"<p>Progettata per il trekking.<br \/>\nL&#8217;ampio scomparto principale, completamente apribile, \u00e8 dotato di pi\u00f9 tasche interne.<br \/>\nLe tasche laterali compatte e a soffietto offrono una grande capacit\u00e0 pur mantenendo la borsa piccola. Cos\u00ec potrai andare ovunque con facilit\u00e0 e comodit\u00e0.<br \/>\n1 grande tasca frontale con scomparti interni<br \/>\n1 Tasca frontale piccola e di facile accesso<br \/>\n1 Tasca superiore imbottita per attrezzature delicate o fragili<br \/>\nAnelli per moschettoni<br \/>\n2 Porta piccozze<br \/>\nCinghie di compressione laterali<br \/>\nSchiena ventilata<br \/>\nSpallacci ergonomici<br \/>\nOcchielli per il drenaggio dell&#8217;acqua<br \/>\nPorta toppa identificativa<br \/>\nPESO A VUOTO: 1,4KG<br \/>\nPOLIESTERE 600D RIVESTITO IN PVC<br \/>\nScomparto principale: 58x36x26cm<br \/>\nComposizione: Poliestere 600D rivestito in PVC.<br \/>\nDimensioni: scomparto principale 58x36x26cm.<br \/>\nPeso: 1,4 kg<\/p>\n","protected":false},"excerpt":{"rendered":"<p>Progettata per il trekking. L&#8217;ampio scomparto principale, completamente apribile, \u00e8 dotato di pi\u00f9 tasche interne. Le tasche laterali compatte e a soffietto offrono una grande capacit\u00e0 pur mantenendo la borsa piccola. Cos\u00ec potrai andare ovunque con facilit\u00e0 e comodit\u00e0. 1 grande tasca frontale con scomparti interni 1 Tasca frontale piccola e di facile accesso 1&hellip;<\/p>\n","protected":false},"featured_media":40970,"comment_status":"open","ping_status":"closed","template":"","meta":[],"product_brand":[],"product_cat":[430,433],"product_tag":[2086],"marque":[2082],"class_list":{"0":"post-40993","1":"product","2":"type-product","3":"status-publish","4":"has-post-thumbnail","6":"product_cat-cosa-ce-di-nuovo","7":"product_cat-zaino","8":"product_tag-ares","9":"product_shipping_class-shipping-it","10":"marque-ares-god-of-war","12":"first","13":"instock","14":"taxable","15":"shipping-taxable","16":"purchasable","17":"product-type-simple"},"aioseo_notices":[],"_links":{"self":[{"href":"https:\/\/tmandoutdoor.com\/it\/wp-json\/wp\/v2\/product\/40993","targetHints":{"allow":["GET"]}}],"collection":[{"href":"https:\/\/tmandoutdoor.com\/it\/wp-json\/wp\/v2\/product"}],"about":[{"href":"https:\/\/tmandoutdoor.com\/it\/wp-json\/wp\/v2\/types\/product"}],"replies":[{"embeddable":true,"href":"https:\/\/tmandoutdoor.com\/it\/wp-json\/wp\/v2\/comments?post=40993"}],"wp:featuredmedia":[{"embeddable":true,"href":"https:\/\/tmandoutdoor.com\/it\/wp-json\/wp\/v2\/media\/40970"}],"wp:attachment":[{"href":"https:\/\/tmandoutdoor.com\/it\/wp-json\/wp\/v2\/media?parent=40993"}],"wp:term":[{"taxonomy":"product_brand","embeddable":true,"href":"https:\/\/tmandoutdoor.com\/it\/wp-json\/wp\/v2\/product_brand?post=40993"},{"taxonomy":"product_cat","embeddable":true,"href":"https:\/\/tmandoutdoor.com\/it\/wp-json\/wp\/v2\/product_cat?post=40993"},{"taxonomy":"product_tag","embeddable":true,"href":"https:\/\/tmandoutdoor.com\/it\/wp-json\/wp\/v2\/product_tag?post=40993"},{"taxonomy":"marque","embeddable":true,"href":"https:\/\/tmandoutdoor.com\/it\/wp-json\/wp\/v2\/marque?post=40993"}],"curies":[{"name":"wp","href":"https:\/\/api.w.org\/{rel}","templated":true}]}}