{"id":38321,"date":"2026-02-23T15:04:26","date_gmt":"2026-02-23T14:04:26","guid":{"rendered":"https:\/\/tmandoutdoor.com\/produit\/pantaloni-da-combattimento-coyote-gk-dutycall\/"},"modified":"2026-02-23T15:41:33","modified_gmt":"2026-02-23T14:41:33","slug":"pantaloni-da-combattimento-coyote-gk-dutycall","status":"publish","type":"product","link":"https:\/\/tmandoutdoor.com\/it\/prodotto\/pantaloni-da-combattimento-coyote-gk-dutycall\/","title":{"rendered":"Pantaloni da combattimento Ripstop Coyote GK DUTYCALL &#8211; Professionisti e Outdoor"},"content":{"rendered":"<p>Scopri i <strong>pantaloni da combattimento Coyote &#8211; GK DUTYCALL<\/strong>, un capo tecnico progettato per offrire prestazioni e resistenza ai professionisti pi\u00f9 esigenti. Ideale per le missioni all&#8217;aperto, questo modello combina materiali di alta qualit\u00e0 e design intelligente per garantire comfort e praticit\u00e0 sul campo. <\/p>\n<p>Che si tratti di uso militare, lavoro o attivit\u00e0 escursionistiche impegnative, questi pantaloni offrono un&#8217;eccezionale <strong>libert\u00e0 di movimento<\/strong> grazie al loro tessuto elasticizzato. Il colore Coyote \u00e8 discreto e versatile e li rende ideali per gli ambienti professionali e tattici. <\/p>\n<p>Disponibili in un&#8217;ampia gamma di taglie, dalla 34 alla 60, i pantaloni da combattimento Coyote GK DUTYCALL sono l&#8217;alleato ideale per i professionisti della sicurezza, gli agenti delle forze dell&#8217;ordine e gli appassionati di outdoor che cercano un equipaggiamento leggero, <strong>comodo<\/strong> e resistente.<\/p>\n<h2 id=\"gamme-gk-dutycall\">La gamma GK DUTYCALL\u00ae: pantaloni da lavoro tattici testati e collaudati<\/h2>\n<p>Scopri GK Dutycall, una gamma progettata appositamente per soddisfare le esigenze del personale militare e delle forze dell&#8217;ordine. Le nostre attrezzature combinano forza e funzionalit\u00e0, garantendo prestazioni ottimali sul campo. Ogni prodotto \u00e8 testato in condizioni estreme per garantire la tua sicurezza e il tuo comfort. Con questi pantaloni, realizzati secondo gli standard pi\u00f9 elevati, potrai essere equipaggiato professionalmente per ogni missione o avventura all&#8217;aperto.   <\/p>\n<h2 id=\"caracteristiques-techniques\">Dettagli e caratteristiche di questi pantaloni multitasche in Ripstop<\/h2>\n<p>Questi pantaloni da uomo sono costruiti per durare nel tempo. Il tessuto resistente agli strappi e il taglio ergonomico li rendono una scelta pratica per tutte le condizioni. <\/p>\n<ul>\n<li><strong>Colore:<\/strong> Coyote (adatto alla mimetizzazione e agli ambienti aridi)<\/li>\n<li><strong>Taglie disponibili: dalla<\/strong> 34 alla 60, per una vestibilit\u00e0 precisa qualunque sia la tua forma.<\/li>\n<li><strong>Tessuto principale:<\/strong> pantaloni da combattimento in <strong>tessuto Ripstop<\/strong> elasticizzato, che offre una maggiore resistenza agli strappi pur rimanendo traspirante.<\/li>\n<li><strong>Caratteristiche tecniche:<\/strong> Tessuto con trattamento IR (Infra-Red).<\/li>\n<li><strong>Chiusura sicura:<\/strong> chiusura principale con cerniera, bottone canadese solido e chiusura a strappo.<\/li>\n<li><strong>Cintura rinforzata:<\/strong> 5 passanti per cintura con cuciture rinforzate per sostenere una cintura tattica.<\/li>\n<li><strong>Regolazione in vita:<\/strong> Coulisse in vita con chiusura a strappo per una regolazione facile e veloce.<\/li>\n<li><strong>Tasche laterali:<\/strong> 2 tasche tagliate con cuciture rinforzate per i tuoi oggetti di uso quotidiano.<\/li>\n<li><strong>Capacit\u00e0 cargo:<\/strong> 2 tasche cargo plissettate (cosce) con patta e chiusura a strappo + 1 piccola e pratica tasca aperta.<\/li>\n<li><strong>Portaoggetti posteriore:<\/strong> 2 tasche posteriori con patta e chiusure a strappo.<\/li>\n<li><strong>Fondo dei pantaloni:<\/strong> cinturino alla caviglia con chiusura a strappo per regolare i pantaloni e adattarli ai tuoi ranger.<\/li>\n<li><strong>Identificazione:<\/strong> Etichetta di identificazione cucita.<\/li>\n<li><strong>Fissaggio:<\/strong> gancio alla caviglia per il fissaggio alle scarpe, ideale per camminare su terreni difficili.<\/li>\n<\/ul>\n<h2 id=\"composition-matiere\">Composizione del tessuto in cotone e poliestere<\/h2>\n<p>La resistenza di questo modello si basa su una miscela di fibre tecniche che garantiscono traspirabilit\u00e0 ed elasticit\u00e0:<\/p>\n<ul>\n<li><strong>Tessuto:<\/strong> Ripstop 65% poliestere &#8211; 32% cotone &#8211; 3% elastan.<\/li>\n<li><strong>Peso:<\/strong> 220 g (peso leggero e versatile).<\/li>\n<\/ul>\n<h2 id=\"entretien\">Istruzioni di lavaggio per mantenere le propriet\u00e0 tecniche<\/h2>\n<ul>\n<li>Lava al rovescio per proteggere il tessuto esterno.<\/li>\n<li>Lavare in lavatrice a 30\u00b0.<\/li>\n<li>Senza clorazione.<\/li>\n<li>Non asciugare in asciugatrice (si consiglia l&#8217;asciugatura naturale).<\/li>\n<li>Non stirare.<\/li>\n<li>Nessun lavaggio a secco.<\/li>\n<\/ul>\n<p>&nbsp;<\/p>\n","protected":false},"excerpt":{"rendered":"<p>I pantaloni da combattimento Coyote GK DUTYCALL sono ideali per il campo. Tessuto Ripstop elasticizzato, taglio tattico e multitasche. Robusti per il lavoro e le escursioni.  <\/p>\n","protected":false},"featured_media":38316,"comment_status":"closed","ping_status":"closed","template":"","meta":[],"product_brand":[2013],"product_cat":[430,435,257],"product_tag":[],"marque":[],"class_list":{"0":"post-38321","1":"product","2":"type-product","3":"status-publish","4":"has-post-thumbnail","6":"product_brand-gk","7":"product_cat-cosa-ce-di-nuovo","8":"product_cat-giu","9":"product_cat-promozioni","11":"first","12":"instock","13":"sale","14":"taxable","15":"shipping-taxable","16":"purchasable","17":"product-type-variable"},"aioseo_notices":[],"_links":{"self":[{"href":"https:\/\/tmandoutdoor.com\/it\/wp-json\/wp\/v2\/product\/38321","targetHints":{"allow":["GET"]}}],"collection":[{"href":"https:\/\/tmandoutdoor.com\/it\/wp-json\/wp\/v2\/product"}],"about":[{"href":"https:\/\/tmandoutdoor.com\/it\/wp-json\/wp\/v2\/types\/product"}],"replies":[{"embeddable":true,"href":"https:\/\/tmandoutdoor.com\/it\/wp-json\/wp\/v2\/comments?post=38321"}],"wp:featuredmedia":[{"embeddable":true,"href":"https:\/\/tmandoutdoor.com\/it\/wp-json\/wp\/v2\/media\/38316"}],"wp:attachment":[{"href":"https:\/\/tmandoutdoor.com\/it\/wp-json\/wp\/v2\/media?parent=38321"}],"wp:term":[{"taxonomy":"product_brand","embeddable":true,"href":"https:\/\/tmandoutdoor.com\/it\/wp-json\/wp\/v2\/product_brand?post=38321"},{"taxonomy":"product_cat","embeddable":true,"href":"https:\/\/tmandoutdoor.com\/it\/wp-json\/wp\/v2\/product_cat?post=38321"},{"taxonomy":"product_tag","embeddable":true,"href":"https:\/\/tmandoutdoor.com\/it\/wp-json\/wp\/v2\/product_tag?post=38321"},{"taxonomy":"marque","embeddable":true,"href":"https:\/\/tmandoutdoor.com\/it\/wp-json\/wp\/v2\/marque?post=38321"}],"curies":[{"name":"wp","href":"https:\/\/api.w.org\/{rel}","templated":true}]}}