{"id":3768,"date":"2023-11-20T17:23:16","date_gmt":"2023-11-20T16:23:16","guid":{"rendered":"https:\/\/tmandoutdoor.com\/produit\/borsa-stampata-in-stile-marinaro\/"},"modified":"2025-07-16T22:48:12","modified_gmt":"2025-07-16T20:48:12","slug":"borsa-stampata-in-stile-marinaro","status":"publish","type":"product","link":"https:\/\/tmandoutdoor.com\/it\/prodotto\/borsa-stampata-in-stile-marinaro\/","title":{"rendered":"Borsa stampata in stile marinaro"},"content":{"rendered":"<p>Colore: ecru<\/p>\n<p><strong>Borsa grande:<\/strong><\/p>\n<p>Volume: circa 50 L<\/p>\n<p>Altezza: circa 70 cm<\/p>\n<p>Diametro: circa 30 cm<\/p>\n<p><strong>Borsa da imballaggio Modello piccolo :<\/strong><\/p>\n<p>Volume: circa 25 L<\/p>\n<p>Altezza: circa 50 cm<\/p>\n<p>Diametro: circa 25 cm<\/p>\n","protected":false},"excerpt":{"rendered":"<p>Riproduzione della leggendaria borsa Marine Nationale stampata.<\/p>\n<p>A seconda delle dimensioni, questa borsa pu\u00f2 accompagnarti nei weekend e nelle attivit\u00e0 sportive, oppure nei viaggi o nelle escursioni pi\u00f9 lunghe per il modello pi\u00f9 grande.<\/p>\n<p>Materiale: 100% cotone<\/p>\n","protected":false},"featured_media":12600,"comment_status":"closed","ping_status":"closed","template":"","meta":[],"product_brand":[],"product_cat":[432,273],"product_tag":[],"marque":[],"class_list":{"0":"post-3768","1":"product","2":"type-product","3":"status-publish","4":"has-post-thumbnail","6":"product_cat-borsa-per-il-trasporto","7":"product_cat-borse","8":"product_shipping_class-shipping-it","10":"first","11":"instock","12":"taxable","13":"shipping-taxable","14":"purchasable","15":"product-type-variable"},"aioseo_notices":[],"_links":{"self":[{"href":"https:\/\/tmandoutdoor.com\/it\/wp-json\/wp\/v2\/product\/3768","targetHints":{"allow":["GET"]}}],"collection":[{"href":"https:\/\/tmandoutdoor.com\/it\/wp-json\/wp\/v2\/product"}],"about":[{"href":"https:\/\/tmandoutdoor.com\/it\/wp-json\/wp\/v2\/types\/product"}],"replies":[{"embeddable":true,"href":"https:\/\/tmandoutdoor.com\/it\/wp-json\/wp\/v2\/comments?post=3768"}],"wp:featuredmedia":[{"embeddable":true,"href":"https:\/\/tmandoutdoor.com\/it\/wp-json\/wp\/v2\/media\/12600"}],"wp:attachment":[{"href":"https:\/\/tmandoutdoor.com\/it\/wp-json\/wp\/v2\/media?parent=3768"}],"wp:term":[{"taxonomy":"product_brand","embeddable":true,"href":"https:\/\/tmandoutdoor.com\/it\/wp-json\/wp\/v2\/product_brand?post=3768"},{"taxonomy":"product_cat","embeddable":true,"href":"https:\/\/tmandoutdoor.com\/it\/wp-json\/wp\/v2\/product_cat?post=3768"},{"taxonomy":"product_tag","embeddable":true,"href":"https:\/\/tmandoutdoor.com\/it\/wp-json\/wp\/v2\/product_tag?post=3768"},{"taxonomy":"marque","embeddable":true,"href":"https:\/\/tmandoutdoor.com\/it\/wp-json\/wp\/v2\/marque?post=3768"}],"curies":[{"name":"wp","href":"https:\/\/api.w.org\/{rel}","templated":true}]}}