{"id":3765,"date":"2023-11-20T17:23:15","date_gmt":"2023-11-20T16:23:15","guid":{"rendered":"https:\/\/tmandoutdoor.com\/produit\/assegno-di-cotone-kaki\/"},"modified":"2025-12-15T13:07:45","modified_gmt":"2025-12-15T12:07:45","slug":"assegno-di-cotone-kaki","status":"publish","type":"product","link":"https:\/\/tmandoutdoor.com\/it\/prodotto\/assegno-di-cotone-kaki\/","title":{"rendered":"Assegno di cotone (kaki)"},"content":{"rendered":"<p><span style=\"background-color: #ffffff\">Materiale: 100% cotone <\/span><\/p>\n<p><span style=\"background-color: #ffffff\">Dimensioni: circa 250*85 cm<\/span><\/p>\n","protected":false},"excerpt":{"rendered":"<p>Ispirato agli ch\u00e8che dell&#8217;esercito francese degli anni &#8217;50, questo ch\u00e8che in cotone \u00e8 un capo senza tempo, adatto sia al caldo che al freddo.<\/p>\n<p>Tessuto morbido e confortevole.<\/p>\n<p>&#8211; MATERIALE: Ch\u00e8che realizzato al 100% in cotone, per una qualit\u00e0 e un comfort imbattibili.<\/p>\n<p>&#8211; PROTEZIONE: Ti protegger\u00e0 sia dal freddo che dal sole e dalla polvere.<\/p>\n","protected":false},"featured_media":7162,"comment_status":"closed","ping_status":"closed","template":"","meta":[],"product_brand":[],"product_cat":[275],"product_tag":[],"marque":[],"class_list":{"0":"post-3765","1":"product","2":"type-product","3":"status-publish","4":"has-post-thumbnail","6":"product_cat-accessori","7":"product_shipping_class-shipping-it","9":"first","10":"instock","11":"taxable","12":"shipping-taxable","13":"purchasable","14":"product-type-simple"},"aioseo_notices":[],"_links":{"self":[{"href":"https:\/\/tmandoutdoor.com\/it\/wp-json\/wp\/v2\/product\/3765","targetHints":{"allow":["GET"]}}],"collection":[{"href":"https:\/\/tmandoutdoor.com\/it\/wp-json\/wp\/v2\/product"}],"about":[{"href":"https:\/\/tmandoutdoor.com\/it\/wp-json\/wp\/v2\/types\/product"}],"replies":[{"embeddable":true,"href":"https:\/\/tmandoutdoor.com\/it\/wp-json\/wp\/v2\/comments?post=3765"}],"wp:featuredmedia":[{"embeddable":true,"href":"https:\/\/tmandoutdoor.com\/it\/wp-json\/wp\/v2\/media\/7162"}],"wp:attachment":[{"href":"https:\/\/tmandoutdoor.com\/it\/wp-json\/wp\/v2\/media?parent=3765"}],"wp:term":[{"taxonomy":"product_brand","embeddable":true,"href":"https:\/\/tmandoutdoor.com\/it\/wp-json\/wp\/v2\/product_brand?post=3765"},{"taxonomy":"product_cat","embeddable":true,"href":"https:\/\/tmandoutdoor.com\/it\/wp-json\/wp\/v2\/product_cat?post=3765"},{"taxonomy":"product_tag","embeddable":true,"href":"https:\/\/tmandoutdoor.com\/it\/wp-json\/wp\/v2\/product_tag?post=3765"},{"taxonomy":"marque","embeddable":true,"href":"https:\/\/tmandoutdoor.com\/it\/wp-json\/wp\/v2\/marque?post=3765"}],"curies":[{"name":"wp","href":"https:\/\/api.w.org\/{rel}","templated":true}]}}