{"id":37642,"date":"2026-02-19T18:37:07","date_gmt":"2026-02-19T17:37:07","guid":{"rendered":"https:\/\/tmandoutdoor.com\/produit\/scarpe-di-tela-per-esterni-sabbia\/"},"modified":"2026-02-19T18:48:56","modified_gmt":"2026-02-19T17:48:56","slug":"scarpe-di-tela-per-esterni-sabbia","status":"publish","type":"product","link":"https:\/\/tmandoutdoor.com\/it\/prodotto\/scarpe-di-tela-per-esterni-sabbia\/","title":{"rendered":"Scarpe di tela da esterno per uomo e donna &#8211; Brousse sable"},"content":{"rendered":"<h2 id=\"des-chaussures-en-toile-outdoor-legeres-et-confortables\">Scarpe di tela da esterno leggere e comode<\/h2>\n<p>Morbide e confortevoli, le scarpe di tela Brousse sono ideali per le passeggiate o le escursioni del fine settimana. Questo paio di scarpe da outdoor combina un design casual con una struttura robusta, perfetta per le attivit\u00e0 quotidiane all&#8217;aperto e le avventure nel tempo libero. <\/p>\n<h3 id=\"caracteristiques-de-cette-basket-en-toile-pour-homme-et-femme\">Caratteristiche di questa scarpa da ginnastica in tela per uomo e donna<\/h3>\n<p>Queste scarpe alte in tela combinano materiali di qualit\u00e0 e tecnologie collaudate per un comfort ottimale e una durata eccezionale.<\/p>\n<ul>\n<li>Tomaia in cotone naturale e resistente al 100%.<\/li>\n<li>Tela di cotone di qualit\u00e0<\/li>\n<li>Fodera in cotone per il massimo comfort<\/li>\n<\/ul>\n<h3 id=\"semelle-souple-et-resistante-confort-et-durabilite\">Suola flessibile e resistente: comfort e durata<\/h3>\n<p><strong>Dettagli tecnici:<\/strong><\/p>\n<ul>\n<li>Soletta confortevole, rimovibile e flessibile<\/li>\n<li>Suola in PU: leggera, flessibile e antiscivolo<\/li>\n<li>Guscio in PVC antiurto<\/li>\n<li>Parasassi integrato<\/li>\n<li>Colore: sabbia<\/li>\n<\/ul>\n<p>La suola in PU (poliuretano) utilizzata offre qualit\u00e0 eccezionali: leggerezza, flessibilit\u00e0, resistenza agli idrocarburi, assorbimento degli urti e propriet\u00e0 antiscivolo. Questo garantisce un comfort duraturo per le passeggiate e le attivit\u00e0 all&#8217;aperto prolungate. <\/p>\n<h3 id=\"ideales-pour-qui-et-quand-enfiler-ces-chaussures\">Ideale per chi e quando indossare queste scarpe<\/h3>\n<p>Queste scarpe di tela sono perfette per uomini e donne che cercano calzature comode da indossare tutti i giorni. Che si tratti di un&#8217;escursione leggera, di una passeggiata in campagna o di un uso regolare all&#8217;aperto, queste scarpe offrono il giusto equilibrio tra stile e funzionalit\u00e0. I lacci e il supporto della tomaia assicurano una calzata aderente.  <\/p>\n<p><\/p>\n","protected":false},"excerpt":{"rendered":"<p>Scarpe di tela da esterno Brousse: leggere, comode e resistenti per uomini e donne. Tomaia in cotone, suola in PU flessibile e protezione antipietrisco per le attivit\u00e0 quotidiane all&#8217;aperto. <\/p>\n","protected":false},"featured_media":37604,"comment_status":"closed","ping_status":"closed","template":"","meta":[],"product_brand":[],"product_cat":[430,208,434],"product_tag":[],"marque":[],"class_list":{"0":"post-37642","1":"product","2":"type-product","3":"status-publish","4":"has-post-thumbnail","6":"product_cat-cosa-ce-di-nuovo","7":"product_cat-scarpe-di-tela-wissart","8":"product_cat-tendenze","10":"first","11":"instock","12":"taxable","13":"shipping-taxable","14":"purchasable","15":"product-type-variable"},"aioseo_notices":[],"_links":{"self":[{"href":"https:\/\/tmandoutdoor.com\/it\/wp-json\/wp\/v2\/product\/37642","targetHints":{"allow":["GET"]}}],"collection":[{"href":"https:\/\/tmandoutdoor.com\/it\/wp-json\/wp\/v2\/product"}],"about":[{"href":"https:\/\/tmandoutdoor.com\/it\/wp-json\/wp\/v2\/types\/product"}],"replies":[{"embeddable":true,"href":"https:\/\/tmandoutdoor.com\/it\/wp-json\/wp\/v2\/comments?post=37642"}],"wp:featuredmedia":[{"embeddable":true,"href":"https:\/\/tmandoutdoor.com\/it\/wp-json\/wp\/v2\/media\/37604"}],"wp:attachment":[{"href":"https:\/\/tmandoutdoor.com\/it\/wp-json\/wp\/v2\/media?parent=37642"}],"wp:term":[{"taxonomy":"product_brand","embeddable":true,"href":"https:\/\/tmandoutdoor.com\/it\/wp-json\/wp\/v2\/product_brand?post=37642"},{"taxonomy":"product_cat","embeddable":true,"href":"https:\/\/tmandoutdoor.com\/it\/wp-json\/wp\/v2\/product_cat?post=37642"},{"taxonomy":"product_tag","embeddable":true,"href":"https:\/\/tmandoutdoor.com\/it\/wp-json\/wp\/v2\/product_tag?post=37642"},{"taxonomy":"marque","embeddable":true,"href":"https:\/\/tmandoutdoor.com\/it\/wp-json\/wp\/v2\/marque?post=37642"}],"curies":[{"name":"wp","href":"https:\/\/api.w.org\/{rel}","templated":true}]}}