{"id":3392,"date":"2023-11-20T17:23:19","date_gmt":"2023-11-20T16:23:19","guid":{"rendered":"https:\/\/tmandoutdoor.com\/produit\/stoppino-di-cotone-sabbia\/"},"modified":"2025-07-16T22:40:53","modified_gmt":"2025-07-16T20:40:53","slug":"stoppino-di-cotone-sabbia","status":"publish","type":"product","link":"https:\/\/tmandoutdoor.com\/it\/prodotto\/stoppino-di-cotone-sabbia\/","title":{"rendered":"Stoppino di cotone (sabbia)"},"content":{"rendered":"<p><span style=\"background-color: #ffffff;\">Materiale: 100% cotone <\/span><\/p>\n<p><span style=\"background-color: #ffffff;\">Dimensioni: circa 250*85 cm<\/span><\/p>\n","protected":false},"excerpt":{"rendered":"<p>Ispirato allo ch\u00e8che dell&#8217;esercito francese degli anni &#8217;50, questo ch\u00e8che in cotone \u00e8 un capo senza tempo, adatto sia alla stagione calda che a quella fredda.<\/p>\n<p>Tessuto morbido e confortevole.<\/p>\n","protected":false},"featured_media":6136,"comment_status":"closed","ping_status":"closed","template":"","meta":[],"product_brand":[],"product_cat":[275],"product_tag":[],"marque":[],"class_list":{"0":"post-3392","1":"product","2":"type-product","3":"status-publish","4":"has-post-thumbnail","6":"product_cat-accessori","7":"product_shipping_class-shipping-it","9":"first","10":"outofstock","11":"taxable","12":"shipping-taxable","13":"purchasable","14":"product-type-simple"},"aioseo_notices":[],"_links":{"self":[{"href":"https:\/\/tmandoutdoor.com\/it\/wp-json\/wp\/v2\/product\/3392","targetHints":{"allow":["GET"]}}],"collection":[{"href":"https:\/\/tmandoutdoor.com\/it\/wp-json\/wp\/v2\/product"}],"about":[{"href":"https:\/\/tmandoutdoor.com\/it\/wp-json\/wp\/v2\/types\/product"}],"replies":[{"embeddable":true,"href":"https:\/\/tmandoutdoor.com\/it\/wp-json\/wp\/v2\/comments?post=3392"}],"wp:featuredmedia":[{"embeddable":true,"href":"https:\/\/tmandoutdoor.com\/it\/wp-json\/wp\/v2\/media\/6136"}],"wp:attachment":[{"href":"https:\/\/tmandoutdoor.com\/it\/wp-json\/wp\/v2\/media?parent=3392"}],"wp:term":[{"taxonomy":"product_brand","embeddable":true,"href":"https:\/\/tmandoutdoor.com\/it\/wp-json\/wp\/v2\/product_brand?post=3392"},{"taxonomy":"product_cat","embeddable":true,"href":"https:\/\/tmandoutdoor.com\/it\/wp-json\/wp\/v2\/product_cat?post=3392"},{"taxonomy":"product_tag","embeddable":true,"href":"https:\/\/tmandoutdoor.com\/it\/wp-json\/wp\/v2\/product_tag?post=3392"},{"taxonomy":"marque","embeddable":true,"href":"https:\/\/tmandoutdoor.com\/it\/wp-json\/wp\/v2\/marque?post=3392"}],"curies":[{"name":"wp","href":"https:\/\/api.w.org\/{rel}","templated":true}]}}