{"id":3032,"date":"2023-11-20T18:56:04","date_gmt":"2023-11-20T17:56:04","guid":{"rendered":"https:\/\/tmandoutdoor.com\/produit\/maglione-con-bottoni-da-marinaio-100-lana\/"},"modified":"2023-11-20T18:56:04","modified_gmt":"2023-11-20T17:56:04","slug":"maglione-con-bottoni-da-marinaio-100-lana","status":"publish","type":"product","link":"https:\/\/tmandoutdoor.com\/it\/prodotto\/maglione-con-bottoni-da-marinaio-100-lana\/","title":{"rendered":"Maglione con bottoni da marinaio (100% lana)"},"content":{"rendered":"<h3><\/h3>\n<ul style=\"list-style-type:square;\">\n<li><span style=\"color:#000000;\">Collo rotondo<\/span><\/li>\n<li><span style=\"color:#000000;\">Materiale: 100% lana<\/span><\/li>\n<li><span style=\"color:#000000;\">Colore: blu navy<\/span><\/li>\n<li><span style=\"color:#000000;\">Lavabile in lavatrice con programma lana<\/span><\/li>\n<li><span style=\"color:#000000;\">Resistente all&#8217;acqua di mare<\/span><\/li>\n<\/ul>\n<h3><\/h3>\n<p style=\"margin:0px 0px 1em;padding:0px;border:0px;line-height:inherit;font-family:Arial, Helvetica, sans-serif;font-size:13px;vertical-align:baseline;min-height:1px;\"><span style=\"margin:0px;padding:0px;border:0px;font-style:inherit;font-variant:inherit;font-weight:inherit;line-height:inherit;font-family:inherit;vertical-align:baseline;color:#000000;\">*Il <strong style=\"margin:0px;padding:0px;border:0px;font-style:inherit;font-variant:inherit;line-height:inherit;font-family:inherit;vertical-align:baseline;\"> certificato Oeko-Tex\u00ae<\/strong> garantisce che i nostri prodotti non contengono sostanze nocive per la salute. L&#8217;Oeko-Tex\u00ae Standard 100 \u00e8 un sistema di certificazione internazionale e il primo marchio che garantisce la salubrit\u00e0 dei tessuti. La certificazione Oeko-Tex\u00ae indica che i prodotti sono stati testati e non contengono sostanze chimiche o prodotti presumibilmente dannosi per la salute.<\/span><\/p>\n<h3><\/h3>\n<h2><span style=\"color:#000000;\">Perch\u00e9 scegliere un maglione di lana di qualit\u00e0?  <\/span><\/h2>\n<ul style=\"color:#666666;font-family:Roboto, sans-serif, google;font-size:15px;background-color:#f7f7f7;\">\n<li><span style=\"color:#000000;\"><span style=\"font-weight:600;\">Caldo<\/span> &#8211; la lana trattiene il calore corporeo perch\u00e9 \u00e8 un ottimo isolante, anche quando \u00e8 bagnata.<\/span><\/li>\n<li><span style=\"color:#000000;\"><span style=\"font-weight:600;\">Utile tutto l&#8217;anno<\/span>, sia che fuori faccia solo fresco sia che faccia molto freddo, e in teoria anche in estate, perch\u00e9 la lana isola anche dal caldo. \u00c8 termoregolatore.<\/span><\/li>\n<li><span style=\"color:#000000;\"><span style=\"font-weight:600;\">Leggerezza<\/span> &#8211; la lana ha un eccellente rapporto peso-calore.<\/span><\/li>\n<li><span style=\"color:#000000;\"><span style=\"font-weight:600;\">Lavabile in lavatrice con programma lana.<\/span>  Lo sporco si rimuove facilmente.  <\/span><\/li>\n<li><span style=\"color:#000000;\"><span style=\"font-weight:600;\">\u00c8 traspirante e traspirante<\/span>, per mantenervi asciutti. Lo sviluppo degli acari \u00e8 limitato.<\/span><\/li>\n<li><span style=\"color:#000000;\"><span style=\"font-weight:600;\">Nessun odore di sudore<\/span>: la lana \u00e8 naturalmente antibatterica.<\/span><\/li>\n<li><span style=\"color:#000000;\"><span style=\"font-weight:600;\">Bassissima infiammabilit\u00e0<\/span>: non \u00e8 necessario utilizzare sostanze chimiche per renderlo ignifugo.<\/span><\/li>\n<li><span style=\"color:#000000;\"><span style=\"font-weight:600;\">Ecologico<\/span> &#8211; la lana \u00e8 naturale, biodegradabile e rinnovabile.<\/span><\/li>\n<\/ul>\n","protected":false},"excerpt":{"rendered":"<p><span style=\"color:#000000;\">Un elegante maglione navy in pura lana da indossare per le vacanze al mare o per tutti i giorni.<\/span><\/p>\n<p><span style=\"color:#000000;\">Resistente all&#8217;acqua di mare.<\/span><\/p>\n<h3><span style=\"color:#000000;\"><strong style=\"margin:0px;padding:0px;border:0px;line-height:inherit;font-family:Arial, Helvetica, sans-serif;font-size:13px;vertical-align:baseline;color:#484848;\">Certificazione Oeko-Tex\u00ae 100*<\/strong><\/span><\/h3>\n<p><span style=\"color:#000000;\"><strong>Prodotto in Belgio<\/strong><\/span><\/p><\/p>\n","protected":false},"featured_media":0,"comment_status":"open","ping_status":"closed","template":"","meta":[],"product_brand":[],"product_cat":[251],"product_tag":[],"marque":[],"class_list":{"0":"post-3032","1":"product","2":"type-product","3":"status-publish","5":"product_cat-non-classificato","7":"first","8":"instock","9":"taxable","10":"shipping-taxable","11":"purchasable","12":"product-type-variable"},"aioseo_notices":[],"_links":{"self":[{"href":"https:\/\/tmandoutdoor.com\/it\/wp-json\/wp\/v2\/product\/3032","targetHints":{"allow":["GET"]}}],"collection":[{"href":"https:\/\/tmandoutdoor.com\/it\/wp-json\/wp\/v2\/product"}],"about":[{"href":"https:\/\/tmandoutdoor.com\/it\/wp-json\/wp\/v2\/types\/product"}],"replies":[{"embeddable":true,"href":"https:\/\/tmandoutdoor.com\/it\/wp-json\/wp\/v2\/comments?post=3032"}],"wp:attachment":[{"href":"https:\/\/tmandoutdoor.com\/it\/wp-json\/wp\/v2\/media?parent=3032"}],"wp:term":[{"taxonomy":"product_brand","embeddable":true,"href":"https:\/\/tmandoutdoor.com\/it\/wp-json\/wp\/v2\/product_brand?post=3032"},{"taxonomy":"product_cat","embeddable":true,"href":"https:\/\/tmandoutdoor.com\/it\/wp-json\/wp\/v2\/product_cat?post=3032"},{"taxonomy":"product_tag","embeddable":true,"href":"https:\/\/tmandoutdoor.com\/it\/wp-json\/wp\/v2\/product_tag?post=3032"},{"taxonomy":"marque","embeddable":true,"href":"https:\/\/tmandoutdoor.com\/it\/wp-json\/wp\/v2\/marque?post=3032"}],"curies":[{"name":"wp","href":"https:\/\/api.w.org\/{rel}","templated":true}]}}