{"id":30269,"date":"2025-12-18T11:50:05","date_gmt":"2025-12-18T10:50:05","guid":{"rendered":"https:\/\/tmandoutdoor.com\/produit\/razione-di-sopravvivenza-mre-meal-ready-to-eat\/"},"modified":"2026-02-19T15:46:11","modified_gmt":"2026-02-19T14:46:11","slug":"razione-di-sopravvivenza-mre-meal-ready-to-eat","status":"publish","type":"product","link":"https:\/\/tmandoutdoor.com\/it\/prodotto\/razione-di-sopravvivenza-mre-meal-ready-to-eat\/","title":{"rendered":"Razione MRE autoriscaldante &#8211; pasto pronto dell&#8217;esercito americano"},"content":{"rendered":"<h2 id=\"ration-mre-autochauffante-24h-apport-energetique-1-250-kcal\">Razione MRE autoriscaldante: apporto energetico 1250 kcal<\/h2>\n<p>Con 1.250 kcal per porzione, questa <strong>razione<\/strong> garantisce un eccellente <strong>apporto energetico<\/strong> durante una marcia forzata o un bivacco. Il 13% di proteine, il 36% di grassi e il 51% di carboidrati assicurano un rilascio graduale di <strong>calorie<\/strong> per sostenere lo sforzo. Le razioni alimentari di questo tipo sono molto apprezzate dai <strong>militari<\/strong>, ma anche dagli amanti <strong>della sopravvivenza<\/strong> e del campeggio.  <\/p>\n<h3 id=\"pourquoi-choisir-cette-ration-de-combat\">Perch\u00e9 scegliere questa razione da combattimento?<\/h3>\n<ol>\n<li>Formato compatto (da 650 g a 900 g) e sacchetto impermeabile per una lunga <strong>conservazione<\/strong> senza refrigerazione.<\/li>\n<li>Stufa senza fiamma da incasso: pronta in 5 minuti, non richiede fuoco, ideale per le aree sensibili.<\/li>\n<li>Una razione sperimentata sul campo dall&#8217;esercito americano, derivata dalle famose razioni da combattimento MRE.<\/li>\n<li>Si conserva per diversi anni: perfetto come cibo di emergenza a casa o in spedizione.<\/li>\n<\/ol>\n<h3 id=\"menu-b-uf-biscuits-et-boissons-un-gout-reconfortant\">Menu con manzo, biscotti e bevande: un gusto confortante<\/h3>\n<p>Ogni pasto completo comprende una portata principale (ad esempio un chili <strong>di manzo<\/strong> o uno stufato aromatizzato), <strong>biscotti<\/strong> energetici, un dessert e <strong>bevande<\/strong> (caff\u00e8, bevande vitaminiche). In questo modo si ottiene un pasto pronto da mangiare con un <strong>gusto<\/strong> studiato per limitare l&#8217;affaticamento durante le operazioni. Sono disponibili anche opzioni vegetariane per variare il menu.  <\/p>\n<h3 id=\"ration-mre-autochauffante-preparation-simple-rechaud-sans-flamme\">Razione MRE autoriscaldante: preparazione semplice, fornello senza fiamma<\/h3>\n<p>Versa 60 ml di acqua nella borsa termica, inserisci il piatto e attendi 5 minuti: \u00e8 pronto! Questo sistema si distingue per la sua discrezione: non emette n\u00e9 fiamme n\u00e9 fumo, limitando la traccia di calore in combattimento. Un grande vantaggio per le <strong>razioni militari<\/strong> e per tutti gli amanti dei pasti pronti che vogliono viaggiare leggeri.  <\/p>\n<h3 id=\"concue-pour-le-terrain-militaire-la-survie-et-le-camping\">Progettato per l&#8217;uso militare, la sopravvivenza e il campeggio<\/h3>\n<p>Sviluppato a partire dalle razioni da combattimento MRE dell&#8217;<strong>esercito americano<\/strong>, questo pacchetto \u00e8 resistente agli urti, alle temperature estreme e all&#8217;umidit\u00e0. Combina tutti gli elementi necessari: posate monouso, salviette, condimenti e gomme da masticare. Se ti stai preparando per un trekking di 24 ore, una missione operativa o un kit alimentare di emergenza, questa razione soddisfer\u00e0 le tue esigenze.  <\/p>\n<h3 id=\"ration-mre-autochauffante-24h-et-version-legere-mre-autochauffante-12h\">Razione MRE autoriscaldante 12 ore<\/h3>\n<p>Per le consegne rapide, la versione <strong>MRE autoriscaldante da 12 ore<\/strong> mantiene lo stesso principio ma \u00e8 limitata a 600 kcal, per coprire mezza giornata. Puoi comporre la tua confezione da 24 o 48 ore combinando diverse unit\u00e0 in base al tuo fabbisogno di <strong>kcal<\/strong>. <\/p>\n<h3 id=\"ration-mre-autochauffante-fiche-technique\">Razione MRE autoriscaldante: scheda tecnica<\/h3>\n<ol>\n<li>Peso: da 650 g a 900 g, formato rettangolare 24 \u00d7 15 \u00d7 7 cm.<\/li>\n<li>Energia: 1.250 kcal (5 kcal per grammo).<\/li>\n<li>Contenuto: piatto principale <strong>a base di chili<\/strong> o stufato, contorno di riso o pur\u00e8 di patate, dessert, bevande in polvere.<\/li>\n<li>Include: set di posate, tovagliolo, fiammiferi, sale e pepe.<\/li>\n<li>Durata di conservazione garantita: minimo 5 anni.<\/li>\n<\/ol>\n<h3 id=\"ration-mre-autochauffante-24h-nos-engagements\">Razione di MRE autoriscaldante di 12 ore: i nostri impegni<\/h3>\n<p>Consegniamo razioni americane sigillate e fresche di data per garantire la massima <strong>durata di<\/strong> conservazione. Acquista subito la tua <strong>razione autoriscaldante MRE<\/strong> e parti con la coscienza pulita: avrai sempre un <strong>pasto<\/strong> affidabile, pronto e ricco di kcal ovunque ti porti la tua avventura. <\/p>\n<p>Menu disponibili :<\/p>\n<div>&#8211; <strong>MENU<\/strong> <strong>1: <\/strong>chili di fagioli rossi<\/div>\n<div>&#8211; <strong>MENU<\/strong> <strong>2: <\/strong>Tagliata di manzo con salsa barbecue<\/div>\n<div>&#8211; <strong>MENU<\/strong> <strong>3: <\/strong>pollo, tagliatelle e verdure in salsa<\/div>\n<div>&#8211; <strong>MENU<\/strong> <strong>4: <\/strong>spaghetti al sugo di manzo<\/div>\n<div>&#8211; <strong>MENU 5: <\/strong>pollo a dadini<br \/>\n&#8211; <strong>MENU<\/strong> <strong>6: <\/strong>taco di manzo<br \/>\n&#8211; <strong>MENU<\/strong> <strong>7: <\/strong>straccetti di manzo in salsa di pomodoro<\/div>\n<div>&#8211; <strong>MENU<\/strong> <strong>8: <\/strong>polpette in salsa marinara<\/div>\n<div>&#8211; <strong>MENU<\/strong> <strong>9: <\/strong>spezzatino di manzo<br \/>\n&#8211; <strong>MENU<\/strong> <strong>10: <\/strong>chili e maccheroni<br \/>\n&#8211; <strong>MENU<\/strong> <strong>11: <\/strong>sbriciolata di verdure e pasta con salsa taco<\/div>\n<div>&#8211; <strong>MENU<\/strong> <strong>12: <\/strong>coquillettes con salsa di pomodoro<br \/>\n&#8211; <strong>MENU<\/strong> <strong>13: <\/strong>tortellini con formaggio e salsa di pomodoro<br \/>\n&#8211; <strong>MENU<\/strong> <strong>14: <\/strong>fettuccine con spinaci e funghi in salsa di panna<br \/>\n&#8211; <strong>MENU<\/strong> <strong>15: <\/strong>stufato di pollo alla messicana<br \/>\n&#8211; <strong>MENU<\/strong> <strong>16: <\/strong>burrito bowl di pollo<\/div>\n<div>&#8211; <strong>MENU 17: <\/strong>salsiccia di maiale, aroma di acero<br \/>\n&#8211; <strong>MENU<\/strong> <strong>18:<\/strong> ravioli di manzo, sugo di carne<br \/>\n<strong>&#8211; MENU 19: <\/strong>bistecca con formaggio al peperoncino<\/div>\n<div>&#8211; <strong>MENU<\/strong> <strong>20: <\/strong>pentola di patate grattugiate con pancetta, cipolle e peperoni<strong><br \/>\n&#8211; MENU 21: <\/strong>fiocchi di tonno al naturale con pepe al limone<\/div>\n<div>&#8211; <strong>MENU 22: <\/strong>Manzo con riso integrale, spinaci, carote, pomodori e paprika affumicata<\/div>\n<div>&#8211; <strong>MENU<\/strong> <strong>23: <\/strong>trancio di pizza, salame piccante<\/div>\n<div>&#8211; <strong>MENU<\/strong> <strong>24: <\/strong>Manzo del sud-ovest con fagioli neri<\/div>\n<p>&nbsp;<\/p>\n","protected":false},"excerpt":{"rendered":"<p>La razione autoriscaldante MRE offre un pasto completo da 1.250 kcal pronto da mangiare, creato per l&#8217;esercito americano: fornello senza fiamma, menu vario, lunga durata di conservazione, ideale per la sopravvivenza, l&#8217;escursionismo e il campeggio.<\/p>\n","protected":false},"featured_media":30581,"comment_status":"closed","ping_status":"closed","template":"","meta":[],"product_brand":[1913],"product_cat":[445,430,1928,434],"product_tag":[],"marque":[],"class_list":{"0":"post-30269","1":"product","2":"type-product","3":"status-publish","4":"has-post-thumbnail","6":"product_brand-us-army","7":"product_cat-accessori-allaperto","8":"product_cat-cosa-ce-di-nuovo","9":"product_cat-mettere-insieme-il-mio-zaino-di-sopravvivenza","10":"product_cat-tendenze","12":"first","13":"instock","14":"taxable","15":"shipping-taxable","16":"purchasable","17":"product-type-simple"},"aioseo_notices":[],"_links":{"self":[{"href":"https:\/\/tmandoutdoor.com\/it\/wp-json\/wp\/v2\/product\/30269","targetHints":{"allow":["GET"]}}],"collection":[{"href":"https:\/\/tmandoutdoor.com\/it\/wp-json\/wp\/v2\/product"}],"about":[{"href":"https:\/\/tmandoutdoor.com\/it\/wp-json\/wp\/v2\/types\/product"}],"replies":[{"embeddable":true,"href":"https:\/\/tmandoutdoor.com\/it\/wp-json\/wp\/v2\/comments?post=30269"}],"wp:featuredmedia":[{"embeddable":true,"href":"https:\/\/tmandoutdoor.com\/it\/wp-json\/wp\/v2\/media\/30581"}],"wp:attachment":[{"href":"https:\/\/tmandoutdoor.com\/it\/wp-json\/wp\/v2\/media?parent=30269"}],"wp:term":[{"taxonomy":"product_brand","embeddable":true,"href":"https:\/\/tmandoutdoor.com\/it\/wp-json\/wp\/v2\/product_brand?post=30269"},{"taxonomy":"product_cat","embeddable":true,"href":"https:\/\/tmandoutdoor.com\/it\/wp-json\/wp\/v2\/product_cat?post=30269"},{"taxonomy":"product_tag","embeddable":true,"href":"https:\/\/tmandoutdoor.com\/it\/wp-json\/wp\/v2\/product_tag?post=30269"},{"taxonomy":"marque","embeddable":true,"href":"https:\/\/tmandoutdoor.com\/it\/wp-json\/wp\/v2\/marque?post=30269"}],"curies":[{"name":"wp","href":"https:\/\/api.w.org\/{rel}","templated":true}]}}