{"id":30062,"date":"2025-12-13T19:09:37","date_gmt":"2025-12-13T18:09:37","guid":{"rendered":"https:\/\/tmandoutdoor.com\/produit\/giacca-militare-m64\/"},"modified":"2026-01-14T17:49:30","modified_gmt":"2026-01-14T16:49:30","slug":"giacca-militare-m64","status":"publish","type":"product","link":"https:\/\/tmandoutdoor.com\/it\/prodotto\/giacca-militare-m64\/","title":{"rendered":"Giacca M64 dell&#8217;esercito francese: autenticit\u00e0, robustezza e comfort all&#8217;aperto"},"content":{"rendered":"<h2 id=\"une-authentique-veste-de-l-armee-francaise-taillee-pour-l-action\">Un&#8217;autentica giacca dell&#8217;esercito francese per l&#8217;azione<\/h2>\n<p>Questa <strong>autentica giacca M64<\/strong> veniva indossata dalle unit\u00e0 <strong>dell&#8217;esercito francese<\/strong>. Conserva il suo design vintage M64 e una vestibilit\u00e0 leggermente ampia che permette di indossare facilmente strati termici quando la temperatura scende. <\/p>\n<h2 id=\"principaux-atouts-de-la-veste-militaire-m64\">I vantaggi principali della giacca militare M64<\/h2>\n<ol>\n<li>Tessuto da 300 g\/m\u00b2 in 100% <strong>cotone satinato<\/strong>: traspirante, confortevole e abbastanza <strong>resistente<\/strong> da sopportare le abrasioni.<\/li>\n<li>Sistema di <strong>coulisse<\/strong> in vita e sull&#8217;orlo per una protezione antivento e una vita regolabile su misura.<\/li>\n<li>Cappuccio staccabile e abbottonatura: si adatta immediatamente alle condizioni atmosferiche.<\/li>\n<li>Full button-down: facile da riparare lontano dalla base, autentico look militare.<\/li>\n<\/ol>\n<h2 id=\"rangements-fonctionnels-place-pour-tout-votre-equipement\">Un magazzino funzionale: spazio per tutte le tue attrezzature<\/h2>\n<p>Che si tratti di escursioni, bushcrafting o airsoft, questo gilet da combattimento ti permetter\u00e0 di essere sempre organizzato:<\/p>\n<ol>\n<li>2 tasche sul petto con zip per tenere al sicuro carte, telefoni o tasche extra.<\/li>\n<li>2 tasche laterali con bottoni per guanti, razioni o una piccola torcia.<\/li>\n<li>Spalline militari per applicare il grado o la bussola.<\/li>\n<\/ol>\n<p>Le robuste cerniere e i bottoni sono progettati per durare nel tempo, anche in caso di uso intensivo come giacca da combattimento.<\/p>\n<h2 id=\"caracteristiques-techniques-detaillees\">Specifiche tecniche dettagliate<\/h2>\n<ol>\n<li>Materiale: cotone sateen da 300 g\/m\u00b2 (ripstop non mescolato).<\/li>\n<li>Peso: \u2248 2 kg costanti a seconda delle dimensioni.<\/li>\n<li>Taglie disponibili: 92 L (spalle 46 cm, petto 46 cm, manica 62 cm) e 108 L (spalle 48 cm, petto 52 cm, manica 62 cm).<\/li>\n<li>Colori: verde oliva \/ kaki per un&#8217;eccellente mimetizzazione.<\/li>\n<\/ol>\n<h3 id=\"pourquoi-choisir-cette-veste\">Perch\u00e9 scegliere questa giacca?<\/h3>\n<p>L&#8217;M64 \u00e8 pi\u00f9 di una semplice giacca: \u00e8 un pezzo di storia militare, un capo essenziale acclamato per il suo comfort, la sua modularit\u00e0 e la sua durata. Che tu sia un collezionista, un avventuriero o un appassionato di stile militare, questa giacca ti accompagner\u00e0 a lungo sui sentieri, al poligono di tiro o in citt\u00e0. <\/p>\n<h3 id=\"conseils-d-entretien\">Consigli per la manutenzione<\/h3>\n<p>Lava la giacca a 30\u00b0C con un ciclo delicato per preservare il colore vintage e la resistenza del tessuto. Si consiglia l&#8217;asciugatura all&#8217;aria. Dopo le tue spedizioni, spazzola via il fango.  <\/p>\n<p>Aggiungi subito la <strong>giacca militare dell&#8217;esercito francese M64<\/strong> al tuo abbigliamento: avrai un capo leggendario e versatile pronto per la tua prossima missione.<\/p>\n<p><\/p>\n","protected":false},"excerpt":{"rendered":"<p>Scopri la M64 French Army Jacket, un&#8217;autentica giacca da combattimento in cotone satinato da 300 g\/m\u00b2, traspirante, resistente e modulare, con ampie e pratiche tasche per tutte le tue attivit\u00e0 all&#8217;aperto.<\/p>\n","protected":false},"featured_media":30109,"comment_status":"closed","ping_status":"closed","template":"","meta":[],"product_brand":[],"product_cat":[430,1813,444,434,277],"product_tag":[],"marque":[],"class_list":{"0":"post-30062","1":"product","2":"type-product","3":"status-publish","4":"has-post-thumbnail","6":"product_cat-cosa-ce-di-nuovo","7":"product_cat-originali","8":"product_cat-parte-superiore","9":"product_cat-tendenze","10":"product_cat-uomo","12":"first","13":"instock","14":"taxable","15":"shipping-taxable","16":"purchasable","17":"product-type-variable"},"aioseo_notices":[],"_links":{"self":[{"href":"https:\/\/tmandoutdoor.com\/it\/wp-json\/wp\/v2\/product\/30062","targetHints":{"allow":["GET"]}}],"collection":[{"href":"https:\/\/tmandoutdoor.com\/it\/wp-json\/wp\/v2\/product"}],"about":[{"href":"https:\/\/tmandoutdoor.com\/it\/wp-json\/wp\/v2\/types\/product"}],"replies":[{"embeddable":true,"href":"https:\/\/tmandoutdoor.com\/it\/wp-json\/wp\/v2\/comments?post=30062"}],"wp:featuredmedia":[{"embeddable":true,"href":"https:\/\/tmandoutdoor.com\/it\/wp-json\/wp\/v2\/media\/30109"}],"wp:attachment":[{"href":"https:\/\/tmandoutdoor.com\/it\/wp-json\/wp\/v2\/media?parent=30062"}],"wp:term":[{"taxonomy":"product_brand","embeddable":true,"href":"https:\/\/tmandoutdoor.com\/it\/wp-json\/wp\/v2\/product_brand?post=30062"},{"taxonomy":"product_cat","embeddable":true,"href":"https:\/\/tmandoutdoor.com\/it\/wp-json\/wp\/v2\/product_cat?post=30062"},{"taxonomy":"product_tag","embeddable":true,"href":"https:\/\/tmandoutdoor.com\/it\/wp-json\/wp\/v2\/product_tag?post=30062"},{"taxonomy":"marque","embeddable":true,"href":"https:\/\/tmandoutdoor.com\/it\/wp-json\/wp\/v2\/marque?post=30062"}],"curies":[{"name":"wp","href":"https:\/\/api.w.org\/{rel}","templated":true}]}}