{"id":25795,"date":"2025-09-13T16:06:19","date_gmt":"2025-09-13T14:06:19","guid":{"rendered":"https:\/\/tmandoutdoor.com\/produit\/secu-one-gel-per-la-difesa-del-pepe-aerosol-100-ml-con-impugnatura\/"},"modified":"2025-09-13T16:06:23","modified_gmt":"2025-09-13T14:06:23","slug":"secu-one-gel-per-la-difesa-del-pepe-aerosol-100-ml-con-impugnatura","status":"publish","type":"product","link":"https:\/\/tmandoutdoor.com\/it\/prodotto\/secu-one-gel-per-la-difesa-del-pepe-aerosol-100-ml-con-impugnatura\/","title":{"rendered":"S\u00c9CU-ONE gel per la difesa del pepe aerosol 100 ml con impugnatura"},"content":{"rendered":"<div class=\"pictos\"><a title=\"Vietate le vendite ai minatori\"><img decoding=\"async\" src=\"https:\/\/media.a10-equipment.com\/media\/\/sync\/picto\/x74\/Vente-interdite-aux-mineurs.jpg\" alt=\"Vietate le vendite ai minatori\"><\/a><a title=\"A10-gamma-2m\"><img decoding=\"async\" src=\"https:\/\/media.a10-equipment.com\/media\/\/sync\/picto\/x74\/A10-range-2m.jpg\" alt=\"A10-gamma-2m\"><\/a><a title=\"A10-formula forte\"><img decoding=\"async\" src=\"https:\/\/media.a10-equipment.com\/media\/\/sync\/picto\/x74\/A10-strong-formula.jpg\" alt=\"A10-formula forte\"><\/a><\/div>\n<div id=\"description\" class=\"product-description\">\n<div class=\"content std\"><\/div>\n<\/div>\n<div id=\"fiche-technique\" class=\"product-description\">\n<div class=\"title\">Dati tecnici<\/div>\n<div class=\"content std\"><strong>TECNICIT\u00c0:<\/strong><br \/>\n&#8211; tipo di propulsione: gel<br \/>\n&#8211; principio attivo: pepe OC<br \/>\n&#8211; distanza operativa: 2 metri<br \/>\n&#8211; durata dell&#8217;effetto: da 15 a 30 minuti a seconda della persona e della dose ricevuta<br \/>\n&#8211; azione immediata ed efficace<br \/>\n&#8211; uno spray molto preciso e a lunga gittata che si trasforma in liquido quando entra in contatto con il viso dell&#8217;aggressore<br \/>\n&#8211; elica per limitare l&#8217;impatto del vento<br \/>\n&#8211; permette all&#8217;attaccante di essere preso di mira senza influenzare chi gli sta intorno<br \/>\n&#8211; agisce anche su persone sotto l&#8217;effetto di alcol e\/o droghe e su animali pericolosi.<br \/>\n&#8211; adatto per uso interno ed esternoERGONOMIA :<br \/>\n&#8211; ugello protetto da una valvola di sicurezza per evitare un&#8217;attivazione accidentale<br \/>\n&#8211; clip per cintura<\/div>\n<div><\/div>\n<div><strong>ERGONOMIA:<\/strong><br \/>\n&#8211; manico<br \/>\n&#8211; perno di sicurezza<\/div>\n<div><\/div>\n<div class=\"content std\"><strong>CONSIGLI PER L&#8217;USO:<\/strong><br \/>\n&#8211; non \u00e8 necessario agitare l&#8217;aerosol prima dell&#8217;uso.<br \/>\n&#8211; mantenere una distanza minima di 1 o 2 metri<br \/>\n&#8211; premi con decisione il pulsante in direzione dell&#8217;aggressore (viso), con il braccio teso davanti a te e la bomboletta in posizione verticale.<br \/>\n&#8211; continua a spruzzare sul viso dell&#8217;aggressore per assicurarti di raggiungere i suoi occhi finch\u00e9 non abbassa la testa e non riesce pi\u00f9 a guardare nella tua direzione<br \/>\n&#8211; allontanati dall&#8217;area di gasatura PERICOLO :<br \/>\n&#8211; agisce sulle terminazioni nervose<br \/>\n&#8211; aumenta la secrezione lacrimale<br \/>\n&#8211; scatena reazioni infiammatorie nelle membrane mucose<br \/>\n&#8211; occhi arrossati<br \/>\n&#8211; gonfia le palpebre<br \/>\n&#8211; sensazione di ustioni cutanee molto dolorose<br \/>\n&#8211; provoca disorientamento, fuga o incapacit\u00e0 di agire da parte dei tuoi aggressori<br \/>\n&#8211; senza rischi per l&#8217;utente<br \/>\n&#8211; immagazzinare in verticale<br \/>\n&#8211; Tenere lontano da fonti di caloreDopo il primo utilizzo, ti consigliamo di sostituire l&#8217;aerosol in quanto non sar\u00e0 pi\u00f9 possibile determinare la quantit\u00e0 di principio attivo rimanente.Scheda di sicurezza disponibile su richiesta.<\/div>\n<div class=\"content std\">\n<p><strong>CAPACITA&#8217;: 100 ml<\/strong><\/p>\n<p>DIMENSIONI: \u00d8 4,5 x H. 19,5 cm<\/p>\n<p>PESO: 235 g<\/p>\n<p>LENTIZZAZIONE: 24 mesi<br \/>\nDIMENSIONI: disponibile anche in 25 ml, 75 ml, 100 ml e 100 ml con manico<\/p>\n<\/div>\n<\/div>\n","protected":false},"excerpt":{"rendered":"<p>Lo spray difensivo al pepe S\u00c9CU-ONE gel 100 ml con impugnatura \u00e8 potente e ad azione immediata. \u00c8 un alleato essenziale per neutralizzare il tuo aggressore a distanza. Pu\u00f2 essere utilizzato sia in casa che all&#8217;aperto.<br \/>\nGli spray difensivi a base di gel rientrano nella categoria D. L&#8217;attivazione di un aerosol deve avvenire per autodifesa. Deve essere una risposta immediata a un attacco.   <\/p>\n<p><a title=\"Vietate le vendite ai minatori\"><img decoding=\"async\" src=\"https:\/\/media.a10-equipment.com\/media\/\/sync\/picto\/x74\/Vente-interdite-aux-mineurs.jpg\" alt=\"Vietate le vendite ai minatori\"><\/a><a title=\"A10-gamma-2m\"><img decoding=\"async\" src=\"https:\/\/media.a10-equipment.com\/media\/\/sync\/picto\/x74\/A10-range-2m.jpg\" alt=\"A10-gamma-2m\"><\/a><a title=\"A10-formula forte\"><img decoding=\"async\" src=\"https:\/\/media.a10-equipment.com\/media\/\/sync\/picto\/x74\/A10-strong-formula.jpg\" alt=\"A10-formula forte\"><\/a><\/p>\n","protected":false},"featured_media":25617,"comment_status":"closed","ping_status":"closed","template":"","meta":[],"product_brand":[1287],"product_cat":[1310,430,1269,586],"product_tag":[],"marque":[1288],"class_list":{"0":"post-25795","1":"product","2":"type-product","3":"status-publish","4":"has-post-thumbnail","6":"product_brand-a10-equipment","7":"product_cat-bombola-di-gas-lacrimogeno","8":"product_cat-cosa-ce-di-nuovo","9":"product_cat-sicurezza-difesa","10":"product_cat-vietato-ai-minorenni","11":"marque-a10-equipment","13":"first","14":"instock","15":"taxable","16":"shipping-taxable","17":"purchasable","18":"product-type-simple"},"aioseo_notices":[],"_links":{"self":[{"href":"https:\/\/tmandoutdoor.com\/it\/wp-json\/wp\/v2\/product\/25795","targetHints":{"allow":["GET"]}}],"collection":[{"href":"https:\/\/tmandoutdoor.com\/it\/wp-json\/wp\/v2\/product"}],"about":[{"href":"https:\/\/tmandoutdoor.com\/it\/wp-json\/wp\/v2\/types\/product"}],"replies":[{"embeddable":true,"href":"https:\/\/tmandoutdoor.com\/it\/wp-json\/wp\/v2\/comments?post=25795"}],"wp:featuredmedia":[{"embeddable":true,"href":"https:\/\/tmandoutdoor.com\/it\/wp-json\/wp\/v2\/media\/25617"}],"wp:attachment":[{"href":"https:\/\/tmandoutdoor.com\/it\/wp-json\/wp\/v2\/media?parent=25795"}],"wp:term":[{"taxonomy":"product_brand","embeddable":true,"href":"https:\/\/tmandoutdoor.com\/it\/wp-json\/wp\/v2\/product_brand?post=25795"},{"taxonomy":"product_cat","embeddable":true,"href":"https:\/\/tmandoutdoor.com\/it\/wp-json\/wp\/v2\/product_cat?post=25795"},{"taxonomy":"product_tag","embeddable":true,"href":"https:\/\/tmandoutdoor.com\/it\/wp-json\/wp\/v2\/product_tag?post=25795"},{"taxonomy":"marque","embeddable":true,"href":"https:\/\/tmandoutdoor.com\/it\/wp-json\/wp\/v2\/marque?post=25795"}],"curies":[{"name":"wp","href":"https:\/\/api.w.org\/{rel}","templated":true}]}}