{"id":25792,"date":"2025-09-13T16:06:34","date_gmt":"2025-09-13T14:06:34","guid":{"rendered":"https:\/\/tmandoutdoor.com\/produit\/secu-one-pepe-gel-defence-aerosol-25-ml\/"},"modified":"2025-09-13T16:06:37","modified_gmt":"2025-09-13T14:06:37","slug":"secu-one-pepe-gel-defence-aerosol-25-ml","status":"publish","type":"product","link":"https:\/\/tmandoutdoor.com\/it\/prodotto\/secu-one-pepe-gel-defence-aerosol-25-ml\/","title":{"rendered":"S\u00c9CU-ONE pepe gel defence aerosol 25 ml"},"content":{"rendered":"<div class=\"pictos\"><a title=\"Vietate le vendite ai minatori\"><img decoding=\"async\" src=\"https:\/\/media.a10-equipment.com\/media\/\/sync\/picto\/x74\/Vente-interdite-aux-mineurs.jpg\" alt=\"Vietate le vendite ai minatori\"><\/a><a title=\"A10-gamma-1m\"><img decoding=\"async\" src=\"https:\/\/media.a10-equipment.com\/media\/\/sync\/picto\/x74\/A10-range-1m.jpg\" alt=\"A10-gamma-1m\"><\/a><a title=\"A10-formula forte\"><img decoding=\"async\" src=\"https:\/\/media.a10-equipment.com\/media\/\/sync\/picto\/x74\/A10-strong-formula.jpg\" alt=\"A10-formula forte\"><\/a><\/div>\n<div id=\"description\" class=\"product-description\">\n<div class=\"content std\"><\/div>\n<\/div>\n<div id=\"fiche-technique\" class=\"product-description\">\n<div class=\"title\">Dati tecnici<\/div>\n<div class=\"content std\"><strong>TECNICIT\u00c0:<\/strong><br \/>\n&#8211; tipo di propulsione: gel<br \/>\n&#8211; principio attivo: pepe OC<br \/>\n&#8211; distanza di utilizzo: 1 metro<br \/>\n&#8211; durata dell&#8217;efficacia : da 15 a 30 minuti, a seconda della persona e della dose ricevuta<br \/>\n&#8211; azione immediata ed efficace<br \/>\n&#8211; spray molto preciso e a lunga gittata che diventa liquido quando entra in contatto con il viso dell&#8217;aggressore<br \/>\n&#8211; il propellente limita l&#8217;impatto del vento<br \/>\n&#8211; permette di colpire l&#8217;aggressore senza influenzare le altre persone che lo circondano<br \/>\n&#8211; funziona anche su persone sotto l&#8217;effetto di alcol e\/o droghe e su animali pericolosi<br \/>\n&#8211; adatto per uso interno ed esterno<\/div>\n<div><\/div>\n<div class=\"content std\"><strong>ERGONOMIA:<\/strong><br \/>\n&#8211; ugello protetto da una valvola di sicurezza per evitare attivazioni accidentali<br \/>\n&#8211; clip da cintura<\/div>\n<div><\/div>\n<div class=\"content std\"><strong>CONSIGLI PER L&#8217;USO:<\/strong><br \/>\n&#8211; non \u00e8 necessario agitare la bomboletta prima dell&#8217;uso<br \/>\n&#8211; mantieni una distanza minima di 1 o 2 metri<br \/>\n&#8211; premi con forza il pulsante in direzione dell&#8217;aggressore (viso), con il braccio teso davanti a te e la bomboletta in posizione verticale<br \/>\n&#8211; continua a spruzzare sul viso dell&#8217;aggressore per assicurarti di raggiungere gli occhi fino a quando non abbassa la testa e non pu\u00f2 pi\u00f9 guardare nella tua direzione<br \/>\n&#8211; allontanati dall&#8217;area di gasazione<\/div>\n<div class=\"content std\">\n<p>&nbsp;<\/p>\n<p><strong>PERICOLO :<\/strong><br \/>\n&#8211; agisce sulle terminazioni nervose<br \/>\n&#8211; aumenta la secrezione lacrimale<br \/>\n&#8211; scatena reazioni infiammatorie nelle mucose<br \/>\n&#8211; arrossa gli occhi<br \/>\n&#8211; gonfia le palpebre<br \/>\n&#8211; sensazione di bruciore molto dolorosa sulla pelle<br \/>\n&#8211; provoca il disorientamento, la fuga o l&#8217;incapacit\u00e0 di agire del tuo aggressore<br \/>\n&#8211; nessun rischio per l&#8217;utilizzatore<br \/>\n&#8211; conservare in posizione verticale<br \/>\n&#8211; tenere lontano dal calore<\/p>\n<p>Dopo il primo utilizzo, ti consigliamo di sostituire l&#8217;aerosol perch\u00e9 non sarai pi\u00f9 in grado di determinare la quantit\u00e0 di principio attivo rimanente.<\/p>\n<p>Scheda di sicurezza disponibile su richiesta<\/p>\n<p><strong>CAPACIT\u00c0 : 25 ml<\/strong><\/p>\n<p>DIMENSIONI: \u00d8 2,5 x H. 11,5 cm<\/p>\n<p>PESO: 40 g<\/p>\n<p>Durata di conservazione: 24 mesi<\/p>\n<p>DECLINAZIONI: disponibili anche in formato 50 ml, 75 ml, 100 ml e 100 ml con manico<\/p>\n<\/div>\n<\/div>\n","protected":false},"excerpt":{"rendered":"<p>Lo spray al peperoncino S\u00c9CU-ONE 25 ml \u00e8 potente e ad azione immediata. \u00c8 un alleato essenziale per neutralizzare l&#8217;aggressore a distanza. Pu\u00f2 essere utilizzato sia in casa che all&#8217;aperto.  <\/p>\n<p>Gli spray difensivi a base di gel rientrano nella categoria D. L&#8217;attivazione di un aerosol deve avvenire per autodifesa. Deve essere una risposta immediata a un attacco. <\/p>\n<p><a title=\"Vietate le vendite ai minatori\"><img decoding=\"async\" src=\"https:\/\/media.a10-equipment.com\/media\/\/sync\/picto\/x74\/Vente-interdite-aux-mineurs.jpg\" alt=\"Vietate le vendite ai minatori\"><\/a><a title=\"A10-gamma-1m\"><img decoding=\"async\" src=\"https:\/\/media.a10-equipment.com\/media\/\/sync\/picto\/x74\/A10-range-1m.jpg\" alt=\"A10-gamma-1m\"><\/a><a title=\"A10-formula forte\"><img decoding=\"async\" src=\"https:\/\/media.a10-equipment.com\/media\/\/sync\/picto\/x74\/A10-strong-formula.jpg\" alt=\"A10-formula forte\"><\/a><\/p>\n","protected":false},"featured_media":25588,"comment_status":"closed","ping_status":"closed","template":"","meta":[],"product_brand":[1287],"product_cat":[1310,430,586],"product_tag":[],"marque":[1288],"class_list":{"0":"post-25792","1":"product","2":"type-product","3":"status-publish","4":"has-post-thumbnail","6":"product_brand-a10-equipment","7":"product_cat-bombola-di-gas-lacrimogeno","8":"product_cat-cosa-ce-di-nuovo","9":"product_cat-vietato-ai-minorenni","10":"marque-a10-equipment","12":"first","13":"instock","14":"taxable","15":"shipping-taxable","16":"purchasable","17":"product-type-simple"},"aioseo_notices":[],"_links":{"self":[{"href":"https:\/\/tmandoutdoor.com\/it\/wp-json\/wp\/v2\/product\/25792","targetHints":{"allow":["GET"]}}],"collection":[{"href":"https:\/\/tmandoutdoor.com\/it\/wp-json\/wp\/v2\/product"}],"about":[{"href":"https:\/\/tmandoutdoor.com\/it\/wp-json\/wp\/v2\/types\/product"}],"replies":[{"embeddable":true,"href":"https:\/\/tmandoutdoor.com\/it\/wp-json\/wp\/v2\/comments?post=25792"}],"wp:featuredmedia":[{"embeddable":true,"href":"https:\/\/tmandoutdoor.com\/it\/wp-json\/wp\/v2\/media\/25588"}],"wp:attachment":[{"href":"https:\/\/tmandoutdoor.com\/it\/wp-json\/wp\/v2\/media?parent=25792"}],"wp:term":[{"taxonomy":"product_brand","embeddable":true,"href":"https:\/\/tmandoutdoor.com\/it\/wp-json\/wp\/v2\/product_brand?post=25792"},{"taxonomy":"product_cat","embeddable":true,"href":"https:\/\/tmandoutdoor.com\/it\/wp-json\/wp\/v2\/product_cat?post=25792"},{"taxonomy":"product_tag","embeddable":true,"href":"https:\/\/tmandoutdoor.com\/it\/wp-json\/wp\/v2\/product_tag?post=25792"},{"taxonomy":"marque","embeddable":true,"href":"https:\/\/tmandoutdoor.com\/it\/wp-json\/wp\/v2\/marque?post=25792"}],"curies":[{"name":"wp","href":"https:\/\/api.w.org\/{rel}","templated":true}]}}