{"id":24473,"date":"2023-11-20T18:56:04","date_gmt":"2023-11-20T17:56:04","guid":{"rendered":"https:\/\/tmandoutdoor.com\/produit\/maglia-di-botones-marinero-100-lana\/"},"modified":"2023-11-20T18:56:04","modified_gmt":"2023-11-20T17:56:04","slug":"maglia-di-botones-marinero-100-lana","status":"publish","type":"product","link":"https:\/\/tmandoutdoor.com\/it\/prodotto\/maglia-di-botones-marinero-100-lana\/","title":{"rendered":"Maglia di botones marinero (100% lana)"},"content":{"rendered":"<h3><\/h3>\n<ul style=\"list-style-type: square;\">\n<li><span style=\"color: #000000;\">Cuello redondo<\/span><\/li>\n<li><span style=\"color: #000000;\">Materiale: 100% lana<\/span><\/li>\n<li><span style=\"color: #000000;\">Colore: azul marino<\/span><\/li>\n<li><span style=\"color: #000000;\">Lavabile in lavatrice con un ciclo che non lascia pelucchi<\/span><\/li>\n<li><span style=\"color: #000000;\">Resistente all&#8217;acqua di mare<\/span><\/li>\n<\/ul>\n<h3><\/h3>\n<p style=\"margin: 0px 0px 1em; padding: 0px; border: 0px; line-height: inherit; font-family: Arial, Helvetica, sans-serif; font-size: 13px; vertical-align: baseline; min-height: 1px;\"><span style=\"margin: 0px; padding: 0px; border: 0px; font-style: inherit; font-variant: inherit; font-weight: inherit; line-height: inherit; font-family: inherit; vertical-align: baseline; color: #000000;\">*Il <strong style=\"margin: 0px; padding: 0px; border: 0px; font-style: inherit; font-variant: inherit; line-height: inherit; font-family: inherit; vertical-align: baseline;\"> certificato Oeko-Tex\u00ae<\/strong> garantisce che i nostri prodotti non contengono prodotti nocivi per la salute. L&#8217;Oeko-Tex\u00ae Standard 100 \u00e8 un sistema di certificazione internazionale e il primo marchio che garantisce la salubrit\u00e0 dei prodotti tessili. La certificazione Oeko-Tex\u00ae indica che i prodotti sono stati testati e non contengono sostanze chimiche o prodotti presumibilmente nocivi per la salute.  <\/span><\/p>\n<h3><\/h3>\n<h2><span style=\"color: #000000;\">Per quale motivo scegliere una maglia di lana di qualit\u00e0?  <\/span><\/h2>\n<ul style=\"color: #666666; font-family: Roboto, sans-serif, google; font-size: 15px; background-color: #f7f7f7;\">\n<li><span style=\"color: #000000;\"><span style=\"font-weight: 600;\">C\u00e1lida<\/span>: la lana trattiene il calore del corpo perch\u00e9 \u00e8 un ottimo isolante, anche quando \u00e8 umida.<\/span><\/li>\n<li><span style=\"color: #000000;\">\u00c8 utile <span style=\"font-weight: 600;\">in tutto l&#8217;anno<\/span>, sia se c&#8217;\u00e8 fresco sia se c&#8217;\u00e8 molto freddo, e in teoria anche in inverno, perch\u00e9 la lana agisce anche sul calore. \u00c8 una termoregolatrice. <\/span><\/li>\n<li><span style=\"color: #000000;\"><span style=\"font-weight: 600;\">Ligereza<\/span>: la lana ha un ottimo rapporto peso-calorie.<\/span><\/li>\n<li><span style=\"color: #000000;\"><span style=\"font-weight: 600;\">Lavabile in lavatrice con programma anti-pelucchi.<\/span>  La suciedad si elimina facilmente.  <\/span><\/li>\n<li><span style=\"color: #000000;\">\u00c8 <span style=\"font-weight: 600;\">traspirante e assorbe l&#8217;umidit\u00e0<\/span>, mantenendosi seco. Lo sviluppo delle croste \u00e8 limitato. <\/span><\/li>\n<li><span style=\"color: #000000;\"><span style=\"font-weight: 600;\">Non \u00e8 un problema di traspirazione<\/span>: la lana \u00e8 antibatterica per natura.<\/span><\/li>\n<li><span style=\"color: #000000;\"><span style=\"font-weight: 600;\">Infiammabilit\u00e0 molto bassa<\/span>: non \u00e8 necessario utilizzare prodotti chimici per accenderla.<\/span><\/li>\n<li><span style=\"color: #000000;\"><span style=\"font-weight: 600;\">Eco-friendly<\/span>: la lana \u00e8 naturale, biodegradabile e rinnovabile.<\/span><\/li>\n<\/ul>\n","protected":false},"excerpt":{"rendered":"<p><span style=\"color: #000000;\">Un&#8217;elegante maglia blu marino di pura lana che potrai indossare sia durante le tue vacanze al mare che durante il giorno.<\/span><\/p>\n<p><span style=\"color: #000000;\">Resistente all&#8217;acqua di mare.<\/span><\/p>\n<h3><span style=\"color: #000000;\"><strong style=\"margin: 0px; padding: 0px; border: 0px; line-height: inherit; font-family: Arial, Helvetica, sans-serif; font-size: 13px; vertical-align: baseline; color: #484848;\">Certificazione Oeko-Tex\u00ae 100<\/strong><\/span><\/h3>\n<p><span style=\"color: #000000;\"><strong>Prodotto in B\u00e9lgica<\/strong><\/span><\/p>\n","protected":false},"featured_media":0,"comment_status":"closed","ping_status":"closed","template":"","meta":[],"product_brand":[],"product_cat":[251],"product_tag":[],"marque":[],"class_list":{"0":"post-24473","1":"product","2":"type-product","3":"status-publish","5":"product_cat-non-classificato","6":"product_shipping_class-shipping-it","8":"first","9":"instock","10":"taxable","11":"shipping-taxable","12":"purchasable","13":"product-type-variable"},"aioseo_notices":[],"_links":{"self":[{"href":"https:\/\/tmandoutdoor.com\/it\/wp-json\/wp\/v2\/product\/24473","targetHints":{"allow":["GET"]}}],"collection":[{"href":"https:\/\/tmandoutdoor.com\/it\/wp-json\/wp\/v2\/product"}],"about":[{"href":"https:\/\/tmandoutdoor.com\/it\/wp-json\/wp\/v2\/types\/product"}],"replies":[{"embeddable":true,"href":"https:\/\/tmandoutdoor.com\/it\/wp-json\/wp\/v2\/comments?post=24473"}],"wp:attachment":[{"href":"https:\/\/tmandoutdoor.com\/it\/wp-json\/wp\/v2\/media?parent=24473"}],"wp:term":[{"taxonomy":"product_brand","embeddable":true,"href":"https:\/\/tmandoutdoor.com\/it\/wp-json\/wp\/v2\/product_brand?post=24473"},{"taxonomy":"product_cat","embeddable":true,"href":"https:\/\/tmandoutdoor.com\/it\/wp-json\/wp\/v2\/product_cat?post=24473"},{"taxonomy":"product_tag","embeddable":true,"href":"https:\/\/tmandoutdoor.com\/it\/wp-json\/wp\/v2\/product_tag?post=24473"},{"taxonomy":"marque","embeddable":true,"href":"https:\/\/tmandoutdoor.com\/it\/wp-json\/wp\/v2\/marque?post=24473"}],"curies":[{"name":"wp","href":"https:\/\/api.w.org\/{rel}","templated":true}]}}