{"id":17402,"date":"2024-10-16T21:48:54","date_gmt":"2024-10-16T19:48:54","guid":{"rendered":"https:\/\/tmandoutdoor.com\/produit\/giacca-da-pilota-ma-1-bomber-verde\/"},"modified":"2026-01-31T17:18:00","modified_gmt":"2026-01-31T16:18:00","slug":"giacca-da-pilota-ma-1-bomber-verde","status":"publish","type":"product","link":"https:\/\/tmandoutdoor.com\/it\/prodotto\/giacca-da-pilota-ma-1-bomber-verde\/","title":{"rendered":"Giacca bomber MA-1 reversibile | Giacca da pilota militare"},"content":{"rendered":"<h2 id=\"caracteristiques-du-blouson-bomber-ma-1-reversible\">Caratteristiche della giacca bomber reversibile MA-1<\/h2>\n<p>Il <strong>bomber MA-1<\/strong> \u00e8 un pezzo intramontabile di moda e stile militare. \u00c8 <strong>alla moda, leggera e calda<\/strong> e combina un autentico <strong>design da aviatore<\/strong> con un comfort moderno. Questa giacca combina l&#8217;eredit\u00e0 dell&#8217;aviazione militare con un look casual perfetto da indossare all&#8217;aperto e tutti i giorni.  <\/p>\n<h3 id=\"design-et-style-militaire\">Design e stile militare<\/h3>\n<p>La <strong>giacca da volo MA-1<\/strong> si ispira alla storia dell&#8217;aviazione militare americana. Questo classico bomber si riconosce per il suo caratteristico girocollo e per il suo look da aviatore senza tempo. La <strong>giacca<\/strong> cattura l&#8217;essenza dell&#8217;originale giacca da pilota pur rimanendo moderna e accessibile. Perfetta per gli amanti del surplus militare e dell&#8217;autentico stile outdoor.   <\/p>\n<h3 id=\"composition-et-materiaux\">Composizione e materiali<\/h3>\n<p>Questo prodotto \u00e8 <strong>realizzato al 100% in nylon<\/strong>, un materiale robusto e resistente alle intemperie. Il nylon \u00e8 leggero e durevole e offre un&#8217;eccellente resistenza al freddo e un&#8217;efficace protezione dal vento. La fodera interna aggiunge ulteriore comfort e la rende facile da indossare. Grazie al <strong>design reversibile<\/strong>, la giacca pu\u00f2 essere indossata in due modi diversi.   <\/p>\n<h3 id=\"details-et-fonctionnalites\">Dettagli e funzioni<\/h3>\n<p>Questo bomber \u00e8 dotato di due pratiche tasche laterali per gli oggetti essenziali e di un&#8217;ulteriore tasca con zip sulla manica per un accesso sicuro. I polsini e il colletto elasticizzati assicurano una vestibilit\u00e0 comoda e confortevole. Le tasche esterne offrono spazio e funzionalit\u00e0, mentre i dettagli di qualit\u00e0 contribuiscono alla durata complessiva del prodotto.  <\/p>\n<h3 id=\"coloris-disponibles\">Colori disponibili<\/h3>\n<p>La giacca \u00e8 disponibile in diverse versioni, tra cui il gi\u00e0 citato verde. Sono disponibili anche varianti in nero, blu navy, kaki e oliva, per consentire a ogni uomo di trovare la tonalit\u00e0 pi\u00f9 adatta al suo stile personale e alle sue esigenze all&#8217;aria aperta. <\/p>\n<p><\/p>\n","protected":false},"excerpt":{"rendered":"<p>Giacca bomber reversibile MA-1 da uomo: classica giacca da pilota militare, leggera e resistente. Design vintage da aviatore di tendenza con fodera interna. Consegna veloce.  <\/p>\n","protected":false},"featured_media":15570,"comment_status":"closed","ping_status":"closed","template":"","meta":[],"product_brand":[],"product_cat":[916,430,444,434],"product_tag":[],"class_list":{"0":"post-17402","1":"product","2":"type-product","3":"status-publish","4":"has-post-thumbnail","6":"product_cat-black-friday-it","7":"product_cat-cosa-ce-di-nuovo","8":"product_cat-parte-superiore","9":"product_cat-tendenze","11":"first","12":"instock","13":"taxable","14":"shipping-taxable","15":"purchasable","16":"product-type-variable","17":"has-default-attributes"},"aioseo_notices":[],"_links":{"self":[{"href":"https:\/\/tmandoutdoor.com\/it\/wp-json\/wp\/v2\/product\/17402","targetHints":{"allow":["GET"]}}],"collection":[{"href":"https:\/\/tmandoutdoor.com\/it\/wp-json\/wp\/v2\/product"}],"about":[{"href":"https:\/\/tmandoutdoor.com\/it\/wp-json\/wp\/v2\/types\/product"}],"replies":[{"embeddable":true,"href":"https:\/\/tmandoutdoor.com\/it\/wp-json\/wp\/v2\/comments?post=17402"}],"wp:featuredmedia":[{"embeddable":true,"href":"https:\/\/tmandoutdoor.com\/it\/wp-json\/wp\/v2\/media\/15570"}],"wp:attachment":[{"href":"https:\/\/tmandoutdoor.com\/it\/wp-json\/wp\/v2\/media?parent=17402"}],"wp:term":[{"taxonomy":"product_brand","embeddable":true,"href":"https:\/\/tmandoutdoor.com\/it\/wp-json\/wp\/v2\/product_brand?post=17402"},{"taxonomy":"product_cat","embeddable":true,"href":"https:\/\/tmandoutdoor.com\/it\/wp-json\/wp\/v2\/product_cat?post=17402"},{"taxonomy":"product_tag","embeddable":true,"href":"https:\/\/tmandoutdoor.com\/it\/wp-json\/wp\/v2\/product_tag?post=17402"}],"curies":[{"name":"wp","href":"https:\/\/api.w.org\/{rel}","templated":true}]}}