{"id":16963,"date":"2024-10-28T21:31:16","date_gmt":"2024-10-28T20:31:16","guid":{"rendered":"https:\/\/tmandoutdoor.com\/produit\/maglietta-dellesercito-1oo-cotone\/"},"modified":"2026-02-26T18:28:01","modified_gmt":"2026-02-26T17:28:01","slug":"maglietta-dellesercito-1oo-cotone","status":"publish","type":"product","link":"https:\/\/tmandoutdoor.com\/it\/prodotto\/maglietta-dellesercito-1oo-cotone\/","title":{"rendered":"Maglietta Khaki 100% cotone ringspun | TM &amp; Outdoor"},"content":{"rendered":"<h2 id=\"un-veritable-t-shirt-en-coton-intemporel\">Una maglietta di cotone senza tempo<\/h2>\n<p>Questa maglietta color kaki \u00e8 molto pi\u00f9 di un capo base: \u00e8 un indumento di qualit\u00e0 progettato per durare nel tempo. Realizzata in 100% cotone semipettinato ringspun, combina la durata con il comfort naturale. Perfetta per l&#8217;outdoor, il militare o l&#8217;abbigliamento quotidiano, questa t-shirt da uomo si adatta a ogni stile e a ogni movimento. Il suo sobrio e intramontabile colore kaki la rende un capo essenziale del guardaroba.   <\/p>\n<h2 id=\"qualite-textile-et-confort-exceptionnels\">Qualit\u00e0 tessile e comfort eccezionali<\/h2>\n<p>Questa maglietta in cotone pesa 190 g\/m\u00b2: non si tratta di una maglietta leggera, ma di un capo pesante e resistente. Questo tessuto di prima qualit\u00e0 \u00e8 morbido al tatto e assolutamente resistente, anche dopo molti lavaggi. Il colletto rotondo con orlo a coste in elastan assicura una vestibilit\u00e0 impeccabile e senza fatica, mentre le maniche corte la rendono versatile per tutte le stagioni.  <\/p>\n<p>Disponibile in una gamma di taglie che va dalla XS alla XXL, questa maglietta \u00e8 perfetta per tutti i tipi di corpo. Il taglio classico e tubolare garantisce una vestibilit\u00e0 senza tempo e un&#8217;ottima vestibilit\u00e0, giorno dopo giorno. <\/p>\n<h2 id=\"caracteristiques-techniques-et-certifications\">Specifiche tecniche e certificazioni<\/h2>\n<p>Questa maglietta in cotone offre una qualit\u00e0 tessile riconosciuta e garanzie di sicurezza.<\/p>\n<ul>\n<li>Composizione: 100% cotone semi-pettinato <strong>Ringspun<\/strong>.<\/li>\n<li>Grammatura 190 g\/m\u00b2.<\/li>\n<li>L&#8217;<strong>OEKO-TEX Standard 100<\/strong> garantisce che il prodotto finale non contenga alcun prodotto identificato come pericoloso per la salute di chi indossa l&#8217;indumento, controllato e verificato dall&#8217;<strong>IFTH<\/strong>.<\/li>\n<li>Fodera sul colletto.<\/li>\n<li>Collo rotondo con coste in elastan.<\/li>\n<li>Taglio classico e tubolare.<\/li>\n<li>Maniche corte.<\/li>\n<li>Personalizzazione compatibile con le seguenti tecniche: Ricamo, Flex, Stampa digitale, Serigrafia, Trasferimento.<\/li>\n<\/ul>\n<p><strong>Taglie: (lunghezza in cm &#8211; petto in cm)<\/strong><\/p>\n<p>Disponibile nelle taglie dalla XS alla XXL: XS (62cm-49cm) S (69cm-50cm) M (72cm-53cm) L (74cm-56cm) XL (76cm-58cm) XXL (78cm-62cm)<\/p>\n<p><\/p>\n","protected":false},"excerpt":{"rendered":"<p>T-shirt color kaki in cotone semi-ondulato di alta qualit\u00e0 (190 g\/m\u00b2). Colletto rotondo in elastan, maniche corte. Robusta, morbida e senza tempo. Taglie fino alla XXL. Conforme alla normativa OEKO-TEX. Pu\u00f2 essere personalizzata.     <\/p>\n","protected":false},"featured_media":16461,"comment_status":"closed","ping_status":"closed","template":"","meta":[],"product_brand":[],"product_cat":[199,444],"product_tag":[],"marque":[],"class_list":{"0":"post-16963","1":"product","2":"type-product","3":"status-publish","4":"has-post-thumbnail","6":"product_cat-accoglienza","7":"product_cat-parte-superiore","9":"first","10":"instock","11":"taxable","12":"shipping-taxable","13":"purchasable","14":"product-type-variable"},"aioseo_notices":[],"_links":{"self":[{"href":"https:\/\/tmandoutdoor.com\/it\/wp-json\/wp\/v2\/product\/16963","targetHints":{"allow":["GET"]}}],"collection":[{"href":"https:\/\/tmandoutdoor.com\/it\/wp-json\/wp\/v2\/product"}],"about":[{"href":"https:\/\/tmandoutdoor.com\/it\/wp-json\/wp\/v2\/types\/product"}],"replies":[{"embeddable":true,"href":"https:\/\/tmandoutdoor.com\/it\/wp-json\/wp\/v2\/comments?post=16963"}],"wp:featuredmedia":[{"embeddable":true,"href":"https:\/\/tmandoutdoor.com\/it\/wp-json\/wp\/v2\/media\/16461"}],"wp:attachment":[{"href":"https:\/\/tmandoutdoor.com\/it\/wp-json\/wp\/v2\/media?parent=16963"}],"wp:term":[{"taxonomy":"product_brand","embeddable":true,"href":"https:\/\/tmandoutdoor.com\/it\/wp-json\/wp\/v2\/product_brand?post=16963"},{"taxonomy":"product_cat","embeddable":true,"href":"https:\/\/tmandoutdoor.com\/it\/wp-json\/wp\/v2\/product_cat?post=16963"},{"taxonomy":"product_tag","embeddable":true,"href":"https:\/\/tmandoutdoor.com\/it\/wp-json\/wp\/v2\/product_tag?post=16963"},{"taxonomy":"marque","embeddable":true,"href":"https:\/\/tmandoutdoor.com\/it\/wp-json\/wp\/v2\/marque?post=16963"}],"curies":[{"name":"wp","href":"https:\/\/api.w.org\/{rel}","templated":true}]}}