{"id":16741,"date":"2024-11-14T14:07:25","date_gmt":"2024-11-14T13:07:25","guid":{"rendered":"https:\/\/tmandoutdoor.com\/?post_type=product&#038;p=16741"},"modified":"2026-01-29T12:36:14","modified_gmt":"2026-01-29T11:36:14","slug":"pull-woolly-pully-the-1945-bond-noir","status":"publish","type":"product","link":"https:\/\/tmandoutdoor.com\/it\/prodotto\/pull-woolly-pully-the-1945-bond-noir\/","title":{"rendered":"Pull Woolly Pully &#8220;The 1945&#8221; Bond (noir)"},"content":{"rendered":"<ul style=\"margin: 0px 0px 9px 20px;padding: 0px 0px 0px 15px;border: 0px;line-height: inherit;font-family: 'source sans pro', Arial, Helvetica, sans-serif;font-size: 13px;vertical-align: baseline;color: #666666;background-color: #ffffff\">\n<li style=\"margin: 0px;padding: 0px;border: 0px;font-style: inherit;font-variant: inherit;font-weight: inherit;line-height: inherit;font-family: inherit;vertical-align: baseline\"><strong>100% laine britannique<\/strong><\/li>\n<\/ul>\n<ul style=\"margin: 0px 0px 9px 20px;padding: 0px 0px 0px 15px;border: 0px;line-height: inherit;font-family: 'source sans pro', Arial, Helvetica, sans-serif;font-size: 13px;vertical-align: baseline;color: #666666;background-color: #ffffff\">\n<li style=\"margin: 0px;padding: 0px;border: 0px;font-style: inherit;font-variant: inherit;font-weight: inherit;line-height: inherit;font-family: inherit;vertical-align: baseline\">Renforts au niveau des \u00e9paules et des coudes.<\/li>\n<li style=\"margin: 0px;padding: 0px;border: 0px;font-style: inherit;font-variant: inherit;font-weight: inherit;line-height: inherit;font-family: inherit;vertical-align: baseline\">Renforc\u00e9 aux poignets par de la toile coton chevron<\/li>\n<li style=\"margin: 0px;padding: 0px;border: 0px;font-style: inherit;font-variant: inherit;font-weight: inherit;line-height: inherit;font-family: inherit;vertical-align: baseline\">Cordon\u00a0de serrage au niveau du col pour garder la chaleur.<\/li>\n<\/ul>\n<p><span style=\"font-family: Roboto, RobotoDraft, Helvetica, Arial, sans-serif;font-size: 18px;background-color: #ffffff\">Guide des tailles ci-dessous :<\/span><\/p>\n<table width=\"785\">\n<tbody>\n<tr>\n<th style=\"text-align: left\">Taille<\/th>\n<th style=\"text-align: left\">Poitrine<\/th>\n<th>Largeur \u00e9paules<\/th>\n<th>Longueur du corps<\/th>\n<th>Longueur manches<\/th>\n<\/tr>\n<tr>\n<td>XS<\/td>\n<td>\u00a032-34 Inch<br \/>\n42-44 euro<br \/>\n82 -86cm<\/td>\n<td>39cm<\/td>\n<td>56cm<\/td>\n<td>51cm<\/td>\n<\/tr>\n<tr>\n<td>S<\/td>\n<td>\u00a036-38 Inch<br \/>\n46-48 euro<br \/>\n92 -96cm<\/td>\n<td>41cm<\/td>\n<td>62cm<\/td>\n<td>54cm<\/td>\n<\/tr>\n<tr>\n<td>M<\/td>\n<td>\u00a040 -42 Inch<br \/>\n50-52 euro<br \/>\n102 &#8211; 106cm<\/td>\n<td>43cm<\/td>\n<td>68cm<\/td>\n<td>58cm<\/td>\n<\/tr>\n<tr>\n<td>L<\/td>\n<td>\u00a044-46 Inch<br \/>\n54-56 euro<br \/>\n112 -116cm<\/td>\n<td>45cm<\/td>\n<td>70cm<\/td>\n<td>60cm<\/td>\n<\/tr>\n<tr>\n<td>XL<\/td>\n<td>\u00a048-50 Inch<br \/>\n58 -60 euro<br \/>\n122- 127cm<\/td>\n<td>52cm<\/td>\n<td>74cm<\/td>\n<td>63cm<\/td>\n<\/tr>\n<tr>\n<td>XXL<\/td>\n<td>\u00a052-54 Inch<br \/>\n62-64 euro<br \/>\n132 &#8211; 137cm<\/td>\n<td>54cm<\/td>\n<td>76cm<\/td>\n<td>64cm<\/td>\n<\/tr>\n<\/tbody>\n<\/table>\n","protected":false},"excerpt":{"rendered":"<p>Un pull 100 % laine de qualit\u00e9 avec une coupe ajust\u00e9e.<\/p>\n<p>Inspir\u00e9 du pull utilis\u00e9 par l&#8217;Arm\u00e9e britannique pendant la Seconde Guerre Mondiale.<\/p>\n<p><strong>Notamment port\u00e9 par James Bond, le c\u00e9l\u00e8bre agent secret au service de sa majest\u00e9.<\/strong><\/p>\n<p><span style=\"font-weight: bolder;font-family: 'Open Sans', sans-serif;font-size: 15px;background-color: #ffffff\">Le &#8220;Woolly Pully The 1945&#8221;\u00a0<\/span><span style=\"font-family: 'Open Sans', sans-serif;font-size: 15px;background-color: #ffffff\">est fabriqu\u00e9 traditionnellement en Grande Bretagne depuis plus de 70 ans.<\/span><\/p>\n<p style=\"text-align: center\">\n","protected":false},"featured_media":16771,"comment_status":"closed","ping_status":"closed","template":"","meta":[],"product_brand":[],"product_cat":[399,385,913],"product_tag":[],"marque":[758],"class_list":{"0":"post-16741","1":"product","2":"type-product","3":"status-publish","4":"has-post-thumbnail","6":"product_cat-haut","7":"product_cat-nouveautes","8":"product_cat-pour-lutter-efficacement-contre-le-froid","9":"product_shipping_class-shipping","10":"marque-woolly-pully","12":"first","13":"instock","14":"taxable","15":"shipping-taxable","16":"purchasable","17":"product-type-variable"},"aioseo_notices":[],"_links":{"self":[{"href":"https:\/\/tmandoutdoor.com\/it\/wp-json\/wp\/v2\/product\/16741","targetHints":{"allow":["GET"]}}],"collection":[{"href":"https:\/\/tmandoutdoor.com\/it\/wp-json\/wp\/v2\/product"}],"about":[{"href":"https:\/\/tmandoutdoor.com\/it\/wp-json\/wp\/v2\/types\/product"}],"replies":[{"embeddable":true,"href":"https:\/\/tmandoutdoor.com\/it\/wp-json\/wp\/v2\/comments?post=16741"}],"wp:featuredmedia":[{"embeddable":true,"href":"https:\/\/tmandoutdoor.com\/it\/wp-json\/wp\/v2\/media\/16771"}],"wp:attachment":[{"href":"https:\/\/tmandoutdoor.com\/it\/wp-json\/wp\/v2\/media?parent=16741"}],"wp:term":[{"taxonomy":"product_brand","embeddable":true,"href":"https:\/\/tmandoutdoor.com\/it\/wp-json\/wp\/v2\/product_brand?post=16741"},{"taxonomy":"product_cat","embeddable":true,"href":"https:\/\/tmandoutdoor.com\/it\/wp-json\/wp\/v2\/product_cat?post=16741"},{"taxonomy":"product_tag","embeddable":true,"href":"https:\/\/tmandoutdoor.com\/it\/wp-json\/wp\/v2\/product_tag?post=16741"},{"taxonomy":"marque","embeddable":true,"href":"https:\/\/tmandoutdoor.com\/it\/wp-json\/wp\/v2\/marque?post=16741"}],"curies":[{"name":"wp","href":"https:\/\/api.w.org\/{rel}","templated":true}]}}