{"id":1208,"date":"2023-11-17T16:37:42","date_gmt":"2023-11-17T15:37:42","guid":{"rendered":"https:\/\/tmandoutdoor.com\/?page_id=1208"},"modified":"2026-01-28T18:58:12","modified_gmt":"2026-01-28T17:58:12","slug":"chi-siamo","status":"publish","type":"page","link":"https:\/\/tmandoutdoor.com\/it\/chi-siamo\/","title":{"rendered":"TM &amp; Outdoor Tours: abbigliamento militare outdoor e attrezzatura tattica"},"content":{"rendered":"\t\t<div data-elementor-type=\"wp-page\" data-elementor-id=\"1208\" class=\"elementor elementor-1208 elementor-68\" data-elementor-post-type=\"page\">\n\t\t\t\t\t\t<section class=\"elementor-section elementor-top-section elementor-element elementor-element-520e10e0 elementor-section-boxed elementor-section-height-default elementor-section-height-default\" data-id=\"520e10e0\" data-element_type=\"section\" data-e-type=\"section\">\n\t\t\t\t\t\t<div class=\"elementor-container elementor-column-gap-default\">\n\t\t\t\t\t<div class=\"elementor-column elementor-col-100 elementor-top-column elementor-element elementor-element-7567e225\" data-id=\"7567e225\" data-element_type=\"column\" data-e-type=\"column\">\n\t\t\t<div class=\"elementor-widget-wrap elementor-element-populated\">\n\t\t\t\t\t\t<div class=\"elementor-element elementor-element-4ecc0a5 elementor-widget elementor-widget-text-editor\" data-id=\"4ecc0a5\" data-element_type=\"widget\" data-e-type=\"widget\" data-widget_type=\"text-editor.default\">\n\t\t\t\t<div class=\"elementor-widget-container\">\n\t\t\t\t\t\t\t\t\t<p>TM &amp; Outdoor \u00e8 specializzata in abbigliamento, attrezzature e accessori militari per l&#8217;outdoor. Un&#8217;ampia gamma di abbigliamento tattico, scarpe da campo e accessori robusti per le tue attivit\u00e0 all&#8217;aperto. <\/p><p>TM &amp; Outdoor \u00e8 un negozio francese con sede a <strong>Tours<\/strong>, specializzato in <strong>attrezzature<\/strong> outdoor e <strong>militari<\/strong> di alto livello. Offriamo articoli pensati per la sopravvivenza, i <strong>bivacchi<\/strong> o le operazioni di polizia. Ogni prodotto viene rigorosamente selezionato prima di entrare nei nostri scaffali. <\/p><p>Il nostro catalogo comprende <strong>abbigliamento<\/strong>, calzature e attrezzature tattiche prodotte principalmente in Francia e in Europa. Questi prodotti si distinguono per la loro resistenza ai terreni difficili, per i <strong>materiali<\/strong> ad alte prestazioni e per le loro qualit\u00e0 protettive in condizioni estreme. <\/p><h2 id=\"notre-boutique-physique-a-tours-essayez-avant-d-acheter\">Il nostro negozio fisico a Tours: prova prima di acquistare<\/h2><p>Ti invitiamo a scoprire la nostra gamma di<strong>uniformi militari<\/strong>, tute, <strong>pile<\/strong> e calzature in negozio, con un&#8217;area dedicata per provarle. Abbiamo organizzato il nostro assortimento per temi (mimetico, <strong>da montagna, da mare <\/strong>o da sopravvivenza) per renderti pi\u00f9 facile trovare ci\u00f2 che stai cercando e verificare rapidamente se \u00e8 compatibile con il tuo kit. <\/p><p>I nostri consulenti, che provengono da ambienti <strong>militari<\/strong> o delle forze dell&#8217;ordine, ti supporteranno in base alla tua attivit\u00e0: escursioni intensive, <strong>airsoft<\/strong>, tiro sportivo o operazioni tattiche. Organizziamo regolarmente workshop tematici sulle innovazioni, sulle suole delle scarpe e sui sistemi di <strong>cinture<\/strong> modulari. <\/p><h2 id=\"tm-outdoor-une-gamme-complete-pour-toutes-les-activites-outdoor\">TM &amp; Outdoor: una gamma completa per tutte le attivit\u00e0 all&#8217;aperto<\/h2><h3 id=\"vetements-militaires-du-treillis-a-la-polaire-tactique\">Abbigliamento militare: dalle tute alle felpe tattiche<\/h3><p>Scopri la nostra selezione di <strong>giacche<\/strong> softshell, giacconi, pullover e pantaloni per i climi estremi. Le nostre magliette mimetiche, i gilet termici e i mid-layers offrono traspirabilit\u00e0, isolamento e asciugatura rapida per le tue attivit\u00e0 <strong>all&#8217;aperto<\/strong>. <\/p><p>Mettiamo in evidenza il know-how francese con le nostre calze Baroudeur &#8220;Climat froid&#8221;, realizzate in lana Merino. Questi <strong>materiali<\/strong> di alta gamma offrono comfort, discrezione tattica e <strong>protezione<\/strong> dai raggi UV, elementi essenziali per operare su terreni difficili. <\/p><h3 id=\"chaussures-militaires-adaptees-a-tous-les-terrains\">Calzature militari per tutti i tipi di terreno<\/h3><p>Le calzature HAIX sono caratterizzate da suole antiscivolo, protezione dalle pietre e membrane traspiranti. Dai ranger leggeri agli stivali da intervento in pelle pieno fiore, ogni modello soddisfa le esigenze degli ambienti desertici e urbani. <\/p><p>Con cuciture rinforzate, chiusure YKK e trattamenti antibatterici, queste scarpe sono in grado di resistere alle condizioni pi\u00f9 difficili (pioggia, neve, sabbia). Ideali per affrontare le cime <strong>delle montagne<\/strong> e i densi ambienti urbani. <\/p><h3 id=\"equipements-tactiques-et-accessoires-de-survie\">Attrezzature tattiche e accessori di sopravvivenza<\/h3><p>I nostri <strong>gilet tattici<\/strong>, le piastre MOLLE e le cinture da combattimento possono essere facilmente equipaggiati con vari accessori (luci, caricabatterie, kit medici). Le <strong>reti Camo First\u00ae<\/strong> sono disponibili nelle versioni per il deserto, la foresta o la neve per mimetizzare i posti di osservazione, i veicoli o i rifugi di bivacco. <\/p><p>Completa il tuo equipaggiamento con i nostri zaini da 20-40L, le borracce isolate e i sistemi di filtraggio. Queste soluzioni migliorano l&#8217;autonomia, la <strong>protezione<\/strong> e l&#8217;efficienza, sia che tu sia un professionista delle forze dell&#8217;ordine, un appassionato di airsoft o un appassionato di<strong>outdoor<\/strong>. <\/p><h2 id=\"notre-site-e-commerce-achetez-facilement-vos-vetements-militaires\">Il nostro sito di e-commerce: acquista facilmente il tuo abbigliamento militare<\/h2><p>Su www.tmoutdoor.com, il punto di riferimento essenziale per l&#8217;attrezzatura outdoor, scopri oltre 300 articoli accuratamente classificati per tipo, clima, colore o marca. Trova l&#8217;<strong>indumento<\/strong> o l&#8217;accessorio <strong>militare<\/strong> di cui hai bisogno in pochi clic. La nostra interfaccia intuitiva rende la navigazione semplice ed efficiente, anche per i principianti.  <\/p><p>Ogni prodotto \u00e8 presentato con schede dettagliate: composizione dei materiali, standard di resistenza, guida precisa alle taglie e foto ad alta definizione. Il nostro motore di ricerca ti indirizzer\u00e0 direttamente alle uniformi militari, agli <strong>accessori tattici<\/strong> o alle attrezzature militari professionali pi\u00f9 adatte alle tue esigenze sul <strong>campo<\/strong>. <\/p><h3 id=\"livraison-et-service-client-reactif\">Consegna e servizio clienti reattivi<\/h3><p>Goditi una consegna sicura in tutta la Francia, con tracciabilit\u00e0 in tempo reale. La consegna in un punto di smistamento \u00e8 gratuita per acquisti superiori a 99\u20ac e puoi anche scegliere il ritiro in negozio se sei in zona. Queste soluzioni flessibili soddisfano le esigenze di civili e militari.  <\/p><p>Il nostro team \u00e8 a disposizione per rispondere a tutte le tue domande tecniche via e-mail, telefono o chat online. Gestiamo i resi e i cambi in conformit\u00e0 con la legislazione francese, quindi puoi acquistare in tutta tranquillit\u00e0, anche per le attrezzature specialistiche. <\/p><h2 id=\"des-vetements-militaires-authentiques-pour-le-terrain\">Abbigliamento militare autentico per il campo<\/h2><h3 id=\"qualite-certifiee-et-fabrication-europeenne\">Qualit\u00e0 certificata e produzione europea<\/h3><p>Il nostro abbigliamento <strong>militare<\/strong> beneficia di una qualit\u00e0 testata in condizioni reali. Con tessuti tecnici resistenti all&#8217;abrasione, impermeabili e traspiranti, sono perfetti per le lunghe escursioni in <strong>montagna<\/strong>. Una scelta affidabile sia per i professionisti che per i dilettanti pi\u00f9 esigenti.  <\/p><p>I trattamenti anti-UV, le cuciture rinforzate e l&#8217;isolamento <strong>in pile<\/strong> garantiscono un&#8217;eccellente durata durante le missioni notturne o in condizioni di freddo estremo. Cos\u00ec resterai protetto anche nelle situazioni pi\u00f9 estreme. <\/p><h3 id=\"coloris-et-motifs-adaptes-a-chaque-mission\">Colori e modelli adatti a ogni lavoro<\/h3><p>La nostra gamma comprende una variet\u00e0 di mimetiche: Europa centrale, Multicam, verde militare, <strong>nero tattico<\/strong>, verde ranger, oltre a modelli desertici, forestali e urbani. I colori neutri come il kaki e il marrone garantiscono la massima discrezione sul campo. <\/p><p>Grazie alle numerose tasche, ai gomiti e alle ginocchia rinforzate e al taglio ergonomico, le nostre <strong>giacche<\/strong> offrono la massima funzionalit\u00e0. Conformi agli standard militari francesi e a quelli dell<strong>&#8216;esercito<\/strong> americano (BDU, ACU), questi capi sono essenziali per tutte le attivit\u00e0 tattiche. <\/p><h2 id=\"contenus-educatifs-blog-et-guides-d-achat\">Contenuti educativi: blog e guide all&#8217;acquisto<\/h2><p>Il nostro blog offre suggerimenti pratici per la manutenzione dell&#8217;attrezzatura, feedback reali dall&#8217;uso sul <strong>campo<\/strong> e consigli per preparare le tue uscite all&#8217;aperto. Pubblichiamo anche guide dettagliate per scegliere i caschi, i <strong>passamontagna<\/strong> o i sistemi tattici migliori per le tue esigenze specifiche. <\/p><p>Nella sezione &#8220;Consigli e tutorial&#8221;, scopri i video che spiegano le tecniche di mimetizzazione, l&#8217;installazione dell<strong>&#8216;attrezzatura tattica<\/strong> e la regolazione dell&#8217;attrezzatura in condizioni reali. Le nostre FAQ, regolarmente aggiornate, forniscono risposte chiare alle domande pi\u00f9 frequenti su taglie, manutenzione e normative vigenti. <\/p><h2 id=\"programme-de-fidelite-et-avantages-exclusifs\">Programma fedelt\u00e0 e vantaggi esclusivi<\/h2><p>Il nostro programma fedelt\u00e0 ti d\u00e0 accesso anticipato alle prevendite pi\u00f9 ambite e alle edizioni limitate. Iscriviti alla nostra newsletter per essere informato sulle nuove collezioni e sulle promozioni speciali sull&#8217;<a title=\"Guide all'acquisto di abbigliamento militare da esterno\" href=\"https:\/\/tmandoutdoor.com\/category\/vetements-militaires\/\"> abbigliamento militare outdoor<\/a>, in modo da poter beneficiare dei prezzi migliori. <\/p><p>Aggiorniamo costantemente il nostro catalogo per includere le ultime novit\u00e0 in fatto di attrezzatura <strong>tattica<\/strong> e outdoor. Questo impegno per la qualit\u00e0, unito a un approccio eco-responsabile, ti garantisce prodotti durevoli progettati per il trekking, il campeggio o le situazioni di sopravvivenza estrema. <\/p><h2 id=\"equipements-complementaires-pour-une-preparation-optimale\">Attrezzature aggiuntive per una preparazione ottimale<\/h2><p>Completa il tuo outfit con le nostre <a title=\"Calzature militari ad alte prestazioni\" href=\"https:\/\/tmandoutdoor.com\/it\/categoria-prodotto\/scarpe-it\/\">calzature militari impermeabili per l&#8217;outdoor<\/a>, gli <a title=\"Zaini militari modulari\" href=\"https:\/\/tmandoutdoor.com\/it\/categoria-prodotto\/borse\/\">zaini tattici<\/a> modulari (da 20 a 40 litri) e l&#8217;<a title=\"Robusta attrezzatura militare per esterni\" href=\"https:\/\/tmandoutdoor.com\/it\/categoria-prodotto\/attrezzatura-da-campo\/\">attrezzatura testata sul campo<\/a>. Ogni capo <strong>di abbigliamento<\/strong>, calzatura o accessorio \u00e8 stato rigorosamente selezionato per offrire il miglior compromesso tra comfort, resistenza e versatilit\u00e0: l&#8217;ideale sia per le operazioni militari che per le attivit\u00e0 all&#8217;aperto. <\/p><p>Per completare il tuo equipaggiamento, le <a title=\"Rete mimetica multi-ambiente First\u00ae\" href=\"https:\/\/tmandoutdoor.com\/it\/categoria-prodotto\/attrezzatura-da-campo\/net-camo-first\/\">reti mimetiche First\u00ae<\/a> si adattano a tutti i tipi di ambiente (deserto, foresta, neve) grazie ai loro modelli ottimizzati. La loro struttura robusta si integra perfettamente con l&#8217;equipaggiamento esistente e aumenta la longevit\u00e0 del tuo <strong>equipaggiamento<\/strong> tattico. <\/p><h2 id=\"restrictions-legales-respect-des-normes-francaises\">Restrizioni legali: conformit\u00e0 agli standard francesi<\/h2><p>Alcuni prodotti, come couteax, spray difensivi e shockers, sono riservati agli adulti. Mostriamo sistematicamente un avviso sull&#8217;et\u00e0 minima richiesta per rispettare la legislazione francese e il nostro sistema impedisce automaticamente l&#8217;acquisto da parte di minori. <\/p><p>La sezione &#8220;Informazioni legali&#8221; spiega in dettaglio le norme che regolano la vendita di<strong>attrezzature<\/strong> e abbigliamento militare provenienti da stock di <strong>surplus<\/strong> dell&#8217;esercito. Per una maggiore sicurezza, il nostro motore di ricerca filtra gli articoli soggetti a restrizioni e li contrassegna con un pittogramma verde, assicurando il rigoroso rispetto degli obblighi di legge. <\/p><h2 id=\"foire-aux-questions\">Domande frequenti<\/h2><h3 id=\"quelle-difference-entre-vetements-militaires-et-surplus\">Qual \u00e8 la differenza tra abbigliamento militare e surplus?<\/h3><p>  L&#8217;<strong>abbigliamento militare<\/strong> autentico proviene direttamente dalle scorte dell&#8217;esercito &#8211; il cosiddetto surplus. Le versioni civili si ispirano ai modelli regolamentari con il loro tessuto verde NATO o il motivo <strong>mimetico<\/strong>, ma non fanno parte dell&#8217;equipaggiamento ufficiale. Su TM &amp; Outdoor, queste due categorie sono chiaramente differenziate per facilitare la tua scelta.  <\/p><h3 id=\"comment-choisir-la-taille-d-un-pantalon-militaire\">  Come faccio a scegliere la taglia giusta dei pantaloni militari?<\/h3><p>  Consulta la nostra guida alle taglie presente in ogni scheda prodotto per confrontare le tue misure con quelle dei <strong>pantaloni militari<\/strong>. Questi pantaloni sono progettati per essere abbastanza larghi da permettere di indossare pi\u00f9 strati in un ambiente esterno: in genere, la tua taglia abituale andr\u00e0 bene dopo aver controllato le dimensioni indicate. <\/p><h3 id=\"quelles-sont-les-meilleures-marques-de-vetements-militaires-outdoor\">  Quali sono le migliori marche di abbigliamento militare da esterno?<\/h3><p>  Lavoriamo con marchi famosi come HAIX per le <strong>calzature<\/strong> e Baroudeur per i tessuti francesi, oltre che con fornitori approvati dagli eserciti francese e statunitense. Ogni produttore viene selezionato per la durata delle sue attrezzature, il comfort dei suoi indumenti e la loro conformit\u00e0 agli standard <strong>militari<\/strong>, garantendo prestazioni eccellenti in ambienti esterni. <\/p>\t\t\t\t\t\t\t\t<\/div>\n\t\t\t\t<\/div>\n\t\t\t\t\t<\/div>\n\t\t<\/div>\n\t\t\t\t\t<\/div>\n\t\t<\/section>\n\t\t\t\t<\/div>\n\t\t","protected":false},"excerpt":{"rendered":"<p>Negozio francese di Tours specializzato in abbigliamento militare da esterno. Ampia gamma di attrezzature tattiche, scarpe da campo e accessori robusti per le tue attivit\u00e0 all&#8217;aperto. <\/p>\n","protected":false},"author":1,"featured_media":0,"parent":0,"menu_order":0,"comment_status":"closed","ping_status":"closed","template":"","meta":{"footnotes":""},"class_list":["post-1208","page","type-page","status-publish","hentry"],"aioseo_notices":[],"_links":{"self":[{"href":"https:\/\/tmandoutdoor.com\/it\/wp-json\/wp\/v2\/pages\/1208","targetHints":{"allow":["GET"]}}],"collection":[{"href":"https:\/\/tmandoutdoor.com\/it\/wp-json\/wp\/v2\/pages"}],"about":[{"href":"https:\/\/tmandoutdoor.com\/it\/wp-json\/wp\/v2\/types\/page"}],"author":[{"embeddable":true,"href":"https:\/\/tmandoutdoor.com\/it\/wp-json\/wp\/v2\/users\/1"}],"replies":[{"embeddable":true,"href":"https:\/\/tmandoutdoor.com\/it\/wp-json\/wp\/v2\/comments?post=1208"}],"version-history":[{"count":9,"href":"https:\/\/tmandoutdoor.com\/it\/wp-json\/wp\/v2\/pages\/1208\/revisions"}],"predecessor-version":[{"id":33791,"href":"https:\/\/tmandoutdoor.com\/it\/wp-json\/wp\/v2\/pages\/1208\/revisions\/33791"}],"wp:attachment":[{"href":"https:\/\/tmandoutdoor.com\/it\/wp-json\/wp\/v2\/media?parent=1208"}],"curies":[{"name":"wp","href":"https:\/\/api.w.org\/{rel}","templated":true}]}}