{"id":1190,"date":"2023-11-17T16:37:42","date_gmt":"2023-11-17T15:37:42","guid":{"rendered":"https:\/\/tmandoutdoor.com\/?page_id=1190"},"modified":"2024-08-22T12:42:31","modified_gmt":"2024-08-22T10:42:31","slug":"condizioni-generali-di-vendita","status":"publish","type":"page","link":"https:\/\/tmandoutdoor.com\/it\/condizioni-generali-di-vendita\/","title":{"rendered":"Condizioni generali di vendita"},"content":{"rendered":"\n<p>I presenti termini e condizioni di vendita sono stipulati da FDMP, societ\u00e0 con sede a Tours, Francia, e iscritta al Registro del Commercio di Tours con il numero Tours 844 617 266, da un lato, e da qualsiasi persona fisica o giuridica che desideri effettuare un acquisto tramite il sito web di TM &amp; Outdoor, di seguito denominata &#8220;l&#8217;acquirente&#8221;, dall&#8217;altro.<\/p>\n\n<h3 class=\"wp-block-heading\">Oggetto :<\/h3>\n\n<p>Lo scopo di questi termini e condizioni di vendita \u00e8 quello di definire il rapporto contrattuale tra TM &amp; Outdoor e l&#8217;acquirente e le condizioni applicabili a tutti gli acquisti effettuati attraverso il sito web di TM &amp; Outdoor, sia che l&#8217;acquirente sia un professionista o un consumatore.<br\/><br\/>L&#8217;acquisto di beni attraverso questo sito implica l&#8217;accettazione senza riserve da parte dell&#8217;acquirente delle presenti condizioni di vendita.<br\/><br\/>Le presenti condizioni di vendita prevalgono su qualsiasi altra condizione generale o speciale non espressamente approvata da TM &amp; Outdoor.<br\/><br\/>TM &amp; Outdoor si riserva il diritto di modificare i termini e le condizioni di vendita in qualsiasi momento. In questo caso, le condizioni applicabili saranno quelle in vigore alla data dell&#8217;ordine da parte dell&#8217;acquirente.<\/p>\n\n<h3 class=\"wp-block-heading\">Caratteristiche delle propriet\u00e0 offerte:<\/h3>\n\n<p>I prodotti sono quelli indicati nel catalogo pubblicato sul sito web di TM &amp; Outdoor. <br\/>Le fotografie del catalogo sono il pi\u00f9 possibile accurate, ma non possono garantire la perfetta somiglianza con il prodotto, soprattutto per quanto riguarda i colori.<\/p>\n\n<h3 class=\"wp-block-heading\">Prezzi :<\/h3>\n\n<p><br\/>Il prezzo di vendita di ciascun prodotto offerto in vendita sul sito TM &amp; Outdoor \u00e8 espresso in euro. I prezzi indicati nel catalogo sono comprensivi di IVA (ove applicabile) in euro e tengono conto dell&#8217;IVA applicabile il giorno dell&#8217;ordine; qualsiasi variazione dell&#8217;aliquota potr\u00e0 riflettersi sul prezzo dei prodotti.\n<br\/>Le spese di consegna (che variano a seconda della destinazione geografica e\/o del peso dell&#8217;ordine) saranno aggiunte al prezzo di vendita comprensivo di IVA. TM &amp; Outdoor si riserva il diritto di modificare i propri prezzi in qualsiasi momento, fermo restando che il prezzo indicato nel catalogo il giorno dell&#8217;ordine sar\u00e0 l&#8217;unico prezzo applicabile all&#8217;acquirente.  I prezzi non includono i costi di elaborazione dell&#8217;ordine, di trasporto e di consegna, purch\u00e9 avvengano nelle aree geografiche specificate di seguito.<\/p>\n\n<h3 class=\"wp-block-heading\">Area geografica :<\/h3>\n\n<p>TM &amp; Outdoor vende i suoi prodotti in tutto il mondo. Al prezzo dell&#8217;ordine verr\u00e0 aggiunto un costo di consegna forfettario, a seconda dell&#8217;area geografica dell&#8217;acquirente.<\/p>\n\n<h3 class=\"wp-block-heading\">Ordini :<\/h3>\n\n<p>Gli acquirenti che desiderano acquistare un prodotto devono :<br\/><br\/><br\/><br\/><br\/><br\/>1. compilare il modulo di identificazione con tutti i dati di contatto richiesti o fornire il proprio codice cliente se ne possiede uno; 2. compilare il modulo d&#8217;ordine online fornendo tutti i riferimenti dei prodotti scelti; 3. convalidare l&#8217;ordine dopo averlo verificato; 4. effettuare il pagamento secondo le condizioni stabilite; 5. confermare l&#8217;ordine e il pagamento.<br\/><br\/>Al momento dell&#8217;ordine, il Cliente si impegna a fornire le informazioni richieste (nome, indirizzo, numero di telefono, indirizzo e-mail, ecc.) e, al momento della convalida dell&#8217;ordine, \u00e8 tenuto a fornire il numero e la data di scadenza della carta di pagamento, se sceglie di pagare con carta bancaria. Garantisce di avere il pieno diritto di utilizzare la carta e di avere accesso a fondi sufficienti per coprire tutti i costi derivanti dall&#8217;utilizzo dei servizi TM &amp; Outdoor. <br\/>Solo le persone legalmente in grado di stipulare contratti relativi ai prodotti offerti possono ordinare sul sito web di TM &amp; Outdoor. In generale, ci\u00f2 significa che qualsiasi persona deve avere almeno 18 anni per diventare cliente e ordinare sul sito web di TM &amp; Outdoor. Al fine di limitare il rischio di frode e proteggere gli interessi dei propri clienti, TM &amp; Outdoor pu\u00f2 occasionalmente effettuare controlli sulla validit\u00e0 dei pagamenti effettuati con carta di credito sul sito. A seguito di questo eventuale controllo, TM &amp; Outdoor si riserva il diritto di accettare l&#8217;ordine o di rifiutarlo e, in quest&#8217;ultimo caso, di procedere al rimborso dell&#8217;ordine stesso mediante accredito sul conto corrente bancario che \u00e8 stato addebitato al momento dell&#8217;ordine.<br\/><br\/><br\/>La conferma dell&#8217;ordine implica l&#8217;accettazione dei presenti termini e condizioni di vendita, il riconoscimento di averne preso piena conoscenza e la rinuncia al diritto di invocare i propri termini e condizioni di acquisto o altri termini e condizioni. Tutti i dati forniti e la conferma registrata costituiranno la prova della transazione.\n<br\/>La conferma costituisce firma e accettazione delle transazioni effettuate. Il venditore invier\u00e0 la conferma dell&#8217;ordine registrato via e-mail. <br\/><br\/>TM &amp; Outdoor far\u00e0 il possibile per evadere tutti gli ordini fino a esaurimento scorte. Gli ordini verranno elaborati nell&#8217;ordine in cui sono stati effettivamente ricevuti da TM &amp; Outdoor. Di conseguenza, qualsiasi reclamo relativo all&#8217;indisponibilit\u00e0 di un prodotto non dar\u00e0 luogo ad alcun risarcimento o indennizzo, se non il semplice rimborso del prodotto se \u00e8 stato effettivamente pagato.<br\/>TM &amp; Outdoor si riserva il diritto di rifiutare gli ordini che danno origine a una controversia. TM &amp; Outdoor si riserva il diritto di sospendere o chiudere l&#8217;account di un Cliente che contravviene alle disposizioni della Carta. <br\/>Chiunque abbia un account sospeso o chiuso non pu\u00f2 ordinare sul sito web di TM &amp; Outdoor senza previa autorizzazione. La merce rimane di propriet\u00e0 di TM &amp; Outdoor fino al ricevimento del pagamento completo della merce ricevuta.<\/p>\n\n<p><strong>In caso di richiesta di cambio o rimborso, le spese di restituzione sono a carico del cliente in conformit\u00e0 all&#8217;articolo <a href=\"https:\/\/www.legifrance.gouv.fr\/affichCodeArticle.do?idArticle=LEGIARTI000028741418&amp;cidTexte=LEGITEXT000006069565\" target=\"_blank\" rel=\"noreferrer noopener\">L121-21-3<\/a> del Codice del Consumo francese.<\/strong><\/p>\n\n<p><strong><br\/>Ci faremo carico di tutte le spese di spedizione se, e solo se, abbiamo fornito un prodotto sbagliato (taglia sbagliata, colore sbagliato, ecc.) In questo caso, ti preghiamo di contattarci prima di restituire il prodotto sbagliato.<\/strong><\/p>\n\n<h3 class=\"wp-block-heading\">Ritiro:<\/h3>\n\n<p>Gli acquirenti, non professionisti, hanno un periodo di riflessione di quindici giorni dalla consegna dell&#8217;ordine per restituire il prodotto al venditore per il cambio o il rimborso senza alcuna penalit\u00e0, ad eccezione delle spese di restituzione. <br\/>Gli ordini effettuati con assegno il cui rimborso \u00e8 inferiore a 5 euro saranno convertiti in una nota di credito sotto forma di buono sconto. Si precisa che TM &amp; Outdoor non sar\u00e0 mai obbligata, qualunque siano le circostanze, ad accettare un reso o un reclamo al termine del periodo di riflessione previsto dall&#8217;articolo L121-16 del Codice del Consumo francese o del periodo di restituzione previsto dall&#8217;articolo &#8220;Consegne&#8221; del presente documento.<\/p>\n\n<h3 class=\"wp-block-heading\">Condizioni di pagamento:<\/h3>\n\n<p><br\/>I pagamenti possono essere effettuati tramite assegno, bonifico bancario, PayPal o carta di credito.\n<br\/>I pagamenti con carta di credito saranno effettuati tramite il sistema sicuro che utilizza il protocollo SSL (Secure Socket Layer) in modo che le informazioni trasmesse siano crittografate dal software e che nessun terzo possa venirne a conoscenza durante il trasporto in rete. Su richiesta dell&#8217;acquirente, sar\u00e0 inviata una fattura cartacea con IVA. <\/p>\n\n<h3 class=\"wp-block-heading\">Consegne :<\/h3>\n\n<p><br\/><br\/>Le consegne vengono effettuate all&#8217;indirizzo indicato nel modulo d&#8217;ordine, che pu\u00f2 essere solo all&#8217;interno dell&#8217;area geografica concordata. I rischi sono a carico dell&#8217;acquirente dal momento in cui i prodotti lasciano la sede di TM &amp; Outdoor. In caso di danni durante il trasporto, \u00e8 necessario presentare un reclamo motivato al vettore entro tre giorni dalla consegna. Le consegne vengono effettuate solo in base alla disponibilit\u00e0 e nell&#8217;ordine di ricezione degli ordini e possono essere effettuate in tutto o in parte. I tempi di consegna sono indicativi e in nessun caso un ritardo nella consegna inferiore a 30 giorni dal ricevimento o dall&#8217;incasso del pagamento giustificher\u00e0 una richiesta di risarcimento danni o la cancellazione dell&#8217;ordine.<\/p>\n\n<p>Oltre ai tempi di consegna, \u00e8 previsto un tempo di preparazione compreso tra 1 e 3 giorni, a seconda della disponibilit\u00e0 del prodotto.<\/p>\n\n<p>Nel caso in cui un ordine venga restituito a causa dell&#8217;impossibilit\u00e0 di consegna (superamento del termine di consegna, indirizzo del destinatario non corretto, ecc. Se non si ricevono notizie dal venditore entro 7 giorni dalla notifica via e-mail, il venditore si riserva il diritto di annullare l&#8217;ordine. Le spese di spedizione non saranno rimborsate.<\/p>\n\n<h3 class=\"wp-block-heading\">Garanzia:<\/h3>\n\n<p><br\/>Tutti i prodotti forniti dal venditore sono coperti dalla garanzia legale prevista dagli articoli 1641 e seguenti del Codice Civile francese. Tranne in caso di guasto al momento del disimballaggio, TM &amp; Outdoor non sar\u00e0 in alcun caso obbligata a ritirare un prodotto che si sia guastato e il Cliente dovr\u00e0 contattare il servizio post-vendita del produttore (se ancora esistente).\n<br\/>In questo caso, TM &amp; Outdoor far\u00e0 del suo meglio per fornire al Cliente, su richiesta, i dettagli di contatto del servizio post-vendita del produttore In caso di non conformit\u00e0 di un prodotto venduto, le richieste di cambio o rimborso devono essere inviate per posta al seguente indirizzo: TM &amp; Outdoor 16 rue de Hollande 37100 TOURS, entro trenta giorni dalla consegna. <\/p>\n\n<h3 class=\"wp-block-heading\">Responsabilit\u00e0 :<\/h3>\n\n<p><strong>I prodotti offerti sono conformi alla legislazione vigente in Francia. SAS FDMP non potr\u00e0 essere ritenuta responsabile in caso di mancata conformit\u00e0 alla legislazione del paese in cui i prodotti sono consegnati. \u00c8 quindi responsabilit\u00e0 dell&#8217;acquirente verificare con le autorit\u00e0 locali la possibilit\u00e0 di importare o utilizzare i prodotti che intende ordinare.<\/strong><\/p>\n\n<p><strong>La responsabilit\u00e0 di <\/strong><strong>SAS FDMP<\/strong><strong> non potr\u00e0 essere ritenuta responsabile in caso di uso improprio dei suoi prodotti.<\/strong><\/p>\n\n<p>Il venditore, nel processo di vendita online, \u00e8 vincolato solo da un&#8217;obbligazione di mezzi; non pu\u00f2 essere ritenuto responsabile per eventuali danni derivanti dall&#8217;uso della rete Internet, come perdita di dati, intrusioni, virus, interruzione del servizio o altri problemi involontari.<\/p>\n\n<h3 class=\"wp-block-heading\">Propriet\u00e0 intellettuale :<\/h3>\n\n<p><br\/>Tutti gli elementi del sito web di TM &amp; Outdoor sono e rimangono di esclusiva propriet\u00e0 intellettuale di TM &amp; Outdoor. Nessuno \u00e8 autorizzato a riprodurre, sfruttare, ritrasmettere o utilizzare per qualsiasi scopo, anche parziale, qualsiasi elemento del sito web, sia esso software, visivo o audio. Ogni singolo link o collegamento ipertestuale \u00e8 severamente vietato senza l&#8217;espresso consenso scritto di La TM &amp; Outdoor.<\/p>\n\n<h3 class=\"wp-block-heading\">Dati personali :<\/h3>\n\n<p><br\/><br\/>In conformit\u00e0 con la legge francese sulla protezione dei dati personali del 6 gennaio 1978, i dati personali relativi agli acquirenti possono essere trattati in modo automatizzato. TM &amp; Outdoor si riserva il diritto di raccogliere informazioni sugli acquirenti, anche attraverso l&#8217;utilizzo di cookie, e, se lo desidera, di trasmettere le informazioni raccolte a partner commerciali. Gli acquirenti possono opporsi alla divulgazione dei loro dati informando TM &amp; Outdoor.\n<br\/>Allo stesso modo, gli utenti hanno il diritto di accedere e rettificare i dati che li riguardano, in conformit\u00e0 con la legge del 6 gennaio 1978. Il trattamento automatizzato delle informazioni, compresa la gestione degli indirizzi e-mail degli utenti del sito, \u00e8 stato dichiarato alla CNIL il 26 settembre 2006 e registrato con il numero 1193925. <\/p>\n\n<h3 class=\"wp-block-heading\">Archiviazione-Evidenza :<\/h3>\n\n<p><br\/>TM &amp; Outdoor archivier\u00e0 i moduli d&#8217;ordine e le fatture su un supporto affidabile e durevole che ne costituisca una copia fedele in conformit\u00e0 alle disposizioni dell&#8217;articolo 1348 del Codice Civile francese per un periodo di quattro anni. I registri informatici di TM &amp; Outdoor saranno considerati dalle parti come prova delle comunicazioni, degli ordini, dei pagamenti e delle transazioni tra le parti.<\/p>\n\n<h3 class=\"wp-block-heading\">Risoluzione delle controversie :<\/h3>\n\n<p><br\/>I presenti termini e condizioni di vendita online sono disciplinati dalla legge francese. In caso di controversia, saranno competenti i tribunali di Tours, nonostante la pluralit\u00e0 dei convenuti o l&#8217;introduzione di terzi.<\/p>\n\n<p><em>Maggio 2020<\/em><\/p>\n","protected":false},"excerpt":{"rendered":"<p>I presenti termini e condizioni di vendita sono stipulati da FDMP, societ\u00e0 con sede a Tours, Francia, e iscritta al Registro del Commercio di Tours con il numero Tours 844 617 266, da un lato, e da qualsiasi persona fisica o giuridica che desideri effettuare un acquisto tramite il sito web di TM &amp; Outdoor,&hellip;<\/p>\n","protected":false},"author":1,"featured_media":0,"parent":0,"menu_order":0,"comment_status":"closed","ping_status":"closed","template":"","meta":{"footnotes":""},"class_list":["post-1190","page","type-page","status-publish","hentry"],"aioseo_notices":[],"_links":{"self":[{"href":"https:\/\/tmandoutdoor.com\/it\/wp-json\/wp\/v2\/pages\/1190","targetHints":{"allow":["GET"]}}],"collection":[{"href":"https:\/\/tmandoutdoor.com\/it\/wp-json\/wp\/v2\/pages"}],"about":[{"href":"https:\/\/tmandoutdoor.com\/it\/wp-json\/wp\/v2\/types\/page"}],"author":[{"embeddable":true,"href":"https:\/\/tmandoutdoor.com\/it\/wp-json\/wp\/v2\/users\/1"}],"replies":[{"embeddable":true,"href":"https:\/\/tmandoutdoor.com\/it\/wp-json\/wp\/v2\/comments?post=1190"}],"version-history":[{"count":3,"href":"https:\/\/tmandoutdoor.com\/it\/wp-json\/wp\/v2\/pages\/1190\/revisions"}],"predecessor-version":[{"id":15110,"href":"https:\/\/tmandoutdoor.com\/it\/wp-json\/wp\/v2\/pages\/1190\/revisions\/15110"}],"wp:attachment":[{"href":"https:\/\/tmandoutdoor.com\/it\/wp-json\/wp\/v2\/media?parent=1190"}],"curies":[{"name":"wp","href":"https:\/\/api.w.org\/{rel}","templated":true}]}}