{"id":5382,"date":"2023-11-20T17:19:05","date_gmt":"2023-11-20T16:19:05","guid":{"rendered":"https:\/\/tmandoutdoor.com\/produit\/bidon-de-gasolina-10l\/"},"modified":"2026-03-02T17:03:21","modified_gmt":"2026-03-02T16:03:21","slug":"bidon-de-gasolina-10l","status":"publish","type":"product","link":"https:\/\/tmandoutdoor.com\/es\/producto\/bidon-de-gasolina-10l\/","title":{"rendered":"Robusto bid\u00f3n de gasolina OTAN de 10 litros, seguro y r\u00e1pido de llenar"},"content":{"rendered":"<h2 id=\"pourquoi-choisir-ce-jerrican\">\u00bfPor qu\u00e9 elegir este bid\u00f3n?<\/h2>\n<p>Fabricado con <strong>metal<\/strong> soldado de alta calidad, este bid\u00f3n de combustible es lo bastante <strong>robusto<\/strong> para <strong>transportar<\/strong> l\u00edquidos inflamables como <strong>gasolina<\/strong> o gas\u00f3leo en entornos civiles o militares. Su certificaci\u00f3n OTAN y la aprobaci\u00f3n de la ONU garantizan la m\u00e1xima <strong>seguridad<\/strong> durante el transporte. <\/p>\n<p><strong>Certificado OTAN<\/strong><\/p>\n<p>N\u00fameros ONU &#8211; emitidos por D \/ BAM<\/p>\n<p>TUV &#8211; emitido por TUV Rheinland Seguridad del producto<\/p>\n<p>Certificado GOST-R<\/p>\n<h2 id=\"points-forts-et-accessoires-inclus\">Aspectos destacados y accesorios incluidos<\/h2>\n<ul>\n<li>Capacidad exacta: 10 <strong>litros<\/strong>, ideal para un veh\u00edculo o un generador.<\/li>\n<li>Interior resistente al \u00f3xido, exterior verde oliva resistente a los golpes.<\/li>\n<li>Tap\u00f3n de bayoneta con junta de nitrilo y cierre de seguridad.<\/li>\n<li>Mango s\u00f3lido y ergon\u00f3mico para un buen agarre incluso con guantes.<\/li>\n<li>Embudo flexible con tubo vertedor opcional: para un llenado f\u00e1cil y sin salpicaduras.<\/li>\n<li>Fabricaci\u00f3n europea<\/li>\n<\/ul>\n<h3 id=\"utilisation-rapide-remplissage-propre-grace-a-l-entonnoir\">R\u00e1pido de usar: embudo para un llenado limpio<\/h3>\n<p>El embudo extra\u00edble opcional tiene un tubo de vertido de largo alcance y una manguera antigoteo, para que puedas alimentar el dep\u00f3sito o el combustible sin derrames, incluso en condiciones exteriores ventosas.<\/p>\n<h3 id=\"caracteristiques-techniques\">Especificaciones t\u00e9cnicas<\/h3>\n<ol>\n<li>Material principal: acero prensado, grosor de 0,9 mm, mucho m\u00e1s resistente que un modelo de pl\u00e1stico.<\/li>\n<li>Dimensiones: 34 \u00d7 28 \u00d7 13 cm &#8211; cabe f\u00e1cilmente en un ba\u00fal.<\/li>\n<li>Junta de FKM compatible con l\u00edquidos inflamables.<\/li>\n<li>Peso en vac\u00edo: 2,5 kg, el equilibrio perfecto entre robustez y maniobrabilidad.<\/li>\n<\/ol>\n<h2 id=\"conseils-pratiques-accessoires-compatibles\">Consejos pr\u00e1cticos y accesorios compatibles<\/h2>\n<p>Te ofrecemos una gama de accesorios para optimizar tu equipo: accesorios de sujeci\u00f3n, bomba manual, soporte de bid\u00f3n para 4\u00d74. Combina este bid\u00f3n con estos accesorios para tener una estaci\u00f3n de servicio m\u00f3vil completa. <\/p>\n<h3 id=\"securite-et-entretien\">Seguridad y mantenimiento<\/h3>\n<p>Despu\u00e9s de cada uso, limpia el exterior, purga los vapores y guarda el bid\u00f3n alejado de la luz ultravioleta. No llenes nunca m\u00e1s del 95% del bid\u00f3n para dejar el espacio de expansi\u00f3n necesario para los l\u00edquidos inflamables. Aprieta el tap\u00f3n con regularidad para evitar fugas.  <\/p>\n<p>&nbsp;<\/p>\n","protected":false},"excerpt":{"rendered":"<p>Date un capricho con el bid\u00f3n de gasolina de 10 litros certificado por la OTAN: metal grueso y tap\u00f3n de bayoneta estanco para llenar el dep\u00f3sito de combustible de forma limpia y segura.<\/p>\n","protected":false},"featured_media":10782,"comment_status":"open","ping_status":"closed","template":"","meta":[],"product_brand":[],"product_cat":[236],"product_tag":[],"marque":[],"class_list":{"0":"post-5382","1":"product","2":"type-product","3":"status-publish","4":"has-post-thumbnail","6":"product_cat-herramientas","7":"product_shipping_class-standard-es","9":"first","10":"instock","11":"sale","12":"taxable","13":"shipping-taxable","14":"purchasable","15":"product-type-simple"},"aioseo_notices":[],"_links":{"self":[{"href":"https:\/\/tmandoutdoor.com\/es\/wp-json\/wp\/v2\/product\/5382","targetHints":{"allow":["GET"]}}],"collection":[{"href":"https:\/\/tmandoutdoor.com\/es\/wp-json\/wp\/v2\/product"}],"about":[{"href":"https:\/\/tmandoutdoor.com\/es\/wp-json\/wp\/v2\/types\/product"}],"replies":[{"embeddable":true,"href":"https:\/\/tmandoutdoor.com\/es\/wp-json\/wp\/v2\/comments?post=5382"}],"wp:featuredmedia":[{"embeddable":true,"href":"https:\/\/tmandoutdoor.com\/es\/wp-json\/wp\/v2\/media\/10782"}],"wp:attachment":[{"href":"https:\/\/tmandoutdoor.com\/es\/wp-json\/wp\/v2\/media?parent=5382"}],"wp:term":[{"taxonomy":"product_brand","embeddable":true,"href":"https:\/\/tmandoutdoor.com\/es\/wp-json\/wp\/v2\/product_brand?post=5382"},{"taxonomy":"product_cat","embeddable":true,"href":"https:\/\/tmandoutdoor.com\/es\/wp-json\/wp\/v2\/product_cat?post=5382"},{"taxonomy":"product_tag","embeddable":true,"href":"https:\/\/tmandoutdoor.com\/es\/wp-json\/wp\/v2\/product_tag?post=5382"},{"taxonomy":"marque","embeddable":true,"href":"https:\/\/tmandoutdoor.com\/es\/wp-json\/wp\/v2\/marque?post=5382"}],"curies":[{"name":"wp","href":"https:\/\/api.w.org\/{rel}","templated":true}]}}