{"id":5349,"date":"2023-11-20T17:19:08","date_gmt":"2023-11-20T16:19:08","guid":{"rendered":"https:\/\/tmandoutdoor.com\/produit\/higonokami-aogami-warikomi-laton-2\/"},"modified":"2025-07-16T22:14:25","modified_gmt":"2025-07-16T20:14:25","slug":"higonokami-aogami-warikomi-laton-2","status":"publish","type":"product","link":"https:\/\/tmandoutdoor.com\/es\/producto\/higonokami-aogami-warikomi-laton-2\/","title":{"rendered":"Higonokami Aogami Warikomi (lat\u00f3n)"},"content":{"rendered":"<p style=\"margin: 0px 0px 1em; padding: 0px; border: 0px; line-height: inherit; font-family: Arial, Helvetica, sans-serif; font-size: 13px; vertical-align: baseline; min-height: 1px;\">Grosor de la hoja: aprox. 3,0 mm<\/p>\n<p style=\"margin: 0px 0px 1em; padding: 0px; border: 0px; line-height: inherit; font-family: Arial, Helvetica, sans-serif; font-size: 13px; vertical-align: baseline; min-height: 1px;\"><span style=\"margin: 0px; padding: 0px; border: 0px; font-style: inherit; font-variant: inherit; font-weight: inherit; line-height: inherit; font-family: inherit; vertical-align: baseline;\">El acero al carbono requiere un cuidado especial: estas cuchillas se ennegrecen con el uso. Esta oxidaci\u00f3n es inevitable y no puede evitarse. No es necesario lavar el cuchillo, basta con limpiar la hoja despu\u00e9s de usarlo. Conviene limpiarla regularmente con un pa\u00f1o empapado en aceite.  <\/span><\/p>\n<ul style=\"margin: 0px 0px 9px; padding: 0px 0px 0px 15px; border: 0px; line-height: inherit; font-family: Arial, Helvetica, sans-serif; font-size: 13px; vertical-align: baseline;\">\n<li style=\"margin: 0px; padding: 0px; border: 0px; font-style: inherit; font-variant: inherit; font-weight: inherit; line-height: inherit; font-family: inherit; vertical-align: baseline;\"><span class=\"VIiyi\" lang=\"fr\" style=\"margin: 0px; padding: 0px; border: 0px; font-style: inherit; font-variant: inherit; font-weight: inherit; line-height: inherit; font-family: inherit; vertical-align: baseline;\" xml:lang=\"fr\"><span class=\"JLqJ4b ChMk0b\" style=\"margin: 0px; padding: 0px; border: 0px; font-style: inherit; font-variant: inherit; font-weight: inherit; line-height: inherit; font-family: inherit; vertical-align: baseline;\">Longitud de la hoja:7,3 cm<\/span><\/span><\/li>\n<li style=\"margin: 0px; padding: 0px; border: 0px; font-style: inherit; font-variant: inherit; font-weight: inherit; line-height: inherit; font-family: inherit; vertical-align: baseline;\"><span class=\"VIiyi\" lang=\"fr\" style=\"margin: 0px; padding: 0px; border: 0px; font-style: inherit; font-variant: inherit; font-weight: inherit; line-height: inherit; font-family: inherit; vertical-align: baseline;\" xml:lang=\"fr\"><span class=\"JLqJ4b ChMk0b\" style=\"margin: 0px; padding: 0px; border: 0px; font-style: inherit; font-variant: inherit; font-weight: inherit; line-height: inherit; font-family: inherit; vertical-align: baseline;\">Longitud cerrada: 9,7 cm<\/span><\/span><\/li>\n<li style=\"margin: 0px; padding: 0px; border: 0px; font-style: inherit; font-variant: inherit; font-weight: inherit; line-height: inherit; font-family: inherit; vertical-align: baseline;\"><span class=\"VIiyi\" lang=\"fr\" style=\"margin: 0px; padding: 0px; border: 0px; font-style: inherit; font-variant: inherit; font-weight: inherit; line-height: inherit; font-family: inherit; vertical-align: baseline;\" xml:lang=\"fr\">Longitud abierta: 17 cm<\/span><\/li>\n<\/ul>\n<p style=\"margin: 0px 0px 1em; padding: 0px; border: 0px; line-height: inherit; font-family: Arial, Helvetica, sans-serif; font-size: 13px; vertical-align: baseline; min-height: 1px;\"><span class=\"VIiyi\" lang=\"fr\" style=\"margin: 0px; padding: 0px; border: 0px; font-style: inherit; font-variant: inherit; font-weight: inherit; line-height: inherit; font-family: inherit; vertical-align: baseline;\" xml:lang=\"fr\"><span class=\"JLqJ4b\" style=\"margin: 0px; padding: 0px; border: 0px; font-style: inherit; font-variant: inherit; font-weight: inherit; line-height: inherit; font-family: inherit; vertical-align: baseline;\"><span class=\"JLqJ4b ChMk0b\" style=\"margin: 0px; padding: 0px; border: 0px; font-style: inherit; font-variant: inherit; font-weight: inherit; line-height: inherit; font-family: inherit; vertical-align: baseline;\">Cuando el cuchillo es nuevo, la hoja puede estar un poco tensa, pero se aflojar\u00e1 con el tiempo.<\/span> <span class=\"JLqJ4b ChMk0b\" style=\"margin: 0px; padding: 0px; border: 0px; font-style: inherit; font-variant: inherit; font-weight: inherit; line-height: inherit; font-family: inherit; vertical-align: baseline;\">Si se afloja demasiado, se puede apretar martillando el pivote &#8211; una gran caracter\u00edstica del cuchillo Higonokami.<\/span><\/span><\/span><\/p>\n","protected":false},"excerpt":{"rendered":"<p style=\"margin: 0px 0px 1em; padding: 0px; border: 0px; line-height: 18px; font-family: Arial, Helvetica, sans-serif; font-size: 13px; vertical-align: baseline; min-height: 1px; color: #484848;\"><span class=\"JLqJ4b ChMk0b\" style=\"margin: 0px; padding: 0px; border: 0px; font-style: inherit; font-variant: inherit; font-weight: inherit; line-height: inherit; font-family: inherit; vertical-align: baseline;\">La hoja del cuchillo Aogami Warikomi est\u00e1 hecha de acero azul Aogami, que se oculta en el mango de lat\u00f3n.<\/span><span style=\"margin: 0px; padding: 0px; border: 0px; font-style: inherit; font-variant: inherit; font-weight: inherit; line-height: inherit; font-family: inherit; vertical-align: baseline;\"> <\/span><span class=\"JLqJ4b ChMk0b\" style=\"margin: 0px; padding: 0px; border: 0px; font-style: inherit; font-variant: inherit; font-weight: inherit; line-height: inherit; font-family: inherit; vertical-align: baseline;\">La hoja en forma de V permite utilizar el cuchillo con cualquier mano.<\/span><span class=\"JLqJ4b\" style=\"margin: 0px; padding: 0px; border: 0px; font-style: inherit; font-variant: inherit; font-weight: inherit; line-height: inherit; font-family: inherit; vertical-align: baseline;\"> <\/span><span class=\"JLqJ4b ChMk0b\" style=\"margin: 0px; padding: 0px; border: 0px; font-style: inherit; font-variant: inherit; font-weight: inherit; line-height: inherit; font-family: inherit; vertical-align: baseline;\">La hoja se abre mediante la palanca Chikiri y permanece abierta por fricci\u00f3n, sin un mecanismo de bloqueo independiente.<\/span><\/p>\n<p style=\"margin: 0px 0px 1em; padding: 0px; border: 0px; line-height: 18px; font-family: Arial, Helvetica, sans-serif; font-size: 13px; vertical-align: baseline; min-height: 1px; color: #484848;\"><strong style=\"margin: 0px; padding: 0px; border: 0px; font-style: inherit; font-variant: inherit; line-height: inherit; font-family: inherit; vertical-align: baseline;\">Hecho a mano en Jap\u00f3n.<\/strong><\/p>\n","protected":false},"featured_media":10230,"comment_status":"open","ping_status":"closed","template":"","meta":[],"product_brand":[],"product_cat":[235],"product_tag":[],"marque":[],"class_list":{"0":"post-5349","1":"product","2":"type-product","3":"status-publish","4":"has-post-thumbnail","6":"product_cat-cuchillos","7":"product_shipping_class-standard-es","9":"first","10":"instock","11":"taxable","12":"shipping-taxable","13":"purchasable","14":"product-type-simple"},"aioseo_notices":[],"_links":{"self":[{"href":"https:\/\/tmandoutdoor.com\/es\/wp-json\/wp\/v2\/product\/5349","targetHints":{"allow":["GET"]}}],"collection":[{"href":"https:\/\/tmandoutdoor.com\/es\/wp-json\/wp\/v2\/product"}],"about":[{"href":"https:\/\/tmandoutdoor.com\/es\/wp-json\/wp\/v2\/types\/product"}],"replies":[{"embeddable":true,"href":"https:\/\/tmandoutdoor.com\/es\/wp-json\/wp\/v2\/comments?post=5349"}],"wp:featuredmedia":[{"embeddable":true,"href":"https:\/\/tmandoutdoor.com\/es\/wp-json\/wp\/v2\/media\/10230"}],"wp:attachment":[{"href":"https:\/\/tmandoutdoor.com\/es\/wp-json\/wp\/v2\/media?parent=5349"}],"wp:term":[{"taxonomy":"product_brand","embeddable":true,"href":"https:\/\/tmandoutdoor.com\/es\/wp-json\/wp\/v2\/product_brand?post=5349"},{"taxonomy":"product_cat","embeddable":true,"href":"https:\/\/tmandoutdoor.com\/es\/wp-json\/wp\/v2\/product_cat?post=5349"},{"taxonomy":"product_tag","embeddable":true,"href":"https:\/\/tmandoutdoor.com\/es\/wp-json\/wp\/v2\/product_tag?post=5349"},{"taxonomy":"marque","embeddable":true,"href":"https:\/\/tmandoutdoor.com\/es\/wp-json\/wp\/v2\/marque?post=5349"}],"curies":[{"name":"wp","href":"https:\/\/api.w.org\/{rel}","templated":true}]}}