{"id":5326,"date":"2023-11-20T17:19:08","date_gmt":"2023-11-20T16:19:08","guid":{"rendered":"https:\/\/tmandoutdoor.com\/produit\/higonokami-vg-10-madera-de-caqui\/"},"modified":"2025-07-16T22:14:12","modified_gmt":"2025-07-16T20:14:12","slug":"higonokami-vg-10-madera-de-caqui","status":"publish","type":"product","link":"https:\/\/tmandoutdoor.com\/es\/producto\/higonokami-vg-10-madera-de-caqui\/","title":{"rendered":"Higonokami VG-10 (madera de caqui)"},"content":{"rendered":"<ul style=\"margin: 0px 0px 9px; padding: 0px 0px 0px 15px; border: 0px; line-height: inherit; font-family: Arial, Helvetica, sans-serif; font-size: 13px; vertical-align: baseline;\">\n<li style=\"margin: 0px; padding: 0px; border: 0px; font-style: inherit; font-variant: inherit; font-weight: inherit; line-height: inherit; font-family: inherit; vertical-align: baseline;\">Grosor de la hoja: aprox. 2,8 mm<\/li>\n<li style=\"margin: 0px; padding: 0px; border: 0px; font-style: inherit; font-variant: inherit; font-weight: inherit; line-height: inherit; font-family: inherit; vertical-align: baseline;\">Longitud de la hoja: 7,3 cm<\/li>\n<li style=\"margin: 0px; padding: 0px; border: 0px; font-style: inherit; font-variant: inherit; font-weight: inherit; line-height: inherit; font-family: inherit; vertical-align: baseline;\">Longitud cerrada: 9,7 cm<\/li>\n<li style=\"margin: 0px; padding: 0px; border: 0px; font-style: inherit; font-variant: inherit; font-weight: inherit; line-height: inherit; font-family: inherit; vertical-align: baseline;\">Longitud abierta: 17 cm<\/li>\n<li style=\"margin: 0px; padding: 0px; border: 0px; font-style: inherit; font-variant: inherit; font-weight: inherit; line-height: inherit; font-family: inherit; vertical-align: baseline;\">Mango : madera de caqui<\/li>\n<li style=\"margin: 0px; padding: 0px; border: 0px; font-style: inherit; font-variant: inherit; font-weight: inherit; line-height: inherit; font-family: inherit; vertical-align: baseline;\">Hoja de acero: VG-10<\/li>\n<li style=\"margin: 0px; padding: 0px; border: 0px; font-style: inherit; font-variant: inherit; font-weight: inherit; line-height: inherit; font-family: inherit; vertical-align: baseline;\">Peso : 30 g<\/li>\n<\/ul>\n","protected":false},"excerpt":{"rendered":"<p style=\"margin: 0px 0px 1em; padding: 0px; border: 0px; line-height: 18px; font-family: Arial, Helvetica, sans-serif; font-size: 13px; vertical-align: baseline; min-height: 1px; color: #484848;\"><span class=\"VIiyi\" lang=\"fr\" style=\"margin: 0px; padding: 0px; border: 0px; font-style: inherit; font-variant: inherit; font-weight: inherit; line-height: inherit; font-family: inherit; vertical-align: baseline;\" xml:lang=\"fr\"><span class=\"JLqJ4b ChMk0b\" style=\"margin: 0px; padding: 0px; border: 0px; font-style: inherit; font-variant: inherit; font-weight: inherit; line-height: inherit; font-family: inherit; vertical-align: baseline;\"><span style=\"margin: 0px; padding: 0px; border: 0px; font-style: inherit; font-variant: inherit; font-weight: inherit; line-height: inherit; font-family: inherit; vertical-align: baseline;\">El aut\u00e9ntico cuchillo japon\u00e9s Nagao Higonokami Warikomi.<\/span><\/span> <span class=\"JLqJ4b ChMk0b\" style=\"margin: 0px; padding: 0px; border: 0px; font-style: inherit; font-variant: inherit; font-weight: inherit; line-height: inherit; font-family: inherit; vertical-align: baseline;\"><span style=\"margin: 0px; padding: 0px; border: 0px; font-style: inherit; font-variant: inherit; font-weight: inherit; line-height: inherit; font-family: inherit; vertical-align: baseline;\">La hoja est\u00e1 hecha de acero VG-10 de alta calidad.<\/span><\/span> <span class=\"JLqJ4b ChMk0b\" style=\"margin: 0px; padding: 0px; border: 0px; font-style: inherit; font-variant: inherit; font-weight: inherit; line-height: inherit; font-family: inherit; vertical-align: baseline;\"><span style=\"margin: 0px; padding: 0px; border: 0px; font-style: inherit; font-variant: inherit; font-weight: inherit; line-height: inherit; font-family: inherit; vertical-align: baseline;\">La hoja tiene forma de V de doble filo, por lo que puedes usarla por ambos lados, sea cual sea la mano que utilices.<\/span><\/span> <span class=\"JLqJ4b ChMk0b\" style=\"margin: 0px; padding: 0px; border: 0px; font-style: inherit; font-variant: inherit; font-weight: inherit; line-height: inherit; font-family: inherit; vertical-align: baseline;\"><span style=\"margin: 0px; padding: 0px; border: 0px; font-style: inherit; font-variant: inherit; font-weight: inherit; line-height: inherit; font-family: inherit; vertical-align: baseline;\">La hoja est\u00e1 oculta en un mango de acero inoxidable y se abre f\u00e1cilmente con el pulgar en su empu\u00f1adura &#8220;Chikiri&#8221;.<\/span><\/span><\/span><\/p>\n<p style=\"margin: 0px 0px 1em; padding: 0px; border: 0px; line-height: 18px; font-family: Arial, Helvetica, sans-serif; font-size: 13px; vertical-align: baseline; min-height: 1px; color: #484848;\"><strong style=\"margin: 0px; padding: 0px; border: 0px; font-style: inherit; font-variant: inherit; line-height: inherit; font-family: inherit; vertical-align: baseline;\">Hecho a mano en Jap\u00f3n<\/strong><\/p>\n","protected":false},"featured_media":12675,"comment_status":"open","ping_status":"closed","template":"","meta":[],"product_brand":[],"product_cat":[235],"product_tag":[],"marque":[],"class_list":{"0":"post-5326","1":"product","2":"type-product","3":"status-publish","4":"has-post-thumbnail","6":"product_cat-cuchillos","7":"product_shipping_class-standard-es","9":"first","10":"outofstock","11":"taxable","12":"shipping-taxable","13":"purchasable","14":"product-type-simple"},"aioseo_notices":[],"_links":{"self":[{"href":"https:\/\/tmandoutdoor.com\/es\/wp-json\/wp\/v2\/product\/5326","targetHints":{"allow":["GET"]}}],"collection":[{"href":"https:\/\/tmandoutdoor.com\/es\/wp-json\/wp\/v2\/product"}],"about":[{"href":"https:\/\/tmandoutdoor.com\/es\/wp-json\/wp\/v2\/types\/product"}],"replies":[{"embeddable":true,"href":"https:\/\/tmandoutdoor.com\/es\/wp-json\/wp\/v2\/comments?post=5326"}],"wp:featuredmedia":[{"embeddable":true,"href":"https:\/\/tmandoutdoor.com\/es\/wp-json\/wp\/v2\/media\/12675"}],"wp:attachment":[{"href":"https:\/\/tmandoutdoor.com\/es\/wp-json\/wp\/v2\/media?parent=5326"}],"wp:term":[{"taxonomy":"product_brand","embeddable":true,"href":"https:\/\/tmandoutdoor.com\/es\/wp-json\/wp\/v2\/product_brand?post=5326"},{"taxonomy":"product_cat","embeddable":true,"href":"https:\/\/tmandoutdoor.com\/es\/wp-json\/wp\/v2\/product_cat?post=5326"},{"taxonomy":"product_tag","embeddable":true,"href":"https:\/\/tmandoutdoor.com\/es\/wp-json\/wp\/v2\/product_tag?post=5326"},{"taxonomy":"marque","embeddable":true,"href":"https:\/\/tmandoutdoor.com\/es\/wp-json\/wp\/v2\/marque?post=5326"}],"curies":[{"name":"wp","href":"https:\/\/api.w.org\/{rel}","templated":true}]}}