{"id":5175,"date":"2023-11-20T17:19:13","date_gmt":"2023-11-20T16:19:13","guid":{"rendered":"https:\/\/tmandoutdoor.com\/produit\/camisa-con-cuello-de-cremallera-100-algodon\/"},"modified":"2026-01-27T13:16:28","modified_gmt":"2026-01-27T12:16:28","slug":"camisa-con-cuello-de-cremallera-100-algodon","status":"publish","type":"product","link":"https:\/\/tmandoutdoor.com\/es\/producto\/camisa-con-cuello-de-cremallera-100-algodon\/","title":{"rendered":"Camisa de algod\u00f3n caqui, cuello con cremallera, ideal para el campo y los vivacs"},"content":{"rendered":"<h2 id=\"chemise-reglementaire-inspiree-de-l-armee-francaise\">Camiseta reglamentaria inspirada en el ej\u00e9rcito franc\u00e9s<\/h2>\n<p>Nuestra <strong>original<\/strong> camisa F1, directamente inspirada en el Ej\u00e9rcito franc\u00e9s, tiene todas las caracter\u00edsticas del uniforme militar: verde caqui, cuello con cremallera y dise\u00f1o 100% algod\u00f3n. Esta camisa militar acompa\u00f1a a los soldados en el campo de batalla y satisface a los entusiastas de las actividades al aire libre que buscan prendas fiables y c\u00f3modas. <\/p>\n<h2 id=\"les-benefices-cles-de-la-chemise\">Principales ventajas de la camiseta<\/h2>\n<ul>\n<li>Calor y comodidad gracias al tejido de punto grueso que retiene el calor.<\/li>\n<li>Corte t\u00e1ctico de manga larga con cuello con cremallera para una protecci\u00f3n \u00f3ptima contra el viento.<\/li>\n<li>Acabado robusto para resistir el desgaste en terrenos exigentes y en vivac.<\/li>\n<li>Estilo vers\u00e1til: perfecto para llevar a diario, en misiones o como camisa de combate.<\/li>\n<\/ul>\n<h3 id=\"details-techniques-et-tailles-disponibles\">Detalles t\u00e9cnicos y tama\u00f1os disponibles<\/h3>\n<p>Esta camisa de combate tiene cuello alto con cremallera s\u00f3lida. El tejido de algod\u00f3n peinado es transpirable a la vez que c\u00e1lido cuando hace fresco. Las tallas disponibles cubren una amplia gama de tallas de pecho, para garantizar el ajuste adecuado a cada usuario.  <\/p>\n<h3 id=\"pourquoi-choisir-cette-chemise-pour-vos-activites-tactiques\">\u00bfPor qu\u00e9 elegir esta camiseta para tus actividades t\u00e1cticas?<\/h3>\n<ol>\n<li>Color caqui y opci\u00f3n de negro para mimetizarte con el entorno.<\/li>\n<li>Aut\u00e9ntico aspecto militar, fiel al equipamiento del ej\u00e9rcito franc\u00e9s.<\/li>\n<li>Tejido denso y costuras de primera calidad para una mayor durabilidad.<\/li>\n<\/ol>\n<p>Tanto si te diriges a un terreno t\u00e1ctico, a una misi\u00f3n o simplemente de excursi\u00f3n, esta camiseta es una prenda esencial, funcional y c\u00f3moda de llevar.<\/p>\n","protected":false},"excerpt":{"rendered":"<p>Camisa militar caqui 100% algod\u00f3n con cuello de cremallera, c\u00e1lida y robusta, inspirada en el ej\u00e9rcito franc\u00e9s: comodidad, calidad y estilo t\u00e1ctico para tus conjuntos de exterior y para el d\u00eda a d\u00eda.<\/p>\n","protected":false},"featured_media":9858,"comment_status":"open","ping_status":"closed","template":"","meta":[],"product_brand":[],"product_cat":[448,292],"product_tag":[],"marque":[],"class_list":{"0":"post-5175","1":"product","2":"type-product","3":"status-publish","4":"has-post-thumbnail","6":"product_cat-alto","7":"product_cat-hombre","8":"product_shipping_class-standard-es","10":"first","11":"instock","12":"taxable","13":"shipping-taxable","14":"purchasable","15":"product-type-variable"},"aioseo_notices":[],"_links":{"self":[{"href":"https:\/\/tmandoutdoor.com\/es\/wp-json\/wp\/v2\/product\/5175","targetHints":{"allow":["GET"]}}],"collection":[{"href":"https:\/\/tmandoutdoor.com\/es\/wp-json\/wp\/v2\/product"}],"about":[{"href":"https:\/\/tmandoutdoor.com\/es\/wp-json\/wp\/v2\/types\/product"}],"replies":[{"embeddable":true,"href":"https:\/\/tmandoutdoor.com\/es\/wp-json\/wp\/v2\/comments?post=5175"}],"wp:featuredmedia":[{"embeddable":true,"href":"https:\/\/tmandoutdoor.com\/es\/wp-json\/wp\/v2\/media\/9858"}],"wp:attachment":[{"href":"https:\/\/tmandoutdoor.com\/es\/wp-json\/wp\/v2\/media?parent=5175"}],"wp:term":[{"taxonomy":"product_brand","embeddable":true,"href":"https:\/\/tmandoutdoor.com\/es\/wp-json\/wp\/v2\/product_brand?post=5175"},{"taxonomy":"product_cat","embeddable":true,"href":"https:\/\/tmandoutdoor.com\/es\/wp-json\/wp\/v2\/product_cat?post=5175"},{"taxonomy":"product_tag","embeddable":true,"href":"https:\/\/tmandoutdoor.com\/es\/wp-json\/wp\/v2\/product_tag?post=5175"},{"taxonomy":"marque","embeddable":true,"href":"https:\/\/tmandoutdoor.com\/es\/wp-json\/wp\/v2\/marque?post=5175"}],"curies":[{"name":"wp","href":"https:\/\/api.w.org\/{rel}","templated":true}]}}