{"id":4794,"date":"2023-11-20T17:20:33","date_gmt":"2023-11-20T16:20:33","guid":{"rendered":"https:\/\/tmandoutdoor.com\/produit\/sombrero-de-arbusto-arena\/"},"modified":"2025-07-17T10:34:30","modified_gmt":"2025-07-17T08:34:30","slug":"sombrero-de-arbusto-arena","status":"publish","type":"product","link":"https:\/\/tmandoutdoor.com\/es\/producto\/sombrero-de-arbusto-arena\/","title":{"rendered":"Sombrero de arbusto (arena)"},"content":{"rendered":"<p style=\"margin: 0px 0px 1em;padding: 0px;border: 0px;line-height: inherit;font-family: Arial, Helvetica, sans-serif;font-size: 13px;vertical-align: baseline;min-height: 1px\"><span style=\"margin: 0px;padding: 0px;border: 0px;font-style: inherit;font-variant: inherit;font-weight: inherit;line-height: inherit;font-family: inherit;vertical-align: baseline\">El tap\u00f3n se compone de cuatro piezas ensambladas con costuras semicirculares para proporcionar cierta rigidez. La parte inferior y el ala del sombrero est\u00e1n cubiertos con una cinta de sarga de algod\u00f3n.<\/span><br \/>\n<span style=\"margin: 0px;padding: 0px;border: 0px;font-style: inherit;font-variant: inherit;font-weight: inherit;line-height: inherit;font-family: inherit;vertical-align: baseline\">La gorra tiene 4 ojales de ventilaci\u00f3n y un bot\u00f3n de presi\u00f3n en el lado derecho. La carrillera es de sarga de algod\u00f3n.<\/span><\/p>\n<p style=\"margin: 0px 0px 1em;padding: 0px;border: 0px;line-height: inherit;font-family: Arial, Helvetica, sans-serif;font-size: 13px;vertical-align: baseline;min-height: 1px\"><span style=\"margin: 0px;padding: 0px;border: 0px;font-style: inherit;font-variant: inherit;font-weight: inherit;line-height: inherit;font-family: inherit;vertical-align: baseline\">100% algod\u00f3n satinado, el acabado satinado desaparece tras el primer lavado.<\/span><\/p>\n","protected":false},"excerpt":{"rendered":"<p>Desarrollado originalmente para el Ej\u00e9rcito franc\u00e9s, este sombrero de calidad te proporcionar\u00e1 una protecci\u00f3n eficaz contra el sol.<\/p>\n<p>Fotos no contractuales<\/p>\n","protected":false},"featured_media":11852,"comment_status":"open","ping_status":"closed","template":"","meta":[],"product_brand":[],"product_cat":[290],"product_tag":[],"marque":[],"class_list":{"0":"post-4794","1":"product","2":"type-product","3":"status-publish","4":"has-post-thumbnail","6":"product_cat-accesorios","7":"product_shipping_class-standard-es","9":"first","10":"instock","11":"taxable","12":"shipping-taxable","13":"purchasable","14":"product-type-variable"},"aioseo_notices":[],"_links":{"self":[{"href":"https:\/\/tmandoutdoor.com\/es\/wp-json\/wp\/v2\/product\/4794","targetHints":{"allow":["GET"]}}],"collection":[{"href":"https:\/\/tmandoutdoor.com\/es\/wp-json\/wp\/v2\/product"}],"about":[{"href":"https:\/\/tmandoutdoor.com\/es\/wp-json\/wp\/v2\/types\/product"}],"replies":[{"embeddable":true,"href":"https:\/\/tmandoutdoor.com\/es\/wp-json\/wp\/v2\/comments?post=4794"}],"wp:featuredmedia":[{"embeddable":true,"href":"https:\/\/tmandoutdoor.com\/es\/wp-json\/wp\/v2\/media\/11852"}],"wp:attachment":[{"href":"https:\/\/tmandoutdoor.com\/es\/wp-json\/wp\/v2\/media?parent=4794"}],"wp:term":[{"taxonomy":"product_brand","embeddable":true,"href":"https:\/\/tmandoutdoor.com\/es\/wp-json\/wp\/v2\/product_brand?post=4794"},{"taxonomy":"product_cat","embeddable":true,"href":"https:\/\/tmandoutdoor.com\/es\/wp-json\/wp\/v2\/product_cat?post=4794"},{"taxonomy":"product_tag","embeddable":true,"href":"https:\/\/tmandoutdoor.com\/es\/wp-json\/wp\/v2\/product_tag?post=4794"},{"taxonomy":"marque","embeddable":true,"href":"https:\/\/tmandoutdoor.com\/es\/wp-json\/wp\/v2\/marque?post=4794"}],"curies":[{"name":"wp","href":"https:\/\/api.w.org\/{rel}","templated":true}]}}