{"id":4784,"date":"2023-11-20T17:20:56","date_gmt":"2023-11-20T16:20:56","guid":{"rendered":"https:\/\/tmandoutdoor.com\/produit\/higonokami-warikomi-sk-cromo\/"},"modified":"2025-07-30T12:12:45","modified_gmt":"2025-07-30T10:12:45","slug":"higonokami-warikomi-sk-cromo","status":"publish","type":"product","link":"https:\/\/tmandoutdoor.com\/es\/producto\/higonokami-warikomi-sk-cromo\/","title":{"rendered":"Higonokami Warikomi SK (cromo)"},"content":{"rendered":"<ul>\n<li>Grosor de la hoja: aprox. 2,2 ~ 2,8 mm<\/li>\n<li><span class=\"VIiyi\" lang=\"fr\" xml:lang=\"fr\"><span class=\"JLqJ4b ChMk0b\">Empu\u00f1adura: hierro cromado<\/span><\/span><\/li>\n<li><span class=\"VIiyi\" lang=\"fr\" xml:lang=\"fr\"><span class=\"JLqJ4b ChMk0b\">Hoja de acero: SK High Carbon<\/span><span class=\"JLqJ4b\"> <\/span><\/span><\/li>\n<\/ul>\n<p><span class=\"VIiyi\" lang=\"fr\" xml:lang=\"fr\">El acero al carbono requiere un cuidado especial: estas cuchillas se ennegrecen con el uso. Esta oxidaci\u00f3n es inevitable y no puede evitarse. No es necesario lavar el cuchillo, basta con limpiar la hoja despu\u00e9s de usarlo. Conviene limpiarla regularmente con un pa\u00f1o empapado en aceite.  <\/span><\/p>\n<p><strong>Dimensiones Peque\u00f1o :  <\/strong><\/p>\n<ul>\n<li><span class=\"VIiyi\" lang=\"fr\" xml:lang=\"fr\"><span class=\"JLqJ4b ChMk0b\">Longitud de la hoja:6,5 cm<\/span><\/span><\/li>\n<li><span class=\"VIiyi\" lang=\"fr\" xml:lang=\"fr\"><span class=\"JLqJ4b ChMk0b\">Longitud cerrada: 9 cm<\/span><\/span><\/li>\n<li><span class=\"VIiyi\" lang=\"fr\" xml:lang=\"fr\">Longitud abierta: 15 cm<\/span><\/li>\n<\/ul>\n<p><strong>Dimensiones Medio :  <\/strong><\/p>\n<ul>\n<li><span class=\"VIiyi\" lang=\"fr\" xml:lang=\"fr\"><span class=\"JLqJ4b ChMk0b\">Longitud de la hoja: 7 cm<\/span><\/span><\/li>\n<li><span class=\"VIiyi\" lang=\"fr\" xml:lang=\"fr\"><span class=\"JLqJ4b ChMk0b\">Longitud cerrada: 9,2 cm<\/span><\/span><\/li>\n<li><span class=\"VIiyi\" lang=\"fr\" xml:lang=\"fr\">Longitud abierta: 16 cm<\/span><\/li>\n<\/ul>\n<p><strong>Dimensiones Grande :  <\/strong><\/p>\n<ul>\n<li><span class=\"VIiyi\" lang=\"fr\" xml:lang=\"fr\"><span class=\"JLqJ4b ChMk0b\">Longitud de la hoja: 9 cm<\/span><\/span><\/li>\n<li><span class=\"VIiyi\" lang=\"fr\" xml:lang=\"fr\"><span class=\"JLqJ4b ChMk0b\">Longitud cerrada: 12 cm<\/span><\/span><\/li>\n<li><span class=\"VIiyi\" lang=\"fr\" xml:lang=\"fr\">Longitud abierta: 21 cm<\/span><\/li>\n<\/ul>\n<p><span class=\"VIiyi\" lang=\"fr\" xml:lang=\"fr\"><span class=\"JLqJ4b\"><span class=\"JLqJ4b ChMk0b\">Cuando el cuchillo es nuevo, la hoja puede estar un poco tensa, pero se aflojar\u00e1 con el tiempo.<\/span> <span class=\"JLqJ4b ChMk0b\">Si se afloja demasiado, se puede apretar martillando el pivote &#8211; una gran caracter\u00edstica del cuchillo Higonokami.<\/span><\/span><\/span><\/p>\n","protected":false},"excerpt":{"rendered":"<p><span class=\"VIiyi\" lang=\"fr\" xml:lang=\"fr\">La hoja del cuchillo Warikomi es de acero SK de alto contenido en carbono, que se oculta en el mango de hierro niquelado.<\/span><\/p>\n<p><span class=\"VIiyi\" lang=\"fr\" xml:lang=\"fr\"><span class=\"JLqJ4b ChMk0b\">La hoja en forma de V permite utilizar el cuchillo con cualquier mano.<\/span><\/span><\/p>\n<p><span class=\"VIiyi\" lang=\"fr\" xml:lang=\"fr\">La hoja se abre mediante la palanca Chikiri y permanece abierta por fricci\u00f3n, sin un mecanismo de bloqueo independiente.<\/span><\/p>\n<p><strong>Hecho a mano en Jap\u00f3n<\/strong><\/p>\n","protected":false},"featured_media":9024,"comment_status":"open","ping_status":"closed","template":"","meta":[],"product_brand":[],"product_cat":[235],"product_tag":[],"marque":[],"class_list":{"0":"post-4784","1":"product","2":"type-product","3":"status-publish","4":"has-post-thumbnail","6":"product_cat-cuchillos","7":"product_shipping_class-standard-es","9":"first","10":"instock","11":"taxable","12":"shipping-taxable","13":"purchasable","14":"product-type-variable"},"aioseo_notices":[],"_links":{"self":[{"href":"https:\/\/tmandoutdoor.com\/es\/wp-json\/wp\/v2\/product\/4784","targetHints":{"allow":["GET"]}}],"collection":[{"href":"https:\/\/tmandoutdoor.com\/es\/wp-json\/wp\/v2\/product"}],"about":[{"href":"https:\/\/tmandoutdoor.com\/es\/wp-json\/wp\/v2\/types\/product"}],"replies":[{"embeddable":true,"href":"https:\/\/tmandoutdoor.com\/es\/wp-json\/wp\/v2\/comments?post=4784"}],"wp:featuredmedia":[{"embeddable":true,"href":"https:\/\/tmandoutdoor.com\/es\/wp-json\/wp\/v2\/media\/9024"}],"wp:attachment":[{"href":"https:\/\/tmandoutdoor.com\/es\/wp-json\/wp\/v2\/media?parent=4784"}],"wp:term":[{"taxonomy":"product_brand","embeddable":true,"href":"https:\/\/tmandoutdoor.com\/es\/wp-json\/wp\/v2\/product_brand?post=4784"},{"taxonomy":"product_cat","embeddable":true,"href":"https:\/\/tmandoutdoor.com\/es\/wp-json\/wp\/v2\/product_cat?post=4784"},{"taxonomy":"product_tag","embeddable":true,"href":"https:\/\/tmandoutdoor.com\/es\/wp-json\/wp\/v2\/product_tag?post=4784"},{"taxonomy":"marque","embeddable":true,"href":"https:\/\/tmandoutdoor.com\/es\/wp-json\/wp\/v2\/marque?post=4784"}],"curies":[{"name":"wp","href":"https:\/\/api.w.org\/{rel}","templated":true}]}}