{"id":4778,"date":"2023-11-20T17:20:31","date_gmt":"2023-11-20T16:20:31","guid":{"rendered":"https:\/\/tmandoutdoor.com\/produit\/faro-lago-boxer-460\/"},"modified":"2025-07-16T22:11:16","modified_gmt":"2025-07-16T20:11:16","slug":"faro-lago-boxer-460","status":"publish","type":"product","link":"https:\/\/tmandoutdoor.com\/es\/producto\/faro-lago-boxer-460\/","title":{"rendered":"Faro Lago Boxer 460"},"content":{"rendered":"","protected":false},"excerpt":{"rendered":"<p style=\"margin: 0px 0px 1em;padding: 0px;border: 0px;line-height: 18px;font-family: Arial, Helvetica, sans-serif;font-size: 13px;vertical-align: baseline;min-height: 1px;color: #484848\">El faro Boxer 460 fue el faro del ej\u00e9rcito franc\u00e9s durante muchos a\u00f1os.<\/p>\n<ul style=\"margin: 0px 0px 9px 20px;padding: 0px 0px 0px 15px;border: 0px;line-height: inherit;font-family: Arial, Helvetica, sans-serif;font-size: 13px;vertical-align: baseline;color: #484848\">\n<li style=\"margin: 0px;padding: 0px;border: 0px;font-style: inherit;font-variant: inherit;font-weight: inherit;line-height: inherit;font-family: inherit;vertical-align: baseline\">3 LED blancos &#8211; 1 LED rojo,<\/li>\n<li style=\"margin: 0px;padding: 0px;border: 0px;font-style: inherit;font-variant: inherit;font-weight: inherit;line-height: inherit;font-family: inherit;vertical-align: baseline\">La luz roja antideslumbrante preserva la visi\u00f3n nocturna,<\/li>\n<li style=\"margin: 0px;padding: 0px;border: 0px;font-style: inherit;font-variant: inherit;font-weight: inherit;line-height: inherit;font-family: inherit;vertical-align: baseline\">Modo c\u00f3digo Morse, con luz roja al pulsar el interruptor,<\/li>\n<li style=\"margin: 0px;padding: 0px;border: 0px;font-style: inherit;font-variant: inherit;font-weight: inherit;line-height: inherit;font-family: inherit;vertical-align: baseline\">Modo rojo intermitente,<\/li>\n<li style=\"margin: 0px;padding: 0px;border: 0px;font-style: inherit;font-variant: inherit;font-weight: inherit;line-height: inherit;font-family: inherit;vertical-align: baseline\">Modo de prueba de bater\u00eda.<\/li>\n<\/ul>\n<p><img decoding=\"async\" src=\"https:\/\/www.auvieuxcampeur.fr\/media\/pictos\/made-in-france-1636716009.jpg\" alt=\"Fabricado en Francia\"><\/p>\n","protected":false},"featured_media":9168,"comment_status":"open","ping_status":"closed","template":"","meta":[],"product_brand":[],"product_cat":[449],"product_tag":[],"marque":[],"class_list":{"0":"post-4778","1":"product","2":"type-product","3":"status-publish","4":"has-post-thumbnail","6":"product_cat-accesorios-exterior","7":"product_shipping_class-standard-es","9":"first","10":"instock","11":"taxable","12":"shipping-taxable","13":"purchasable","14":"product-type-simple"},"aioseo_notices":[],"_links":{"self":[{"href":"https:\/\/tmandoutdoor.com\/es\/wp-json\/wp\/v2\/product\/4778","targetHints":{"allow":["GET"]}}],"collection":[{"href":"https:\/\/tmandoutdoor.com\/es\/wp-json\/wp\/v2\/product"}],"about":[{"href":"https:\/\/tmandoutdoor.com\/es\/wp-json\/wp\/v2\/types\/product"}],"replies":[{"embeddable":true,"href":"https:\/\/tmandoutdoor.com\/es\/wp-json\/wp\/v2\/comments?post=4778"}],"wp:featuredmedia":[{"embeddable":true,"href":"https:\/\/tmandoutdoor.com\/es\/wp-json\/wp\/v2\/media\/9168"}],"wp:attachment":[{"href":"https:\/\/tmandoutdoor.com\/es\/wp-json\/wp\/v2\/media?parent=4778"}],"wp:term":[{"taxonomy":"product_brand","embeddable":true,"href":"https:\/\/tmandoutdoor.com\/es\/wp-json\/wp\/v2\/product_brand?post=4778"},{"taxonomy":"product_cat","embeddable":true,"href":"https:\/\/tmandoutdoor.com\/es\/wp-json\/wp\/v2\/product_cat?post=4778"},{"taxonomy":"product_tag","embeddable":true,"href":"https:\/\/tmandoutdoor.com\/es\/wp-json\/wp\/v2\/product_tag?post=4778"},{"taxonomy":"marque","embeddable":true,"href":"https:\/\/tmandoutdoor.com\/es\/wp-json\/wp\/v2\/marque?post=4778"}],"curies":[{"name":"wp","href":"https:\/\/api.w.org\/{rel}","templated":true}]}}