{"id":4742,"date":"2023-11-20T17:20:57","date_gmt":"2023-11-20T16:20:57","guid":{"rendered":"https:\/\/tmandoutdoor.com\/produit\/lago-diablo-front-lamp-diadema-de-coyote-lisa\/"},"modified":"2023-11-20T17:20:57","modified_gmt":"2023-11-20T16:20:57","slug":"lago-diablo-front-lamp-diadema-de-coyote-lisa","status":"publish","type":"product","link":"https:\/\/tmandoutdoor.com\/es\/producto\/lago-diablo-front-lamp-diadema-de-coyote-lisa\/","title":{"rendered":"LAGO DIABLO FRONT LAMP (diadema de coyote lisa)"},"content":{"rendered":"<div id=\"MarketplaceProductDescription-c796bc48ce0427bde8f1f9690ae2565e18ef92a0\" class=\"floor container-small floor--expanded container svelte-10ibidi\" style=\"max-width:61.6rem;margin:4.8rem auto 7.2rem;padding:3.2rem 0px;color:#1a2a34;font-family:Roboto, Helvetica, 'Helvetica Neue', Arial, sans-serif;font-size:14px;background-color:#ffffff;border:0px solid #d0d5da;\">\n<div class=\"floor-content svelte-10ibidi\" style=\"border:0px solid;padding:0px 1.6rem;\">\n<div class=\"svelte-1uw9j0x\" style=\"border:0px solid;\">\n<p style=\"border:0px solid;margin:0px 0px 1em;\">Un haz espec\u00edficamente desarrollado para la marcha r\u00e1pida, iluminaci\u00f3n constante en blanco o rojo, alimentado por una o dos pilas.<\/p>\n<p style=\"border:0px solid;margin:0px 0px 1em;\">Para recordar:<\/p>\n<ul style=\"border:0px solid;margin:0px 0px 1em;padding:0px 0px 0px 2em;list-style-type:disc;\">\n<li style=\"color:#1a2a34;font-family:Roboto, Helvetica, 'Helvetica Neue', Arial, sans-serif;font-size:14px;\">Selector lateral para los modos de iluminaci\u00f3n Morse y permanente,<\/li>\n<li style=\"border:0px solid;list-style:inherit;\">\n<p style=\"border:0px solid;margin:0px 0px 1em;\">2 haces de luz :<\/p>\n<ul style=\"border:0px solid;margin:0px 0px 1em;padding:0px 0px 0px 2em;\">\n<li style=\"border:0px solid;list-style:inherit;\">blanco medio ensanchado dise\u00f1ado para caminar r\u00e1pido<\/li>\n<li style=\"border:0px solid;list-style:inherit;\">rojo para mantener intacta su visi\u00f3n nocturna,<\/li>\n<\/ul>\n<\/li>\n<li style=\"border:0px solid;list-style:inherit;\">\n<p style=\"border:0px solid;margin:0px 0px 1em;\">Potencia luminosa constante durante todo el periodo de descarga con 1 \u00f3 2 pilas,<\/p>\n<\/li>\n<li style=\"border:0px solid;list-style:inherit;\">\n<p style=\"border:0px solid;margin:0px 0px 1em;\">Un sistema patentado de soporte frontal para un m\u00e1ximo confort.<\/p>\n<\/li>\n<li style=\"border:0px solid;list-style:inherit;\">\n<p style=\"border:0px solid;margin:0px 0px 1em;\">41 l\u00famenes y una dispersi\u00f3n del haz de hasta 27 metros (seg\u00fan la norma ANSI FL1),<\/p>\n<\/li>\n<li style=\"border:0px solid;list-style:inherit;\">\n<p style=\"border:0px solid;margin:0px 0px 1em;\">Iluminaci\u00f3n constante independientemente de la carga de las pilas; misma potencia con 1 \u00f3 2 pilas.<\/p>\n<\/li>\n<li style=\"border:0px solid;list-style:inherit;\">\n<p style=\"border:0px solid;margin:0px 0px 1em;\">\u00d3ptica especialmente desarrollada para caminar r\u00e1pido por terrenos irregulares (luz blanca):<\/p>\n<ul style=\"border:0px solid;margin:0px 0px 1em;padding:0px 0px 0px 2em;\">\n<li style=\"border:0px solid;list-style:inherit;\">Iluminaci\u00f3n horizontal y del suelo ampliada,<\/li>\n<li style=\"border:0px solid;list-style:inherit;\">Iluminaci\u00f3n a la altura de los ojos para ayudarle a orientarse r\u00e1pidamente.<\/li>\n<\/ul>\n<\/li>\n<li style=\"border:0px solid;list-style:inherit;\">\n<p style=\"border:0px solid;margin:0px 0px 1em;\">2 pilas LR6 \/ AA suministradas (tambi\u00e9n funciona con pilas recargables RC6),<\/p>\n<\/li>\n<li style=\"border:0px solid;list-style:inherit;\">\n<p style=\"border:0px solid;margin:0px 0px 1em;\">Autonom\u00eda de 20 horas con 2 pilas en luz blanca,<\/p>\n<\/li>\n<li style=\"border:0px solid;list-style:inherit;\">\n<p style=\"border:0px solid;margin:0px 0px 1em;\">Autonom\u00eda de 62 horas con 2 pilas rojas.<\/p>\n<\/li>\n<li style=\"border:0px solid;list-style:inherit;\">\n<p style=\"border:0px solid;margin:0px 0px 1em;\">Peso ligero de 110 gramos, con 2 pilas, incluida la diadema (86 gramos con una sola pila),<\/p>\n<\/li>\n<li style=\"border:0px solid;list-style:inherit;\">\n<p style=\"border:0px solid;margin:0px 0px 1em;\">Sistema antiencendido con bloqueo On\/Off y selector en posici\u00f3n Off,<\/p>\n<\/li>\n<li style=\"border:0px solid;list-style:inherit;\">\n<p style=\"border:0px solid;margin:0px 0px 1em;\">Riesgo fotobiol\u00f3gico: Grupo 1, riesgo bajo; ning\u00fan riesgo a una distancia de 0,5 metros (medido seg\u00fan la norma IEC 62471),<\/p>\n<\/li>\n<li style=\"border:0px solid;list-style:inherit;\">\n<p style=\"border:0px solid;margin:0px 0px 1em;\">Cinta el\u00e1stica ajustable, hipoalerg\u00e9nica y lavable a 30\u00b0C,<\/p>\n<\/li>\n<li style=\"border:0px solid;list-style:inherit;\">\n<p style=\"border:0px solid;margin:0px 0px 1em;\">Se engancha a cualquier soporte equipado con un sistema SHROUD (accesorio suministrado),<\/p>\n<\/li>\n<li style=\"border:0px solid;list-style:inherit;\">\n<p style=\"border:0px solid;margin:0px 0px 1em;\">Se engancha al sistema MOLLE (con el accesorio suministrado).<\/p>\n<\/li>\n<li style=\"border:0px solid;list-style:inherit;\"><span style=\"color:#1a2a34;font-family:Roboto, Helvetica, 'Helvetica Neue', Arial, sans-serif;\"><span style=\"font-size:14px;\">Diadema de coyote lisa<\/span><\/span><\/li>\n<\/ul>\n<p style=\"border:0px solid;margin:0px 0px 1em;\"><span style=\"color:#000000;\">La linterna frontal DIABLO se desarroll\u00f3 en colaboraci\u00f3n con el ej\u00e9rcito franc\u00e9s para su uso en vivacs y operaciones al aire libre.<\/span><\/p>\n<p style=\"border:0px solid;margin:0px 0px 1em;\"><span style=\"color:#000000;\">El faro DIABLO est\u00e1 totalmente dise\u00f1ado y fabricado en Francia (excepto las pilas y los componentes electr\u00f3nicos).<\/span><\/p>\n<p style=\"border:0px solid;margin:0px 0px 1em;\">\n<\/div>\n<\/div>\n<\/div>\n<div id=\"MarketplaceProductTechnicalInformations-b9d6c3f2704ed593d4a04534ed003cfa32bde3f0\" class=\"floor container-small floor--expanded container svelte-10ibidi\" style=\"max-width:61.6rem;margin:4.8rem auto 7.2rem;padding:3.2rem 0px;color:#1a2a34;font-family:Roboto, Helvetica, 'Helvetica Neue', Arial, sans-serif;font-size:14px;background-color:#ffffff;border:0px solid #d0d5da;\">\n<div class=\"floor-content svelte-10ibidi\" style=\"border:0px solid;padding:0px 1.6rem;\">\n<div style=\"border:0px solid;\">\n<ul class=\"svelte-1aqgxy0\" style=\"border:0px solid;margin:0px;padding:0px;\">\n<li class=\"vtmn-flex vtmn-flex-wrap vtmn-justify-between vtmn-items-baseline vtmn-p-2 vtmn-border-b vtmn-border-solid vtmn-border-grey-light-2 svelte-1aqgxy0\" style=\"border-width:.1rem 0px 1px;border-style:solid;border-top-color:#d0d5da;list-style:none;margin-top:-.1rem;\"><span class=\"vtmn-mr-2\" style=\"border:0px solid;\">TIPO DE ALIMENTACI\u00d3N : <\/span><span class=\"vtmn-font-bold vtmn-full-h\" style=\"border:0px solid;font-weight:bold;\">pilas<\/span><\/li>\n<li class=\"vtmn-flex vtmn-flex-wrap vtmn-justify-between vtmn-items-baseline vtmn-p-2 vtmn-border-b vtmn-border-solid vtmn-border-grey-light-2 svelte-1aqgxy0\" style=\"border-width:.1rem 0px 1px;border-style:solid;border-top-color:#d0d5da;list-style:none;margin-top:-.1rem;background-color:transparent;\"><span class=\"vtmn-mr-2\" style=\"border:0px solid;\">tipo de iluminaci\u00f3n : <\/span><span class=\"vtmn-font-bold vtmn-full-h\" style=\"border:0px solid;font-weight:bold;\">modo rojo<\/span><\/li>\n<li class=\"vtmn-flex vtmn-flex-wrap vtmn-justify-between vtmn-items-baseline vtmn-p-2 vtmn-border-b vtmn-border-solid vtmn-border-grey-light-2 svelte-1aqgxy0\" style=\"border-width:.1rem 0px 1px;border-style:solid;border-top-color:#d0d5da;list-style:none;margin-top:-.1rem;\"><span class=\"vtmn-mr-2\" style=\"border:0px solid;\">reclinable : <\/span><span class=\"vtmn-font-bold vtmn-full-h\" style=\"border:0px solid;font-weight:bold;\">con inclinaci\u00f3n<\/span><\/li>\n<li class=\"vtmn-flex vtmn-flex-wrap vtmn-justify-between vtmn-items-baseline vtmn-p-2 vtmn-border-b vtmn-border-solid vtmn-border-grey-light-2 svelte-1aqgxy0\" style=\"border-width:.1rem 0px 1px;border-style:solid;border-top-color:#d0d5da;list-style:none;margin-top:-.1rem;background-color:transparent;\"><span class=\"vtmn-mr-2\" style=\"border:0px solid;\">anchura (en cm) : <\/span><span class=\"vtmn-font-bold vtmn-full-h\" style=\"border:0px solid;font-weight:bold;\">4,8 cm<\/span><\/li>\n<li class=\"vtmn-flex vtmn-flex-wrap vtmn-justify-between vtmn-items-baseline vtmn-p-2 vtmn-border-b vtmn-border-solid vtmn-border-grey-light-2 svelte-1aqgxy0\" style=\"border-width:.1rem 0px 1px;border-style:solid;border-top-color:#d0d5da;list-style:none;margin-top:-.1rem;\"><span class=\"vtmn-mr-2\" style=\"border:0px solid;\">tecnolog\u00eda de iluminaci\u00f3n : <\/span><span class=\"vtmn-font-bold vtmn-full-h\" style=\"border:0px solid;font-weight:bold;\">iluminaci\u00f3n LED constante<\/span><\/li>\n<li class=\"vtmn-flex vtmn-flex-wrap vtmn-justify-between vtmn-items-baseline vtmn-p-2 vtmn-border-b vtmn-border-solid vtmn-border-grey-light-2 svelte-1aqgxy0 second-half\" style=\"border-width:.1rem 0px 1px;border-style:solid;border-top-color:#d0d5da;list-style:none;margin-top:-.1rem;background-color:transparent;\"><span class=\"vtmn-mr-2\" style=\"border:0px solid;\">tipo de haz : <\/span><span class=\"vtmn-font-bold vtmn-full-h\" style=\"border:0px solid;font-weight:bold;\">haz mixto<\/span><\/li>\n<li class=\"vtmn-flex vtmn-flex-wrap vtmn-justify-between vtmn-items-baseline vtmn-p-2 vtmn-border-b vtmn-border-solid vtmn-border-grey-light-2 svelte-1aqgxy0 second-half\" style=\"border-width:.1rem 0px 1px;border-style:solid;border-top-color:#d0d5da;list-style:none;margin-top:-.1rem;\"><span class=\"vtmn-mr-2\" style=\"border:0px solid;\">altura (en cm) : <\/span><span class=\"vtmn-font-bold vtmn-full-h\" style=\"border:0px solid;font-weight:bold;\">3,5 cm<\/span><\/li>\n<li class=\"vtmn-flex vtmn-flex-wrap vtmn-justify-between vtmn-items-baseline vtmn-p-2 vtmn-border-b vtmn-border-solid vtmn-border-grey-light-2 svelte-1aqgxy0 second-half\" style=\"border-width:.1rem 0px 1px;border-style:solid;border-top-color:#d0d5da;list-style:none;margin-top:-.1rem;background-color:transparent;\"><span class=\"vtmn-mr-2\" style=\"border:0px solid;\">longitud (en cm) : <\/span><span class=\"vtmn-font-bold vtmn-full-h\" style=\"border:0px solid;font-weight:bold;\">7,2 cm<\/span><\/li>\n<li class=\"vtmn-flex vtmn-flex-wrap vtmn-justify-between vtmn-items-baseline vtmn-p-2 vtmn-border-b vtmn-border-solid vtmn-border-grey-light-2 svelte-1aqgxy0 second-half\" style=\"border-width:.1rem 0px 1px;border-style:solid;border-top-color:#d0d5da;list-style:none;margin-top:-.1rem;\"><span class=\"vtmn-mr-2\" style=\"border:0px solid;\">potencia m\u00e1xima (en l\u00famenes) : <\/span><span class=\"vtmn-font-bold vtmn-full-h\" style=\"border:0px solid;font-weight:bold;\">de 10 a 50 l\u00famenes<\/span><\/li>\n<\/ul>\n<\/div>\n<\/div>\n<\/div>\n","protected":false},"excerpt":{"rendered":"<p style=\"border:0px solid;margin:0px 0px 1em;\"><span style=\"color:#000000;\">La linterna frontal DIABLO se desarroll\u00f3 en colaboraci\u00f3n con el ej\u00e9rcito franc\u00e9s para su uso en vivacs y operaciones al aire libre.<\/span><\/p>\n<p style=\"border:0px solid;margin:0px 0px 1em;\"><span style=\"color:#000000;\">El faro DIABLO se dise\u00f1a y fabrica \u00edntegramente en Francia.<\/span><\/p>\n<p style=\"border:0px solid;margin:0px 0px 1em;\"><span style=\"color:#000000;\"><img decoding=\"async\" src=\"https:\/\/www.auvieuxcampeur.fr\/media\/pictos\/made-in-france-1636716009.jpg\" alt=\"Fabricado en Francia\"><\/span><\/p>\n","protected":false},"featured_media":8928,"comment_status":"open","ping_status":"closed","template":"","meta":[],"product_brand":[],"product_cat":[290],"product_tag":[],"marque":[],"class_list":{"0":"post-4742","1":"product","2":"type-product","3":"status-publish","4":"has-post-thumbnail","6":"product_cat-accesorios","8":"first","9":"instock","10":"taxable","11":"shipping-taxable","12":"purchasable","13":"product-type-simple"},"aioseo_notices":[],"_links":{"self":[{"href":"https:\/\/tmandoutdoor.com\/es\/wp-json\/wp\/v2\/product\/4742","targetHints":{"allow":["GET"]}}],"collection":[{"href":"https:\/\/tmandoutdoor.com\/es\/wp-json\/wp\/v2\/product"}],"about":[{"href":"https:\/\/tmandoutdoor.com\/es\/wp-json\/wp\/v2\/types\/product"}],"replies":[{"embeddable":true,"href":"https:\/\/tmandoutdoor.com\/es\/wp-json\/wp\/v2\/comments?post=4742"}],"wp:featuredmedia":[{"embeddable":true,"href":"https:\/\/tmandoutdoor.com\/es\/wp-json\/wp\/v2\/media\/8928"}],"wp:attachment":[{"href":"https:\/\/tmandoutdoor.com\/es\/wp-json\/wp\/v2\/media?parent=4742"}],"wp:term":[{"taxonomy":"product_brand","embeddable":true,"href":"https:\/\/tmandoutdoor.com\/es\/wp-json\/wp\/v2\/product_brand?post=4742"},{"taxonomy":"product_cat","embeddable":true,"href":"https:\/\/tmandoutdoor.com\/es\/wp-json\/wp\/v2\/product_cat?post=4742"},{"taxonomy":"product_tag","embeddable":true,"href":"https:\/\/tmandoutdoor.com\/es\/wp-json\/wp\/v2\/product_tag?post=4742"},{"taxonomy":"marque","embeddable":true,"href":"https:\/\/tmandoutdoor.com\/es\/wp-json\/wp\/v2\/marque?post=4742"}],"curies":[{"name":"wp","href":"https:\/\/api.w.org\/{rel}","templated":true}]}}