{"id":4692,"date":"2023-11-20T17:21:22","date_gmt":"2023-11-20T16:21:22","guid":{"rendered":"https:\/\/tmandoutdoor.com\/produit\/mochila-first-division-25l-camuflaje\/"},"modified":"2023-11-20T17:21:22","modified_gmt":"2023-11-20T16:21:22","slug":"mochila-first-division-25l-camuflaje","status":"publish","type":"product","link":"https:\/\/tmandoutdoor.com\/es\/producto\/mochila-first-division-25l-camuflaje\/","title":{"rendered":"Mochila First Division 25L (camuflaje)"},"content":{"rendered":"<ul style=\"margin:0px 0px 9px 20px;padding:0px 0px 0px 15px;border:0px;font-family:Arial, Helvetica, sans-serif;line-height:inherit;font-size:13px;vertical-align:baseline;color:#484848;\">\n<li style=\"margin:0px;padding:0px;border:0px;font-family:inherit;font-style:inherit;line-height:inherit;vertical-align:baseline;\">  2 bolsillos principales<\/li>\n<li style=\"margin:0px;padding:0px;border:0px;font-family:inherit;font-style:inherit;line-height:inherit;vertical-align:baseline;\">  2 bolsillos con sistema MOLLE<\/li>\n<li style=\"margin:0px;padding:0px;border:0px;font-family:inherit;font-style:inherit;line-height:inherit;vertical-align:baseline;\">  Bolsa para sistema de hidrataci\u00f3n<\/li>\n<li style=\"margin:0px;padding:0px;border:0px;font-family:inherit;font-style:inherit;line-height:inherit;vertical-align:baseline;\">  Sistema de ventilaci\u00f3n en la parte trasera<\/li>\n<li style=\"margin:0px;padding:0px;border:0px;font-family:inherit;font-style:inherit;line-height:inherit;vertical-align:baseline;\">  Asas reforzadas<\/li>\n<li style=\"margin:0px;padding:0px;border:0px;font-family:inherit;font-style:inherit;line-height:inherit;vertical-align:baseline;\">  Tirantes acolchados<\/li>\n<li style=\"margin:0px;padding:0px;border:0px;font-family:inherit;font-style:inherit;line-height:inherit;vertical-align:baseline;\">  Cinta ventral<\/li>\n<li style=\"margin:0px;padding:0px;border:0px;font-family:inherit;font-style:inherit;line-height:inherit;vertical-align:baseline;\">  Correa de retorno de carga<\/li>\n<li style=\"margin:0px;padding:0px;border:0px;font-family:inherit;font-style:inherit;line-height:inherit;vertical-align:baseline;\">  Correa de compresi\u00f3n<\/li>\n<li style=\"margin:0px;padding:0px;border:0px;font-family:inherit;font-style:inherit;line-height:inherit;vertical-align:baseline;\">  Bolsillos de almacenamiento en cada compartimento<\/li>\n<li style=\"margin:0px;padding:0px;border:0px;font-family:inherit;font-style:inherit;line-height:inherit;vertical-align:baseline;\">  Cierres autoadherentes<\/li>\n<\/ul>\n","protected":false},"excerpt":{"rendered":"<p>Mochila multibolsillos y multiusos de 25 litros.  <\/p>\n<p>Ideal para una excursi\u00f3n por la naturaleza de 24 horas o como bolsa de transporte para el d\u00eda a d\u00eda.<\/p>\n","protected":false},"featured_media":8694,"comment_status":"open","ping_status":"closed","template":"","meta":[],"product_brand":[],"product_cat":[288,422],"product_tag":[],"marque":[],"class_list":{"0":"post-4692","1":"product","2":"type-product","3":"status-publish","4":"has-post-thumbnail","6":"product_cat-bolsas","7":"product_cat-mochila","8":"product_shipping_class-standard-es","10":"first","11":"instock","12":"taxable","13":"shipping-taxable","14":"purchasable","15":"product-type-simple"},"aioseo_notices":[],"_links":{"self":[{"href":"https:\/\/tmandoutdoor.com\/es\/wp-json\/wp\/v2\/product\/4692","targetHints":{"allow":["GET"]}}],"collection":[{"href":"https:\/\/tmandoutdoor.com\/es\/wp-json\/wp\/v2\/product"}],"about":[{"href":"https:\/\/tmandoutdoor.com\/es\/wp-json\/wp\/v2\/types\/product"}],"replies":[{"embeddable":true,"href":"https:\/\/tmandoutdoor.com\/es\/wp-json\/wp\/v2\/comments?post=4692"}],"wp:featuredmedia":[{"embeddable":true,"href":"https:\/\/tmandoutdoor.com\/es\/wp-json\/wp\/v2\/media\/8694"}],"wp:attachment":[{"href":"https:\/\/tmandoutdoor.com\/es\/wp-json\/wp\/v2\/media?parent=4692"}],"wp:term":[{"taxonomy":"product_brand","embeddable":true,"href":"https:\/\/tmandoutdoor.com\/es\/wp-json\/wp\/v2\/product_brand?post=4692"},{"taxonomy":"product_cat","embeddable":true,"href":"https:\/\/tmandoutdoor.com\/es\/wp-json\/wp\/v2\/product_cat?post=4692"},{"taxonomy":"product_tag","embeddable":true,"href":"https:\/\/tmandoutdoor.com\/es\/wp-json\/wp\/v2\/product_tag?post=4692"},{"taxonomy":"marque","embeddable":true,"href":"https:\/\/tmandoutdoor.com\/es\/wp-json\/wp\/v2\/marque?post=4692"}],"curies":[{"name":"wp","href":"https:\/\/api.w.org\/{rel}","templated":true}]}}