{"id":4521,"date":"2023-11-20T17:21:48","date_gmt":"2023-11-20T16:21:48","guid":{"rendered":"https:\/\/tmandoutdoor.com\/produit\/camiseta-de-tirantes-rusa-azul-marino\/"},"modified":"2026-01-17T18:34:05","modified_gmt":"2026-01-17T17:34:05","slug":"camiseta-de-tirantes-rusa-azul-marino","status":"publish","type":"product","link":"https:\/\/tmandoutdoor.com\/es\/producto\/camiseta-de-tirantes-rusa-azul-marino\/","title":{"rendered":"Camiseta de tirantes rusa telnyashka de algod\u00f3n azul marino &#8211; aut\u00e9ntica camiseta militar de marinero"},"content":{"rendered":"<h2 id=\"une-mariniere-russe-mythique-pour-vos-aventures\">Un legendario marinero ruso para tus aventuras<\/h2>\n<p>Inspirada en los trajes que llevaban <strong>las tropas de la marina rusa<\/strong>, esta camiseta sin mangas telnyashka combina el aspecto tradicional de rayas azul marino\/crudo con una construcci\u00f3n s\u00f3lida dise\u00f1ada para el aire libre. Su tejido de <strong>algod\u00f3n natural sin blanquear<\/strong> de 241 g\/m\u00b2 te mantiene fresca en verano, al tiempo que conserva un aire vintage fiel al original. <\/p>\n<h2 id=\"pourquoi-choisir-notre-debardeur-de-la-marine-russe\">\u00bfPor qu\u00e9 elegir nuestra camiseta sin mangas de la Armada rusa?<\/h2>\n<ol>\n<li><strong>Comodidad duradera:<\/strong> tejida a m\u00e1quina de dos agujas con la t\u00e9cnica sovi\u00e9tica, sigue siendo el\u00e1stica y no se deforma, incluso despu\u00e9s de varios lavados.<\/li>\n<li><strong>100% algod\u00f3n transpirable:<\/strong> perfecto para deportes acu\u00e1ticos, senderismo o uso urbano diario.<\/li>\n<li><strong>Autenticidad militar:<\/strong> mismo corte entallado y rayas que la camiseta de tirantes naval original.<\/li>\n<li><strong>Apreciablemente ligero:<\/strong> s\u00f3lo 0,25 kg, se pliega f\u00e1cilmente en una bolsa de 30 litros sin sobrecargar tu equipo.<\/li>\n<li><strong>Dos colores hist\u00f3ricamente precisos:<\/strong> azul marino predominante o crudo predominante, ambos con rayas en contraste.<\/li>\n<\/ol>\n<h3 id=\"details-techniques-essentiels\">Detalles t\u00e9cnicos esenciales<\/h3>\n<ol>\n<li>Material: 100% algod\u00f3n natural sin blanquear, algod\u00f3n tradicionalmente grueso.<\/li>\n<li>Peso del tejido: 241 g\/m\u00b2, el compromiso ideal entre resistencia y ligereza.<\/li>\n<li>Corte: cuello redondo, mangas cortas, facilidad de movimiento para tirar, nadar o correr.<\/li>\n<li>Tallas: de la XS a la XXL &#8211; elige la tuya para un ajuste entallado o un estilo militar holgado.<\/li>\n<li>Colores: azul marino con rayas crudas o crudo con rayas azul marino, para un look marinero atemporal.<\/li>\n<\/ol>\n<h3 id=\"conseils-d-entretien-et-d-utilisation\">Consejos de uso y cuidado<\/h3>\n<p>Lava tu chaqueta marinera rusa a 30\u00b0C para preservar los colores y la serigraf\u00eda de ara\u00f1azos. Evita la secadora para mantener la elasticidad del punto. Ideal como primera capa bajo una chaqueta t\u00e1ctica, o por s\u00ed sola como camiseta de tirantes azul marino en un caluroso d\u00eda de verano.  <\/p>\n<p><\/p>\n","protected":false},"excerpt":{"rendered":"<p>Descubre la camiseta de tirantes rusa telnyashka, una aut\u00e9ntica chaqueta marinera de algod\u00f3n 100% natural. Ligera, resistente y c\u00f3moda, es ideal para el verano, las actividades al aire libre, los deportes acu\u00e1ticos y el estilo militar cotidiano.<\/p>\n","protected":false},"featured_media":22447,"comment_status":"open","ping_status":"closed","template":"","meta":[],"product_brand":[],"product_cat":[448,292,423],"product_tag":[],"marque":[1178],"class_list":{"0":"post-4521","1":"product","2":"type-product","3":"status-publish","4":"has-post-thumbnail","6":"product_cat-alto","7":"product_cat-hombre","8":"product_cat-tendencias","9":"product_shipping_class-standard-es","10":"marque-telnyashka","12":"first","13":"instock","14":"taxable","15":"shipping-taxable","16":"purchasable","17":"product-type-variable"},"aioseo_notices":[],"_links":{"self":[{"href":"https:\/\/tmandoutdoor.com\/es\/wp-json\/wp\/v2\/product\/4521","targetHints":{"allow":["GET"]}}],"collection":[{"href":"https:\/\/tmandoutdoor.com\/es\/wp-json\/wp\/v2\/product"}],"about":[{"href":"https:\/\/tmandoutdoor.com\/es\/wp-json\/wp\/v2\/types\/product"}],"replies":[{"embeddable":true,"href":"https:\/\/tmandoutdoor.com\/es\/wp-json\/wp\/v2\/comments?post=4521"}],"wp:featuredmedia":[{"embeddable":true,"href":"https:\/\/tmandoutdoor.com\/es\/wp-json\/wp\/v2\/media\/22447"}],"wp:attachment":[{"href":"https:\/\/tmandoutdoor.com\/es\/wp-json\/wp\/v2\/media?parent=4521"}],"wp:term":[{"taxonomy":"product_brand","embeddable":true,"href":"https:\/\/tmandoutdoor.com\/es\/wp-json\/wp\/v2\/product_brand?post=4521"},{"taxonomy":"product_cat","embeddable":true,"href":"https:\/\/tmandoutdoor.com\/es\/wp-json\/wp\/v2\/product_cat?post=4521"},{"taxonomy":"product_tag","embeddable":true,"href":"https:\/\/tmandoutdoor.com\/es\/wp-json\/wp\/v2\/product_tag?post=4521"},{"taxonomy":"marque","embeddable":true,"href":"https:\/\/tmandoutdoor.com\/es\/wp-json\/wp\/v2\/marque?post=4521"}],"curies":[{"name":"wp","href":"https:\/\/api.w.org\/{rel}","templated":true}]}}