{"id":4427,"date":"2023-11-20T17:21:49","date_gmt":"2023-11-20T16:21:49","guid":{"rendered":"https:\/\/tmandoutdoor.com\/produit\/camiseta-eminence-100-algodon-de-comercio-justo\/"},"modified":"2025-07-15T22:35:36","modified_gmt":"2025-07-15T20:35:36","slug":"camiseta-eminence-100-algodon-de-comercio-justo","status":"publish","type":"product","link":"https:\/\/tmandoutdoor.com\/es\/producto\/camiseta-eminence-100-algodon-de-comercio-justo\/","title":{"rendered":"Camiseta Eminence\u00ae (100% algod\u00f3n de comercio justo)"},"content":{"rendered":"<p style=\"margin: 0px 0px 1em;padding: 0px;border: 0px;font-family: Arial, Helvetica, sans-serif;line-height: 18px;font-size: 13px;vertical-align: baseline;min-height: 1px;color: #484848\">Fabricado en punto jersey de algod\u00f3n 100% Fairtrade<\/p>\n<p style=\"margin: 0px 0px 1em;padding: 0px;border: 0px;font-family: Arial, Helvetica, sans-serif;line-height: 18px;font-size: 13px;vertical-align: baseline;min-height: 1px;color: #484848\">Escote redondo.<\/p>\n<p style=\"margin: 0px 0px 1em;padding: 0px;border: 0px;font-family: Arial, Helvetica, sans-serif;line-height: 18px;font-size: 13px;vertical-align: baseline;min-height: 1px;color: #484848\">Dobladillo corto o mangas rellenas.<\/p>\n<p style=\"margin: 0px 0px 1em;padding: 0px;border: 0px;font-family: Arial, Helvetica, sans-serif;line-height: 18px;font-size: 13px;vertical-align: baseline;min-height: 1px;color: #484848\">* El comercio justo ofrece a los productores y artesanos del sector del algod\u00f3n los medios para satisfacer sus necesidades y vivir dignamente de su trabajo. Es una garant\u00eda para el consumidor de un producto de alta calidad social y medioambiental, y para el ciudadano de que est\u00e1 ayudando a construir un mundo m\u00e1s justo.<\/p>\n","protected":false},"excerpt":{"rendered":"<p>Camiseta de punto de algod\u00f3n<strong>de Comercio Justo <\/strong>: suave y resistente.<\/p>\n<p>Color: coyote<\/p>\n<p>Fabricante: Eminence\u00ae<\/p>\n<p><strong>El enfoque del &#8220;algod\u00f3n de Comercio Justo &#8220;* se basa en 3 elementos <\/strong><\/p>\n<p>&#8211; equidad en los intercambios econ\u00f3micos<\/p>\n<p>&#8211; preservaci\u00f3n del medio ambiente<\/p>\n<p>&#8211; respeto de la \u00e9tica social<\/p>\n","protected":false},"featured_media":12539,"comment_status":"open","ping_status":"closed","template":"","meta":[],"product_brand":[],"product_cat":[448,292],"product_tag":[],"marque":[],"class_list":{"0":"post-4427","1":"product","2":"type-product","3":"status-publish","4":"has-post-thumbnail","6":"product_cat-alto","7":"product_cat-hombre","8":"product_shipping_class-standard-es","10":"first","11":"instock","12":"taxable","13":"shipping-taxable","14":"purchasable","15":"product-type-variable"},"aioseo_notices":[],"_links":{"self":[{"href":"https:\/\/tmandoutdoor.com\/es\/wp-json\/wp\/v2\/product\/4427","targetHints":{"allow":["GET"]}}],"collection":[{"href":"https:\/\/tmandoutdoor.com\/es\/wp-json\/wp\/v2\/product"}],"about":[{"href":"https:\/\/tmandoutdoor.com\/es\/wp-json\/wp\/v2\/types\/product"}],"replies":[{"embeddable":true,"href":"https:\/\/tmandoutdoor.com\/es\/wp-json\/wp\/v2\/comments?post=4427"}],"wp:featuredmedia":[{"embeddable":true,"href":"https:\/\/tmandoutdoor.com\/es\/wp-json\/wp\/v2\/media\/12539"}],"wp:attachment":[{"href":"https:\/\/tmandoutdoor.com\/es\/wp-json\/wp\/v2\/media?parent=4427"}],"wp:term":[{"taxonomy":"product_brand","embeddable":true,"href":"https:\/\/tmandoutdoor.com\/es\/wp-json\/wp\/v2\/product_brand?post=4427"},{"taxonomy":"product_cat","embeddable":true,"href":"https:\/\/tmandoutdoor.com\/es\/wp-json\/wp\/v2\/product_cat?post=4427"},{"taxonomy":"product_tag","embeddable":true,"href":"https:\/\/tmandoutdoor.com\/es\/wp-json\/wp\/v2\/product_tag?post=4427"},{"taxonomy":"marque","embeddable":true,"href":"https:\/\/tmandoutdoor.com\/es\/wp-json\/wp\/v2\/marque?post=4427"}],"curies":[{"name":"wp","href":"https:\/\/api.w.org\/{rel}","templated":true}]}}