{"id":4426,"date":"2023-11-20T17:21:51","date_gmt":"2023-11-20T16:21:51","guid":{"rendered":"https:\/\/tmandoutdoor.com\/produit\/chaleco-eminence-tech-400\/"},"modified":"2026-01-21T16:19:47","modified_gmt":"2026-01-21T15:19:47","slug":"chaleco-eminence-tech-400","status":"publish","type":"product","link":"https:\/\/tmandoutdoor.com\/es\/producto\/chaleco-eminence-tech-400\/","title":{"rendered":"Chaleco Eminence TECH+ 400 g\/m\u00b2: aislamiento t\u00e9rmico de alto nivel en lana merina"},"content":{"rendered":"<h2 id=\"pourquoi-choisir-le-gilet-eminence-tech\">\u00bfPor qu\u00e9 elegir el chaleco Eminence TECH+?<\/h2>\n<p>Dise\u00f1ado para las rigurosas necesidades del Ej\u00e9rcito franc\u00e9s, nuestro chaleco reglamentario Eminence TECH+ proporciona <strong>un aislamiento t\u00e9rmico excepcional<\/strong>, al tiempo que ofrece <strong>una mayor comodidad<\/strong> en el d\u00eda a d\u00eda. Gracias a la <strong>lana merina combinada<\/strong> con poli\u00e9ster y poliamida, conserva el calor, regula la humedad y resiste el desgaste, temporada tras temporada. <\/p>\n<h2 id=\"avantages-cles\">Beneficios clave<\/h2>\n<ol>\n<li>Aislamiento din\u00e1mico: los bucles de 400 g\/m\u00b2 retienen hasta un 80% de aire para mantener tu cuerpo caliente.<\/li>\n<li>Control de la humedad: fibras que evacuan la humedad para mantenerte seco, incluso cuando trabajas duro.<\/li>\n<li>Corte ergon\u00f3mico: pu\u00f1os alargados con orificio para el pulgar y espalda cortaviento alargada.<\/li>\n<li>Cuidado f\u00e1cil: tratamiento Superwash, lavable a m\u00e1quina sin riesgo de afieltrado.<\/li>\n<li>Duradera: mezcla de lana merina\/poli\u00e9ster\/poliamida para una mayor durabilidad.<\/li>\n<\/ol>\n<h2 id=\"caracteristiques-techniques\">Especificaciones t\u00e9cnicas<\/h2>\n<ol>\n<li>Densidad: 400 g\/m\u00b2 &#8211; rendimiento t\u00e9rmico \u00f3ptimo en climas fr\u00edos.<\/li>\n<li>Composici\u00f3n: 70% lana merina, 20% poli\u00e9ster, 10% poliamida.<\/li>\n<li>Costuras planas para reducir las rozaduras; perfecto como primera <strong>capa<\/strong> o <strong>capa<\/strong> intermedia.<\/li>\n<li>Tallas: de la XS a la 3XL para un ajuste preciso.<\/li>\n<\/ol>\n<h3 id=\"applications-terrain-urbaines\">Aplicaciones de campo y urbanas<\/h3>\n<p>Excursiones invernales, vivacs prolongados, guardias est\u00e1ticas o desplazamientos diarios: el chaleco reglamentario Eminence TECH+ te mantiene caliente, proporciona un aislamiento t\u00e9rmico fiable y es ideal para todas las misiones en las que la <strong>resistencia<\/strong> y el confort son primordiales.<\/p>\n<h3 id=\"conseils-d-usage-et-d-entretien\">Consejos de uso y mantenimiento<\/h3>\n<ol>\n<li>Ll\u00e9vala como primera capa o sobre una camiseta reglamentaria Eminence TECH ligera (200 g\/m\u00b2) para conseguir el m\u00e1ximo aislamiento.<\/li>\n<li>Lavar a m\u00e1quina a 30 \u00b0C, ciclo de lana; secar en plano para conservar la forma.<\/li>\n<\/ol>\n<p>Estamos convencidos de que el chaleco Eminence TECH+ cumplir\u00e1 tus m\u00e1s altas expectativas en cuanto a calidez, suavidad y durabilidad. Prep\u00e1rate para tu pr\u00f3xima salida con la garant\u00eda de una prenda que conserva el calor y rinde bien, misi\u00f3n tras misi\u00f3n. <\/p>\n<p><\/p>\n","protected":false},"excerpt":{"rendered":"<p>El Chaleco Eminence TECH+ 400 g\/m\u00b2 combina lana merina y fibras sint\u00e9ticas para un aislamiento t\u00e9rmico excepcional, evacuando el sudor y garantizando la durabilidad en los inviernos m\u00e1s exigentes.<\/p>\n","protected":false},"featured_media":29024,"comment_status":"open","ping_status":"closed","template":"","meta":[],"product_brand":[],"product_cat":[448,918,292,423],"product_tag":[],"marque":[388],"class_list":{"0":"post-4426","1":"product","2":"type-product","3":"status-publish","4":"has-post-thumbnail","6":"product_cat-alto","7":"product_cat-black-friday-es","8":"product_cat-hombre","9":"product_cat-tendencias","10":"product_shipping_class-standard-es","11":"marque-eminence","13":"first","14":"instock","15":"taxable","16":"shipping-taxable","17":"purchasable","18":"product-type-variable","19":"has-default-attributes"},"aioseo_notices":[],"_links":{"self":[{"href":"https:\/\/tmandoutdoor.com\/es\/wp-json\/wp\/v2\/product\/4426","targetHints":{"allow":["GET"]}}],"collection":[{"href":"https:\/\/tmandoutdoor.com\/es\/wp-json\/wp\/v2\/product"}],"about":[{"href":"https:\/\/tmandoutdoor.com\/es\/wp-json\/wp\/v2\/types\/product"}],"replies":[{"embeddable":true,"href":"https:\/\/tmandoutdoor.com\/es\/wp-json\/wp\/v2\/comments?post=4426"}],"wp:featuredmedia":[{"embeddable":true,"href":"https:\/\/tmandoutdoor.com\/es\/wp-json\/wp\/v2\/media\/29024"}],"wp:attachment":[{"href":"https:\/\/tmandoutdoor.com\/es\/wp-json\/wp\/v2\/media?parent=4426"}],"wp:term":[{"taxonomy":"product_brand","embeddable":true,"href":"https:\/\/tmandoutdoor.com\/es\/wp-json\/wp\/v2\/product_brand?post=4426"},{"taxonomy":"product_cat","embeddable":true,"href":"https:\/\/tmandoutdoor.com\/es\/wp-json\/wp\/v2\/product_cat?post=4426"},{"taxonomy":"product_tag","embeddable":true,"href":"https:\/\/tmandoutdoor.com\/es\/wp-json\/wp\/v2\/product_tag?post=4426"},{"taxonomy":"marque","embeddable":true,"href":"https:\/\/tmandoutdoor.com\/es\/wp-json\/wp\/v2\/marque?post=4426"}],"curies":[{"name":"wp","href":"https:\/\/api.w.org\/{rel}","templated":true}]}}