{"id":4330,"date":"2023-11-20T17:21:53","date_gmt":"2023-11-20T16:21:53","guid":{"rendered":"https:\/\/tmandoutdoor.com\/produit\/bolsa-de-lona-kozak-2\/"},"modified":"2024-06-23T22:50:24","modified_gmt":"2024-06-23T20:50:24","slug":"bolsa-de-lona-kozak-2","status":"publish","type":"product","link":"https:\/\/tmandoutdoor.com\/es\/producto\/bolsa-de-lona-kozak-2\/","title":{"rendered":"Bolsa de lona KOZAK"},"content":{"rendered":"<p><span style=\"background-color:#ffffff;\">Correa ajustable<\/span><\/p>\n<p><span style=\"background-color:#ffffff;\">Pomos de madera<\/span><\/p>\n<p><span style=\"background-color:#ffffff;\">3 compartimentos<\/span><\/p>\n<p><span style=\"background-color:#ffffff;\">Dimensiones: aprox.24*29*9 cm<\/span><\/p>\n<p><span style=\"background-color:#ffffff;\">Fotos no contractuales<\/span><\/p>\n<p><span style=\"background-color:#ffffff;\">La fecha de producci\u00f3n de la musette depender\u00e1 de las existencias.<\/span><\/p>\n<p>Bolsa musette en perfecto estado, puede tener algunas huellas u olores de almacenaje.<\/p>\n","protected":false},"excerpt":{"rendered":"<p>Este bolso, con su aspecto retro vintage de los a\u00f1os 50 y 70, ser\u00e1 tu compa\u00f1ero diario.<\/p><\/p>\n","protected":false},"featured_media":8178,"comment_status":"open","ping_status":"closed","template":"","meta":[],"product_brand":[],"product_cat":[420,288],"product_tag":[],"marque":[],"class_list":{"0":"post-4330","1":"product","2":"type-product","3":"status-publish","4":"has-post-thumbnail","6":"product_cat-bolsa","7":"product_cat-bolsas","8":"product_shipping_class-standard-es","10":"first","11":"outofstock","12":"taxable","13":"shipping-taxable","14":"purchasable","15":"product-type-simple"},"aioseo_notices":[],"_links":{"self":[{"href":"https:\/\/tmandoutdoor.com\/es\/wp-json\/wp\/v2\/product\/4330","targetHints":{"allow":["GET"]}}],"collection":[{"href":"https:\/\/tmandoutdoor.com\/es\/wp-json\/wp\/v2\/product"}],"about":[{"href":"https:\/\/tmandoutdoor.com\/es\/wp-json\/wp\/v2\/types\/product"}],"replies":[{"embeddable":true,"href":"https:\/\/tmandoutdoor.com\/es\/wp-json\/wp\/v2\/comments?post=4330"}],"wp:featuredmedia":[{"embeddable":true,"href":"https:\/\/tmandoutdoor.com\/es\/wp-json\/wp\/v2\/media\/8178"}],"wp:attachment":[{"href":"https:\/\/tmandoutdoor.com\/es\/wp-json\/wp\/v2\/media?parent=4330"}],"wp:term":[{"taxonomy":"product_brand","embeddable":true,"href":"https:\/\/tmandoutdoor.com\/es\/wp-json\/wp\/v2\/product_brand?post=4330"},{"taxonomy":"product_cat","embeddable":true,"href":"https:\/\/tmandoutdoor.com\/es\/wp-json\/wp\/v2\/product_cat?post=4330"},{"taxonomy":"product_tag","embeddable":true,"href":"https:\/\/tmandoutdoor.com\/es\/wp-json\/wp\/v2\/product_tag?post=4330"},{"taxonomy":"marque","embeddable":true,"href":"https:\/\/tmandoutdoor.com\/es\/wp-json\/wp\/v2\/marque?post=4330"}],"curies":[{"name":"wp","href":"https:\/\/api.w.org\/{rel}","templated":true}]}}