{"id":4313,"date":"2023-11-20T17:21:54","date_gmt":"2023-11-20T16:21:54","guid":{"rendered":"https:\/\/tmandoutdoor.com\/produit\/jersey-navy-officer-lana-merina\/"},"modified":"2023-11-20T17:21:54","modified_gmt":"2023-11-20T16:21:54","slug":"jersey-navy-officer-lana-merina","status":"publish","type":"product","link":"https:\/\/tmandoutdoor.com\/es\/producto\/jersey-navy-officer-lana-merina\/","title":{"rendered":"Jersey Navy Officer (lana merina)"},"content":{"rendered":"<div class=\"wpb_single_image wpb_content_element vc_align_left\">\n<div class=\"vc_single_image-wrapper vc_box_border_grey\">\n<p>Hombros reforzados, coderas y bolsillo para bol\u00edgrafo en el brazo.<\/p>\n<p>Composici\u00f3n: 50% lana merina \/ 50% acr\u00edlico Dralon<\/p>\n<\/div>\n<div class=\"vc_single_image-wrapper vc_box_border_grey\"><\/div>\n<div class=\"vc_single_image-wrapper vc_box_border_grey\"><strong>Fabricado 100% en Europa:<\/strong> <\/div>\n<div class=\"vc_single_image-wrapper vc_box_border_grey\"><\/div>\n<div class=\"vc_single_image-wrapper vc_box_border_grey\">Dise\u00f1o (Francia)<\/div>\n<div class=\"vc_single_image-wrapper vc_box_border_grey\">Lana merina (Italia)<\/div>\n<div class=\"vc_single_image-wrapper vc_box_border_grey\">Acr\u00edlico Dralon\u00ae (Alemania)<\/div>\n<div class=\"vc_single_image-wrapper vc_box_border_grey\">Fabricaci\u00f3n (Portugal)<\/div>\n<div class=\"vc_single_image-wrapper vc_box_border_grey\"><\/div>\n<div class=\"vc_single_image-wrapper vc_box_border_grey\"><\/div>\n<div class=\"vc_single_image-wrapper vc_box_border_grey\"><img decoding=\"async\" class=\"vc_single_image-img\" src=\"http:\/\/www.filivivi.it\/wp-content\/uploads\/2017\/06\/dralon-220x100.jpg\" width=\"220\" height=\"100\" alt=\"dralon\" title=\"dralon\"><\/div>\n<\/div>\n<div class=\"wpb_text_column wpb_content_element\">\n<div class=\"wpb_wrapper\">\n<p>Dralon\u00ae es el nombre de la fibra acr\u00edlica creada en 1954 por Bayer en Alemania en la planta de Domagen y producida desde 1983 en Lingen. En 2001, la marca se convirti\u00f3 en una empresa por derecho propio: naci\u00f3 Dralon GmbH, l\u00edder mundial en fibras acr\u00edlicas para g\u00e9neros de punto: <strong>sin\u00f3nimo de inalterabilidad, fiabilidad y alto rendimiento<\/strong>.<\/p>\n<\/div>\n<\/div>\n","protected":false},"excerpt":{"rendered":"<p>Jersey de oficial de la Marina<\/p>\n<p>La combinaci\u00f3n de lana Merino y acr\u00edlico Dralon\u00ae proporciona suavidad y resistencia, delicadeza y durabilidad.<\/p>\n<p><strong>Certificaci\u00f3n Oeko-Tex\u00ae 100<\/strong><\/p>\n<p><strong>Fabricado 100% en Europa*.<\/strong><\/p>\n","protected":false},"featured_media":8112,"comment_status":"open","ping_status":"closed","template":"","meta":[],"product_brand":[],"product_cat":[448,918,292,239],"product_tag":[],"marque":[],"class_list":{"0":"post-4313","1":"product","2":"type-product","3":"status-publish","4":"has-post-thumbnail","6":"product_cat-alto","7":"product_cat-black-friday-es","8":"product_cat-hombre","9":"product_cat-promociones","10":"product_shipping_class-standard-es","12":"first","13":"instock","14":"sale","15":"taxable","16":"shipping-taxable","17":"purchasable","18":"product-type-variable"},"aioseo_notices":[],"_links":{"self":[{"href":"https:\/\/tmandoutdoor.com\/es\/wp-json\/wp\/v2\/product\/4313","targetHints":{"allow":["GET"]}}],"collection":[{"href":"https:\/\/tmandoutdoor.com\/es\/wp-json\/wp\/v2\/product"}],"about":[{"href":"https:\/\/tmandoutdoor.com\/es\/wp-json\/wp\/v2\/types\/product"}],"replies":[{"embeddable":true,"href":"https:\/\/tmandoutdoor.com\/es\/wp-json\/wp\/v2\/comments?post=4313"}],"wp:featuredmedia":[{"embeddable":true,"href":"https:\/\/tmandoutdoor.com\/es\/wp-json\/wp\/v2\/media\/8112"}],"wp:attachment":[{"href":"https:\/\/tmandoutdoor.com\/es\/wp-json\/wp\/v2\/media?parent=4313"}],"wp:term":[{"taxonomy":"product_brand","embeddable":true,"href":"https:\/\/tmandoutdoor.com\/es\/wp-json\/wp\/v2\/product_brand?post=4313"},{"taxonomy":"product_cat","embeddable":true,"href":"https:\/\/tmandoutdoor.com\/es\/wp-json\/wp\/v2\/product_cat?post=4313"},{"taxonomy":"product_tag","embeddable":true,"href":"https:\/\/tmandoutdoor.com\/es\/wp-json\/wp\/v2\/product_tag?post=4313"},{"taxonomy":"marque","embeddable":true,"href":"https:\/\/tmandoutdoor.com\/es\/wp-json\/wp\/v2\/marque?post=4313"}],"curies":[{"name":"wp","href":"https:\/\/api.w.org\/{rel}","templated":true}]}}