{"id":4164,"date":"2023-11-20T17:22:20","date_gmt":"2023-11-20T16:22:20","guid":{"rendered":"https:\/\/tmandoutdoor.com\/produit\/gafa-de-aviador-mod-4182-t2-gris-cromado-incoloro\/"},"modified":"2023-11-20T17:22:20","modified_gmt":"2023-11-20T16:22:20","slug":"gafa-de-aviador-mod-4182-t2-gris-cromado-incoloro","status":"publish","type":"product","link":"https:\/\/tmandoutdoor.com\/es\/producto\/gafa-de-aviador-mod-4182-t2-gris-cromado-incoloro\/","title":{"rendered":"Gafa de Aviador Mod.4182 T2 (gris, cromado, incoloro)"},"content":{"rendered":"<p style=\"margin:0px auto 1.41575em;font-family:'-apple-system', BlinkMacSystemFont, 'Segoe UI', Roboto, 'Helvetica Neue', Arial, sans-serif;font-size:medium;background-color:#ffffff;\"><b>Caracter\u00edsticas :  <\/b><\/p>\n<p style=\"margin:0px auto 1.41575em;font-family:'-apple-system', BlinkMacSystemFont, 'Segoe UI', Roboto, 'Helvetica Neue', Arial, sans-serif;font-size:medium;background-color:#ffffff;\">&#8211; Marco de pl\u00e1stico negro &#8211;<\/p>\n<p style=\"margin:0px auto 1.41575em;font-family:'-apple-system', BlinkMacSystemFont, 'Segoe UI', Roboto, 'Helvetica Neue', Arial, sans-serif;font-size:medium;background-color:#ffffff;\">&#8211; Reborde: interior de espuma, exterior de piel de cabra negra<\/p>\n<p style=\"margin:0px auto 1.41575em;font-family:'-apple-system', BlinkMacSystemFont, 'Segoe UI', Roboto, 'Helvetica Neue', Arial, sans-serif;font-size:medium;background-color:#ffffff;\">&#8211; El\u00e1stico ajustable de 30 mm con cierre &#8211;<\/p>\n<p style=\"margin:0px auto 1.41575em;font-family:'-apple-system', BlinkMacSystemFont, 'Segoe UI', Roboto, 'Helvetica Neue', Arial, sans-serif;font-size:medium;background-color:#ffffff;\">&#8211; Lentes de policarbonato resistentes a los ara\u00f1azos (antivaho opcional)<\/p>\n<p style=\"margin:0px auto 1.41575em;font-family:'-apple-system', BlinkMacSystemFont, 'Segoe UI', Roboto, 'Helvetica Neue', Arial, sans-serif;font-size:medium;background-color:#ffffff;\">&#8211; Lentes disponibles: transparente, amarillo, gris ahumado, marr\u00f3n ahumado, espejo plateado, espejo azul y transparente antivaho (conforme a las normas CE de conducci\u00f3n de autom\u00f3viles y motocicletas PR en 1938).  <\/p>\n<p style=\"margin:0px auto 1.41575em;font-family:'-apple-system', BlinkMacSystemFont, 'Segoe UI', Roboto, 'Helvetica Neue', Arial, sans-serif;font-size:medium;background-color:#ffffff;\">&#8211; Funda especial de microfibra, limpiador de lentes.<\/p>\n","protected":false},"excerpt":{"rendered":"<p>Gafas de gran campo de visi\u00f3n para coches y motos de \u00e9poca.<\/p>\n<p><strong>Fabricado en Francia, en el Jura, por L\u00e9on Jeantet desde 1880.<\/strong><\/p>\n<p>Modelo 4182. T2 es compatible con gafas y gafas de sol.<\/p>\n<p>La banda el\u00e1stica de 30 mm de ancho es ajustable y se coloca sobre el casco de la moto.<\/p>\n","protected":false},"featured_media":7950,"comment_status":"open","ping_status":"closed","template":"","meta":[],"product_brand":[],"product_cat":[237],"product_tag":[],"marque":[],"class_list":{"0":"post-4164","1":"product","2":"type-product","3":"status-publish","4":"has-post-thumbnail","6":"product_cat-gafas-de-proteccion-aviator","8":"first","9":"outofstock","10":"taxable","11":"shipping-taxable","12":"purchasable","13":"product-type-simple"},"aioseo_notices":[],"_links":{"self":[{"href":"https:\/\/tmandoutdoor.com\/es\/wp-json\/wp\/v2\/product\/4164","targetHints":{"allow":["GET"]}}],"collection":[{"href":"https:\/\/tmandoutdoor.com\/es\/wp-json\/wp\/v2\/product"}],"about":[{"href":"https:\/\/tmandoutdoor.com\/es\/wp-json\/wp\/v2\/types\/product"}],"replies":[{"embeddable":true,"href":"https:\/\/tmandoutdoor.com\/es\/wp-json\/wp\/v2\/comments?post=4164"}],"wp:featuredmedia":[{"embeddable":true,"href":"https:\/\/tmandoutdoor.com\/es\/wp-json\/wp\/v2\/media\/7950"}],"wp:attachment":[{"href":"https:\/\/tmandoutdoor.com\/es\/wp-json\/wp\/v2\/media?parent=4164"}],"wp:term":[{"taxonomy":"product_brand","embeddable":true,"href":"https:\/\/tmandoutdoor.com\/es\/wp-json\/wp\/v2\/product_brand?post=4164"},{"taxonomy":"product_cat","embeddable":true,"href":"https:\/\/tmandoutdoor.com\/es\/wp-json\/wp\/v2\/product_cat?post=4164"},{"taxonomy":"product_tag","embeddable":true,"href":"https:\/\/tmandoutdoor.com\/es\/wp-json\/wp\/v2\/product_tag?post=4164"},{"taxonomy":"marque","embeddable":true,"href":"https:\/\/tmandoutdoor.com\/es\/wp-json\/wp\/v2\/marque?post=4164"}],"curies":[{"name":"wp","href":"https:\/\/api.w.org\/{rel}","templated":true}]}}