{"id":40853,"date":"2026-04-03T14:57:01","date_gmt":"2026-04-03T12:57:01","guid":{"rendered":"https:\/\/tmandoutdoor.com\/produit\/mochila-40l-baroud-boxazul-marino\/"},"modified":"2026-04-03T14:57:01","modified_gmt":"2026-04-03T12:57:01","slug":"mochila-40l-baroud-boxazul-marino","status":"publish","type":"product","link":"https:\/\/tmandoutdoor.com\/es\/producto\/mochila-40l-baroud-boxazul-marino\/","title":{"rendered":"MOCHILA 40L BAROUD BOX(azul marino)"},"content":{"rendered":"<p>La mochila ideal para actividades al aire libre que requieran una bolsa resistente y pr\u00e1ctica.<br \/>\nDos amplios compartimentos principales con subcompartimento para el port\u00e1til.<br \/>\nDos compartimentos frontales, uno con sistema Molle de corte l\u00e1ser y el otro con carcasa r\u00edgida para proteger peque\u00f1os objetos delicados (tel\u00e9fono, GPS, gafas, etc.).<br \/>\nAsas superiores reforzadas.<br \/>\nBolsillo trasero semirr\u00edgido de acceso r\u00e1pido para botella de agua o tableta.<br \/>\nCorreas de compresi\u00f3n laterales.<br \/>\nCorrea ventral<br \/>\nComposici\u00f3n: poli\u00e9ster 600D recubierto de PVC.<br \/>\nDimensiones: Compartimento principal 47X29X30cm.<br \/>\nPeso: 1,2kg<\/p>\n","protected":false},"excerpt":{"rendered":"<p>La mochila ideal para actividades al aire libre que requieran una bolsa resistente y pr\u00e1ctica. Dos amplios compartimentos principales con subcompartimento para el port\u00e1til. Dos compartimentos frontales, uno con sistema Molle de corte l\u00e1ser y el otro con carcasa r\u00edgida para proteger peque\u00f1os objetos delicados (tel\u00e9fono, GPS, gafas, etc.). Asas superiores reforzadas. Bolsillo trasero semirr\u00edgido&hellip;<\/p>\n","protected":false},"featured_media":40803,"comment_status":"closed","ping_status":"closed","template":"","meta":[],"product_brand":[],"product_cat":[422,419],"product_tag":[],"marque":[2082],"class_list":{"0":"post-40853","1":"product","2":"type-product","3":"status-publish","4":"has-post-thumbnail","6":"product_cat-mochila","7":"product_cat-o-que-ha-de-novo-es","8":"product_shipping_class-standard-es","9":"marque-ares-god-of-war","11":"first","12":"instock","13":"taxable","14":"shipping-taxable","15":"purchasable","16":"product-type-simple"},"aioseo_notices":[],"_links":{"self":[{"href":"https:\/\/tmandoutdoor.com\/es\/wp-json\/wp\/v2\/product\/40853","targetHints":{"allow":["GET"]}}],"collection":[{"href":"https:\/\/tmandoutdoor.com\/es\/wp-json\/wp\/v2\/product"}],"about":[{"href":"https:\/\/tmandoutdoor.com\/es\/wp-json\/wp\/v2\/types\/product"}],"replies":[{"embeddable":true,"href":"https:\/\/tmandoutdoor.com\/es\/wp-json\/wp\/v2\/comments?post=40853"}],"wp:featuredmedia":[{"embeddable":true,"href":"https:\/\/tmandoutdoor.com\/es\/wp-json\/wp\/v2\/media\/40803"}],"wp:attachment":[{"href":"https:\/\/tmandoutdoor.com\/es\/wp-json\/wp\/v2\/media?parent=40853"}],"wp:term":[{"taxonomy":"product_brand","embeddable":true,"href":"https:\/\/tmandoutdoor.com\/es\/wp-json\/wp\/v2\/product_brand?post=40853"},{"taxonomy":"product_cat","embeddable":true,"href":"https:\/\/tmandoutdoor.com\/es\/wp-json\/wp\/v2\/product_cat?post=40853"},{"taxonomy":"product_tag","embeddable":true,"href":"https:\/\/tmandoutdoor.com\/es\/wp-json\/wp\/v2\/product_tag?post=40853"},{"taxonomy":"marque","embeddable":true,"href":"https:\/\/tmandoutdoor.com\/es\/wp-json\/wp\/v2\/marque?post=40853"}],"curies":[{"name":"wp","href":"https:\/\/api.w.org\/{rel}","templated":true}]}}