{"id":39301,"date":"2026-03-02T17:56:30","date_gmt":"2026-03-02T16:56:30","guid":{"rendered":"https:\/\/tmandoutdoor.com\/produit\/casco-fast-coyote-multicam\/"},"modified":"2026-03-02T18:17:34","modified_gmt":"2026-03-02T17:17:34","slug":"casco-fast-coyote-multicam","status":"publish","type":"product","link":"https:\/\/tmandoutdoor.com\/es\/producto\/casco-fast-coyote-multicam\/","title":{"rendered":"Casco FAST Coyote\/MULTICAM"},"content":{"rendered":"<p>Aut\u00e9ntico casco bal\u00edstico Fast utilizado por el Ej\u00e9rcito franc\u00e9s.<\/p>\n<p>El casco bal\u00edstico Fast est\u00e1 dise\u00f1ado para ofrecer una protecci\u00f3n \u00f3ptima y la m\u00e1xima adaptabilidad en misiones exigentes.<\/p>\n<p>Combina ligereza, resistencia y comodidad, al tiempo que cumple los requisitos de las normas NIJ IIIA 0106.01 con una desviaci\u00f3n de amenaza conforme a la norma NIJ 0101.06.<\/p>\n<ul data-start=\"286\" data-end=\"977\">\n<li data-start=\"513\" data-end=\"758\">\n<p data-start=\"515\" data-end=\"758\"><strong data-start=\"515\" data-end=\"542\">Protecci\u00f3n bal\u00edstica:<\/strong><br data-start=\"542\" data-end=\"545\"><strong data-start=\"556\" data-end=\"576\">Seg\u00fan NIJ IIIA 0106.01<\/strong> con <strong data-start=\"582\" data-end=\"622\">deflexi\u00f3n a amenazas de nivel IIIA<\/strong> 0101.06, probada en <strong data-start=\"651\" data-end=\"695\">Francia en el banco de pruebas nacional de Saint-\u00c9tienne<\/strong> para garantizar un rendimiento fiable en situaciones de combate.<\/p>\n<\/li>\n<li data-start=\"760\" data-end=\"977\">\n<p data-start=\"762\" data-end=\"977\">Cumplimiento <strong data-start=\"762\" data-end=\"789\">de las normas:<\/strong><br data-start=\"789\" data-end=\"792\">Cumple las normas de <strong data-start=\"859\" data-end=\"880\">resistencia al fuego<\/strong>, <strong data-start=\"886\" data-end=\"895\">a los impactos<\/strong> y <strong data-start=\"859\" data-end=\"880\">a<\/strong><strong data-start=\"904\" data-end=\"917\">la inmersi\u00f3n<\/strong>, lo que garantiza una mayor seguridad en condiciones extremas.<\/p>\n<\/li>\n<li data-start=\"760\" data-end=\"977\">color : coyote \/ MULTICAM<\/li>\n<li data-start=\"760\" data-end=\"977\">Versi\u00f3n 2024<\/li>\n<\/ul>\n<p>Ventajas: Protecci\u00f3n bal\u00edstica avanzada manteniendo una ligereza \u00f3ptima para una mayor comodidad de uso. Versatilidad: Adecuado para misiones de seguridad, defensa y protecci\u00f3n de tropas. Comodidad y ajustabilidad gracias al corte alto y al ajuste f\u00e1cil que proporciona.  <\/p>\n<p><strong>Modelo de exposici\u00f3n a estrenar con algunos restos de pintura (ver \u00faltimas fotos).  <\/strong><\/p>\n<p><strong>Art\u00edculo de coleccionista, casco no garantizado.<\/strong><\/p>\n","protected":false},"excerpt":{"rendered":"<p>Aut\u00e9ntico casco bal\u00edstico Fast utilizado por el Ej\u00e9rcito franc\u00e9s.<\/p>\n","protected":false},"featured_media":39282,"comment_status":"closed","ping_status":"closed","template":"","meta":[],"product_brand":[],"product_cat":[1206,419,588,423],"product_tag":[],"marque":[],"class_list":{"0":"post-39301","1":"product","2":"type-product","3":"status-publish","4":"has-post-thumbnail","6":"product_cat-equipo-tactico","7":"product_cat-o-que-ha-de-novo-es","8":"product_cat-prohibido-a-menores","9":"product_cat-tendencias","11":"first","12":"instock","13":"taxable","14":"shipping-taxable","15":"purchasable","16":"product-type-simple"},"aioseo_notices":[],"_links":{"self":[{"href":"https:\/\/tmandoutdoor.com\/es\/wp-json\/wp\/v2\/product\/39301","targetHints":{"allow":["GET"]}}],"collection":[{"href":"https:\/\/tmandoutdoor.com\/es\/wp-json\/wp\/v2\/product"}],"about":[{"href":"https:\/\/tmandoutdoor.com\/es\/wp-json\/wp\/v2\/types\/product"}],"replies":[{"embeddable":true,"href":"https:\/\/tmandoutdoor.com\/es\/wp-json\/wp\/v2\/comments?post=39301"}],"wp:featuredmedia":[{"embeddable":true,"href":"https:\/\/tmandoutdoor.com\/es\/wp-json\/wp\/v2\/media\/39282"}],"wp:attachment":[{"href":"https:\/\/tmandoutdoor.com\/es\/wp-json\/wp\/v2\/media?parent=39301"}],"wp:term":[{"taxonomy":"product_brand","embeddable":true,"href":"https:\/\/tmandoutdoor.com\/es\/wp-json\/wp\/v2\/product_brand?post=39301"},{"taxonomy":"product_cat","embeddable":true,"href":"https:\/\/tmandoutdoor.com\/es\/wp-json\/wp\/v2\/product_cat?post=39301"},{"taxonomy":"product_tag","embeddable":true,"href":"https:\/\/tmandoutdoor.com\/es\/wp-json\/wp\/v2\/product_tag?post=39301"},{"taxonomy":"marque","embeddable":true,"href":"https:\/\/tmandoutdoor.com\/es\/wp-json\/wp\/v2\/marque?post=39301"}],"curies":[{"name":"wp","href":"https:\/\/api.w.org\/{rel}","templated":true}]}}