{"id":39172,"date":"2026-02-28T17:17:24","date_gmt":"2026-02-28T16:17:24","guid":{"rendered":"https:\/\/tmandoutdoor.com\/produit\/cuchillo-caqui-baroudeur\/"},"modified":"2026-03-02T12:53:50","modified_gmt":"2026-03-02T11:53:50","slug":"cuchillo-caqui-baroudeur","status":"publish","type":"product","link":"https:\/\/tmandoutdoor.com\/es\/producto\/cuchillo-caqui-baroudeur\/","title":{"rendered":"Navaja militar Baroudeur caqui | Hoja t\u00e1ctica de acero"},"content":{"rendered":"<p>La <strong>navaja militar plegable multifunci\u00f3n Baroudeur<\/strong> de color caqui est\u00e1 dise\u00f1ada para los amantes de las actividades al aire libre y la supervivencia, as\u00ed como para los profesionales militares de defensa y combate. Su <strong>hoja de acero inoxidable<\/strong> resistente a la corrosi\u00f3n de <strong>8 cm de<\/strong> altura garantiza un corte limpio incluso en condiciones de humedad o salitre. El mango ergon\u00f3mico recubierto de goma negra antideslizante garantiza un agarre seguro, tanto si est\u00e1s en una misi\u00f3n nocturna como de excursi\u00f3n bajo la lluvia.  <\/p>\n<p>Adem\u00e1s de la hoja principal de acero, esta <strong>navaja t\u00e1ctica plegable<\/strong> incorpora un abrebotellas, un destornillador plano y un abrelatas, lo que la hace realmente multifuncional. Por ejemplo, un excursionista podr\u00eda utilizar el cortador de cuerda para liberar una bolsa atascada, mientras que un soldado podr\u00eda sacar r\u00e1pidamente el destornillador para reparar el equipo de comunicaciones. Su sistema de cierre a presi\u00f3n evita accidentes, incluso durante el uso intensivo en terrenos dif\u00edciles.  <\/p>\n<h2 id=\"un-couteau-militaire-pliant-de-campagne\">Un cuchillo de campa\u00f1a militar plegable: 16 a\u00f1os de historia operativa en el Ej\u00e9rcito franc\u00e9s<\/h2>\n<p>Este cuchillo de <strong>campa\u00f1a<\/strong> t\u00e1ctico multifunci\u00f3n <strong>oficial<\/strong> es legendario: tom\u00f3 el relevo del no menos legendario cuchillo Bivouac\u00ae. Fue el cuchillo de campa\u00f1a oficial de los soldados franceses de 2001 a 2017. El Bivouac\u00ae se hizo famoso por su construcci\u00f3n sencilla y su sistema patentado, pero este cuchillo de campa\u00f1a militar plegable tiene una construcci\u00f3n m\u00e1s robusta y una hoja asegurada por un <strong>Liner Lock mecanizado con precisi\u00f3n<\/strong>. Acompa\u00f1ando a nuestros soldados en todas las operaciones militares del mundo, esta herramienta t\u00e1ctica se ha convertido en una leyenda del equipamiento militar franc\u00e9s.   <\/p>\n<h2 id=\"six-fonctions-essentielles-couteau-tactique-pliant\">Seis funciones esenciales de la navaja t\u00e1ctica plegable Baroudeur para vivac y supervivencia<\/h2>\n<p>Este cuchillo militar multifunci\u00f3n combina las seis herramientas esenciales para cualquier misi\u00f3n de supervivencia:<\/p>\n<ul>\n<li>Hoja t\u00e1ctica de acero inoxidable con un filo eficaz en todas las situaciones<\/li>\n<li>Pr\u00e1ctico abrelatas de exterior<\/li>\n<li>Sacacorchos multifunci\u00f3n y cubiertos<\/li>\n<li>Abrebotellas integrado<\/li>\n<li>Funda t\u00e1ctica resistente incluida para un transporte seguro<\/li>\n<li>Apertura con una sola mano para uso en el campo (diestros)<\/li>\n<\/ul>\n<p>Este equipo compacto de supervivencia tiene todo lo que necesitas para vivac, senderismo u operaciones militares sobre el terreno.<\/p>\n<h2 id=\"couteau-militaire-baroudeur-noir-robuste-fiable\">Cuchillo militar caqui Baroudeur: hoja robusta y fiable en comparaci\u00f3n con el modelo Bivouac<\/h2>\n<p>En comparaci\u00f3n con el Bivouac\u00ae, este cuchillo militar plegable Baroudeur es m\u00e1s robusto y resistente a la corrosi\u00f3n, pero tambi\u00e9n m\u00e1s pesado. Los cubiertos siguen estando incluidos, pero ya no est\u00e1n unidos al cuchillo. El cuchillo se bloquea mediante un <strong>preciso cierre de forro<\/strong> que garantiza la fiabilidad y permite a los usuarios diestros abrir el cuchillo con una sola mano.  <\/p>\n<h2 id=\"fabrication-couteau-survie-outdoor-tactique\">Cuchillo t\u00e1ctico de supervivencia para exteriores probado por el ej\u00e9rcito franc\u00e9s<\/h2>\n<p>La est\u00e9tica y las caracter\u00edsticas t\u00e1cticas de este cuchillo de supervivencia fueron definidas en gran medida por el ej\u00e9rcito franc\u00e9s, a trav\u00e9s del SCA (Service Central des Armements). TB se encarg\u00f3 de dar forma a estos requisitos, del desarrollo mec\u00e1nico y de la fabricaci\u00f3n, cumpliendo unas especificaciones militares especialmente rigurosas. <\/p>\n<p>La navaja Baroudeur\u00ae fue la primera navaja militar multifunci\u00f3n que se benefici\u00f3 de las m\u00e1quinas de control digital y de corte por l\u00e1ser, permitiendo una fabricaci\u00f3n a gran escala con mayor precisi\u00f3n y fiabilidad para el equipamiento militar franc\u00e9s.<\/p>\n<h2 id=\"couteau-survie-acier-inoxydable-collector\">Un cuchillo de supervivencia de acero inoxidable con funda: el cuchillo militar plegable de coleccionista<\/h2>\n<p>El cuchillo Baroudeur\u00ae de acero inoxidable est\u00e1 llegando al final de su producci\u00f3n y se convertir\u00e1 en una pieza de coleccionista cuando se agoten las existencias. Esta pieza esencial del equipo militar utilizado por el ej\u00e9rcito franc\u00e9s se agotar\u00e1 pronto. \u00a1Aprov\u00e9chala mientras est\u00e9s a tiempo!  <\/p>\n<p>Con el anunciado fin de su producci\u00f3n, el Baroudeur\u00ae pasar\u00e1 a la historia del equipamiento militar franc\u00e9s. Es la navaja militar plegable que ha acompa\u00f1ado a nuestros soldados durante m\u00e1s tiempo. \u00a1Ahora es el momento de comprar este <strong>pedazo de historia<\/strong>!  <\/p>\n<p>Personaliza tu navaja de supervivencia plegable multifunci\u00f3n con un nombre o texto grabado y convierte tu Baroudeur\u00ae en una pieza de equipamiento \u00fanica y personal.<\/p>\n<p><\/p>\n","protected":false},"excerpt":{"rendered":"<p>Cuchillo militar plegable Baroudeur: hoja de acero inoxidable, bloqueo de precisi\u00f3n, funda t\u00e1ctica incluida. Herramienta de supervivencia multifuncional para el ej\u00e9rcito y las actividades al aire libre. <\/p>\n","protected":false},"featured_media":39155,"comment_status":"closed","ping_status":"closed","template":"","meta":[],"product_brand":[],"product_cat":[449,235,419,423],"product_tag":[],"marque":[],"class_list":{"0":"post-39172","1":"product","2":"type-product","3":"status-publish","4":"has-post-thumbnail","6":"product_cat-accesorios-exterior","7":"product_cat-cuchillos","8":"product_cat-o-que-ha-de-novo-es","9":"product_cat-tendencias","11":"first","12":"instock","13":"taxable","14":"shipping-taxable","15":"purchasable","16":"product-type-simple"},"aioseo_notices":[],"_links":{"self":[{"href":"https:\/\/tmandoutdoor.com\/es\/wp-json\/wp\/v2\/product\/39172","targetHints":{"allow":["GET"]}}],"collection":[{"href":"https:\/\/tmandoutdoor.com\/es\/wp-json\/wp\/v2\/product"}],"about":[{"href":"https:\/\/tmandoutdoor.com\/es\/wp-json\/wp\/v2\/types\/product"}],"replies":[{"embeddable":true,"href":"https:\/\/tmandoutdoor.com\/es\/wp-json\/wp\/v2\/comments?post=39172"}],"wp:featuredmedia":[{"embeddable":true,"href":"https:\/\/tmandoutdoor.com\/es\/wp-json\/wp\/v2\/media\/39155"}],"wp:attachment":[{"href":"https:\/\/tmandoutdoor.com\/es\/wp-json\/wp\/v2\/media?parent=39172"}],"wp:term":[{"taxonomy":"product_brand","embeddable":true,"href":"https:\/\/tmandoutdoor.com\/es\/wp-json\/wp\/v2\/product_brand?post=39172"},{"taxonomy":"product_cat","embeddable":true,"href":"https:\/\/tmandoutdoor.com\/es\/wp-json\/wp\/v2\/product_cat?post=39172"},{"taxonomy":"product_tag","embeddable":true,"href":"https:\/\/tmandoutdoor.com\/es\/wp-json\/wp\/v2\/product_tag?post=39172"},{"taxonomy":"marque","embeddable":true,"href":"https:\/\/tmandoutdoor.com\/es\/wp-json\/wp\/v2\/marque?post=39172"}],"curies":[{"name":"wp","href":"https:\/\/api.w.org\/{rel}","templated":true}]}}