{"id":38638,"date":"2026-02-23T17:34:07","date_gmt":"2026-02-23T16:34:07","guid":{"rendered":"https:\/\/tmandoutdoor.com\/?post_type=product&#038;p=38638"},"modified":"2026-02-23T17:43:51","modified_gmt":"2026-02-23T16:43:51","slug":"chaqueta-polar-coyote-gk-dutycall-copie-2","status":"publish","type":"product","link":"https:\/\/tmandoutdoor.com\/es\/producto\/chaqueta-polar-coyote-gk-dutycall-copie-2\/","title":{"rendered":"Chaqueta polar OD &#8211; GK DUTYCALL"},"content":{"rendered":"<p>Combinando comodidad, durabilidad y practicidad, este forro polar GK DUTYCALL verde OD certificado OEKO-TEX STANDARD 100 es ideal para uso en exteriores.<\/p>\n<p data-pm-slice=\"1 1 []\">Descubre el forro polar OD Green GK DUTYCALL, una prenda t\u00e9cnica dise\u00f1ada para satisfacer las exigencias de los profesionales del campo. Combinando comodidad, durabilidad y practicidad, este forro polar con certificaci\u00f3n OEKO-TEX STANDARD 100 es ideal para el trabajo al aire libre, sean cuales sean las condiciones. <\/p>\n<p>Fabricado con tejido polar de alta calidad, el forro polar GK DUTYCALL ofrece un aislamiento t\u00e9rmico \u00f3ptimo sin dejar de ser transpirable. Su color verde OD es perfecto para su uso con equipamiento t\u00e1ctico y profesional. <\/p>\n<p data-pm-slice=\"1 1 []\">El forro polar GK DUTYCALL Verde OD es ideal para las fuerzas del orden, la seguridad y los profesionales de las actividades al aire libre, ya que combina ligereza y durabilidad. Gracias a sus m\u00faltiples bolsillos y materiales resistentes, ofrece una comodidad \u00f3ptima sin dejar de ser funcional. <\/p>\n<h2><strong>GK DUTYCALL\u00ae :<\/strong><\/h2>\n<p>Descubre GK Dutycall, una gama especialmente dise\u00f1ada para responder a las exigencias de los militares. Nuestros equipos combinan robustez y funcionalidad, garantizando un rendimiento \u00f3ptimo sobre el terreno. Cada producto se prueba en condiciones extremas para garantizar tu seguridad y comodidad. GK Dutycall te equipa profesionalmente para cada misi\u00f3n.   <\/p>\n<h2>CARACTER\u00cdSTICAS :<\/h2>\n<ul>\n<li>Color: Verde OD<\/li>\n<li>Tallas disponibles: de la XS a la 4XL<\/li>\n<li>Tejido polar<\/li>\n<li>Apertura central con cremallera simple<\/li>\n<li>2 bolsillos delanteros de parche con cremallera y forro de fieltro<\/li>\n<li>1 bolsillo con cremallera en el pecho (lado derecho &#8211; desgastado)<\/li>\n<li>1 bolsillo con cremallera en cada brazo con tapeta de cremallera<\/li>\n<li>Un cierre autoadherente GK DUTYCALL en cada brazo con ranura para bol\u00edgrafo<\/li>\n<li>Paneles de CORDURA\u00ae 500D en hombros y espalda<\/li>\n<li>Mangas el\u00e1sticas<\/li>\n<li>Etiqueta de identificaci\u00f3n cosida<\/li>\n<li>Calcetines<\/li>\n<\/ul>\n<h2>COMPOSICI\u00d3N :<\/h2>\n<ul>\n<li>Tejido exterior: 100% poli\u00e9ster polar, 300 g\/m\u00b2.<\/li>\n<li>Refuerzos de Cordura: 100% Nylon 500D<\/li>\n<\/ul>\n<h2>INSTRUCCIONES DE LAVADO :<\/h2>\n<ul>\n<li>Lavar del rev\u00e9s<\/li>\n<li>Lavar a m\u00e1quina a 30\u00b0.<\/li>\n<li>Sin cloraci\u00f3n<\/li>\n<li>No secar en secadora<\/li>\n<li>No planchar<\/li>\n<li>Sin limpieza en seco<\/li>\n<\/ul>\n","protected":false},"excerpt":{"rendered":"<p>Combinando comodidad, durabilidad y practicidad, este forro polar GK DUTYCALL verde OD certificado OEKO-TEX STANDARD 100 es ideal para uso en exteriores.<\/p>\n","protected":false},"featured_media":38688,"comment_status":"closed","ping_status":"closed","template":"","meta":[],"product_brand":[2013],"product_cat":[448,419,239,423],"product_tag":[],"marque":[],"class_list":{"0":"post-38638","1":"product","2":"type-product","3":"status-publish","4":"has-post-thumbnail","6":"product_brand-gk","7":"product_cat-alto","8":"product_cat-o-que-ha-de-novo-es","9":"product_cat-promociones","10":"product_cat-tendencias","12":"first","13":"instock","14":"sale","15":"taxable","16":"shipping-taxable","17":"purchasable","18":"product-type-variable"},"aioseo_notices":[],"_links":{"self":[{"href":"https:\/\/tmandoutdoor.com\/es\/wp-json\/wp\/v2\/product\/38638","targetHints":{"allow":["GET"]}}],"collection":[{"href":"https:\/\/tmandoutdoor.com\/es\/wp-json\/wp\/v2\/product"}],"about":[{"href":"https:\/\/tmandoutdoor.com\/es\/wp-json\/wp\/v2\/types\/product"}],"replies":[{"embeddable":true,"href":"https:\/\/tmandoutdoor.com\/es\/wp-json\/wp\/v2\/comments?post=38638"}],"wp:featuredmedia":[{"embeddable":true,"href":"https:\/\/tmandoutdoor.com\/es\/wp-json\/wp\/v2\/media\/38688"}],"wp:attachment":[{"href":"https:\/\/tmandoutdoor.com\/es\/wp-json\/wp\/v2\/media?parent=38638"}],"wp:term":[{"taxonomy":"product_brand","embeddable":true,"href":"https:\/\/tmandoutdoor.com\/es\/wp-json\/wp\/v2\/product_brand?post=38638"},{"taxonomy":"product_cat","embeddable":true,"href":"https:\/\/tmandoutdoor.com\/es\/wp-json\/wp\/v2\/product_cat?post=38638"},{"taxonomy":"product_tag","embeddable":true,"href":"https:\/\/tmandoutdoor.com\/es\/wp-json\/wp\/v2\/product_tag?post=38638"},{"taxonomy":"marque","embeddable":true,"href":"https:\/\/tmandoutdoor.com\/es\/wp-json\/wp\/v2\/marque?post=38638"}],"curies":[{"name":"wp","href":"https:\/\/api.w.org\/{rel}","templated":true}]}}