{"id":38514,"date":"2026-02-23T17:11:15","date_gmt":"2026-02-23T16:11:15","guid":{"rendered":"https:\/\/tmandoutdoor.com\/?post_type=product&#038;p=38514"},"modified":"2026-02-23T17:34:04","modified_gmt":"2026-02-23T16:34:04","slug":"chaqueta-polar-coyote-gk-dutycall-copie","status":"publish","type":"product","link":"https:\/\/tmandoutdoor.com\/es\/producto\/chaqueta-polar-coyote-gk-dutycall-copie\/","title":{"rendered":"Vell\u00f3n negro GK DUTYCALL Pro"},"content":{"rendered":"<p>Este forro polar negro GK DUTYCALL, dise\u00f1ado para personal de seguridad privada y profesionales en movimiento, combina comodidad, durabilidad y practicidad. <strong>Esta chaqueta polar profesional <\/strong> combina ligereza y rendimiento t\u00e9rmico para todos los entornos.<\/p>\n<p>Descubre el forro polar GK DUTYCALL Pro, una <strong>prenda t\u00e9cnica profesional<\/strong> que responde a las estrictas exigencias de los vigilantes de seguridad en intervenci\u00f3n. Con certificaci\u00f3n OEKO-TEX STANDARD 100, esta chaqueta ofrece protecci\u00f3n contra el fr\u00edo, al tiempo que permanece transpirable durante tus misiones sobre el terreno. Su color negro combina perfectamente con el equipamiento t\u00e1ctico y la indumentaria profesional exigida.  <\/p>\n<p>Confeccionada con forro polar t\u00e9cnico de alta densidad (100% poli\u00e9ster 300 g\/m\u00b2), esta chaqueta de seguridad privada ofrece <strong>un aislamiento t\u00e9rmico \u00f3ptimo<\/strong>, al tiempo que mantiene la libertad de movimientos. El poli\u00e9ster t\u00e9cnico garantiza durabilidad y facilidad de cuidado, esenciales para la ropa profesional utilizada en condiciones extremas. <\/p>\n<p>Adecuado para guardias de seguridad privada y profesionales de las fuerzas del orden, este forro polar negro combina ligereza y resistencia. Con 2 bolsillos delanteros con cremallera, bolsillos en los brazos con corchetes GK DUTYCALL y materiales resistentes (refuerzos CORDURA\u00ae 500D en hombros y espalda), ofrece un confort \u00f3ptimo y una funcionalidad total sobre el terreno. <\/p>\n<h2 id=\"gk-dutycall\">Gama de forros polares GK DUTYCALL Pro<\/h2>\n<p>Descubre GK DUTYCALL Pro, una gama especialmente dise\u00f1ada para responder a las exigencias del personal militar y los profesionales de la seguridad en acci\u00f3n. Nuestras prendas combinan robustez y funcionalidad t\u00e9cnica, garantizando un rendimiento \u00f3ptimo sobre el terreno. Cada forro polar se prueba en condiciones extremas para garantizar tu protecci\u00f3n, calidez y comodidad. Con GK DUTYCALL Pro, equ\u00edpate profesionalmente para cada misi\u00f3n de seguridad privada y extinci\u00f3n de incendios.   <\/p>\n<h2 id=\"caracteristiques\">Caracter\u00edsticas t\u00e9cnicas de la chaqueta polar negra GK DUTYCALL<\/h2>\n<ul>\n<li>Color: negro<\/li>\n<li>Tallas disponibles: de la XS a la 4XL<\/li>\n<li>100% vell\u00f3n de poli\u00e9ster de alta densidad<\/li>\n<li>Apertura central con cremallera simple<\/li>\n<li>2 bolsillos delanteros de parche con cremallera y forro de fieltro<\/li>\n<li>1 bolsillo con cremallera en el pecho (lado derecho &#8211; desgastado)<\/li>\n<li>1 bolsillo con cremallera en cada brazo con tapeta de cremallera<\/li>\n<li>Cierre autoadherente GK DUTYCALL en cada brazo con ranura para bol\u00edgrafo<\/li>\n<li>Paneles CORDURA\u00ae 500D en hombros y espalda para mayor durabilidad<\/li>\n<li>Mangas el\u00e1sticas para un ajuste \u00f3ptimo<\/li>\n<li>Cuello alto para proteger del viento<\/li>\n<li>Cierre de cremallera resistente<\/li>\n<li>Etiqueta de identificaci\u00f3n cosida<\/li>\n<li>Dobladillo reforzado<\/li>\n<\/ul>\n<h2 id=\"composition\">Material y composici\u00f3n profesional de la chaqueta<\/h2>\n<p>Esta chaqueta utiliza materiales de primera calidad para garantizar una durabilidad profesional y confort t\u00e9rmico en todas las condiciones del terreno.<\/p>\n<ul>\n<li>Tejido exterior: 100% poli\u00e9ster polar, 300 g\/m\u00b2.<\/li>\n<li>Refuerzos de Cordura: 100% Nylon 500D<\/li>\n<\/ul>\n<p><strong>El poli\u00e9ster t\u00e9cnico y el micropolar<\/strong> proporcionan un excelente aislamiento contra el fr\u00edo, sin dejar de ser ligeros y transpirables. Los refuerzos de nylon CORDURA\u00ae en las zonas de desgaste (hombros, espalda) garantizan una durabilidad excepcional para misiones de seguridad privada y operaciones sobre el terreno. <\/p>\n<h2 id=\"instruction-de-lavage\">Instrucciones de lavado y cuidado<\/h2>\n<ul>\n<li>Lavar del rev\u00e9s<\/li>\n<li>Lavar a m\u00e1quina a 30\u00b0.<\/li>\n<li>Sin cloro<\/li>\n<li>No secar en secadora<\/li>\n<li>No planchar<\/li>\n<li>Prohibida la limpieza en seco<\/li>\n<\/ul>\n<p>Sigue estas instrucciones de lavado para mantener la integridad de tu prenda de seguridad profesional y prolongar su vida \u00fatil. La certificaci\u00f3n OEKO-TEX STANDARD 100 garantiza que las fibras est\u00e1n libres de sustancias nocivas y son respetuosas con tu piel y el medio ambiente. <\/p>\n<p><\/p>\n","protected":false},"excerpt":{"rendered":"<p>Forro polar GK DUTYCALL Pro negro: chaqueta profesional con aislamiento t\u00e9rmico, 3 bolsillos y cierre de cremallera. Tejido de poli\u00e9ster de 300 g\/m\u00b2, certificado OEKO-TEX. Ideal para personal de seguridad.  <\/p>\n","protected":false},"featured_media":38564,"comment_status":"closed","ping_status":"closed","template":"","meta":[],"product_brand":[2013],"product_cat":[448,419,239,423],"product_tag":[],"marque":[],"class_list":{"0":"post-38514","1":"product","2":"type-product","3":"status-publish","4":"has-post-thumbnail","6":"product_brand-gk","7":"product_cat-alto","8":"product_cat-o-que-ha-de-novo-es","9":"product_cat-promociones","10":"product_cat-tendencias","12":"first","13":"instock","14":"sale","15":"taxable","16":"shipping-taxable","17":"purchasable","18":"product-type-variable"},"aioseo_notices":[],"_links":{"self":[{"href":"https:\/\/tmandoutdoor.com\/es\/wp-json\/wp\/v2\/product\/38514","targetHints":{"allow":["GET"]}}],"collection":[{"href":"https:\/\/tmandoutdoor.com\/es\/wp-json\/wp\/v2\/product"}],"about":[{"href":"https:\/\/tmandoutdoor.com\/es\/wp-json\/wp\/v2\/types\/product"}],"replies":[{"embeddable":true,"href":"https:\/\/tmandoutdoor.com\/es\/wp-json\/wp\/v2\/comments?post=38514"}],"wp:featuredmedia":[{"embeddable":true,"href":"https:\/\/tmandoutdoor.com\/es\/wp-json\/wp\/v2\/media\/38564"}],"wp:attachment":[{"href":"https:\/\/tmandoutdoor.com\/es\/wp-json\/wp\/v2\/media?parent=38514"}],"wp:term":[{"taxonomy":"product_brand","embeddable":true,"href":"https:\/\/tmandoutdoor.com\/es\/wp-json\/wp\/v2\/product_brand?post=38514"},{"taxonomy":"product_cat","embeddable":true,"href":"https:\/\/tmandoutdoor.com\/es\/wp-json\/wp\/v2\/product_cat?post=38514"},{"taxonomy":"product_tag","embeddable":true,"href":"https:\/\/tmandoutdoor.com\/es\/wp-json\/wp\/v2\/product_tag?post=38514"},{"taxonomy":"marque","embeddable":true,"href":"https:\/\/tmandoutdoor.com\/es\/wp-json\/wp\/v2\/marque?post=38514"}],"curies":[{"name":"wp","href":"https:\/\/api.w.org\/{rel}","templated":true}]}}