{"id":38434,"date":"2026-02-23T15:49:06","date_gmt":"2026-02-23T14:49:06","guid":{"rendered":"https:\/\/tmandoutdoor.com\/produit\/camiseta-ubas-coyote-gk-dutycall\/"},"modified":"2026-02-23T16:01:46","modified_gmt":"2026-02-23T15:01:46","slug":"camiseta-ubas-coyote-gk-dutycall","status":"publish","type":"product","link":"https:\/\/tmandoutdoor.com\/es\/producto\/camiseta-ubas-coyote-gk-dutycall\/","title":{"rendered":"Camiseta Ubas Coyote &#8211; GK DUTYCALL"},"content":{"rendered":"<p>Descubre la Camisa Ubas Coyote &#8211; GK DUTYCALL, una prenda t\u00e9cnica dise\u00f1ada para ofrecer robustez, comodidad y libertad de movimientos. Gracias a sus materiales de alta calidad y a su dise\u00f1o inteligente, satisface las necesidades de los profesionales m\u00e1s exigentes en misiones al aire libre. <\/p>\n<p>Descubre la camisa Ubas Coyote &#8211; GK DUTYCALL, una prenda t\u00e9cnica dise\u00f1ada para ofrecer rendimiento y resistencia a los profesionales m\u00e1s exigentes. Ideal para misiones al aire libre, esta camisa combina materiales de alta calidad y un dise\u00f1o inteligente para garantizar comodidad y practicidad. <\/p>\n<p>La combinaci\u00f3n de colores Coyote es discreta y vers\u00e1til, por lo que resulta ideal para su uso en entornos profesionales y t\u00e1cticos.<\/p>\n<p>Disponible en una amplia gama de tallas, de la XS a la 4XL, la Camisa Ubas Coyote &#8211; GK DUTYCALL es el aliado ideal para los profesionales de la seguridad, los agentes del orden y los entusiastas de las actividades al aire libre que buscan rendimiento, comodidad y robustez.<\/p>\n<h2><strong>GK DUTYCALL\u00ae :<\/strong><\/h2>\n<p>Descubre GK Dutycall, una gama especialmente dise\u00f1ada para responder a las exigencias de los militares. Nuestros equipos combinan robustez y funcionalidad, garantizando un rendimiento \u00f3ptimo sobre el terreno. Cada producto se prueba en condiciones extremas para garantizar tu seguridad y comodidad. GK Dutycall te equipa profesionalmente para cada misi\u00f3n.   <\/p>\n<h2>CARACTER\u00cdSTICAS :<\/h2>\n<ul>\n<li>Color: Coyote<\/li>\n<li>Tallas disponibles: de la XS a la 4XL<\/li>\n<li>Camiseta UBAS en tejido Ripstop el\u00e1stico<\/li>\n<li>Tejido con tratamiento IR<\/li>\n<li>Cuello alto con cierre de cremallera<\/li>\n<li>Hombros reforzados con espuma<\/li>\n<li>2 bolsillos con cremallera (mangas) con cierre autoadherente GK DUTYCALL y portabol\u00edgrafos<\/li>\n<li>Pu\u00f1os ajustables con velcro<\/li>\n<\/ul>\n<h2>COMPOSICI\u00d3N :<\/h2>\n<ul>\n<li>Tejido Ripstop: 65% poli\u00e9ster &#8211; 32% algod\u00f3n &#8211; 3% elastano, 220gr<\/li>\n<li>Tejido del cuerpo: 100% algod\u00f3n, 200gr<\/li>\n<\/ul>\n<h2>INSTRUCCIONES DE LAVADO :<\/h2>\n<ul>\n<li>Lavar del rev\u00e9s<\/li>\n<li>Lavar a m\u00e1quina a 30\u00b0.<\/li>\n<li>Sin cloraci\u00f3n<\/li>\n<li>No secar en secadora<\/li>\n<li>No planchar<\/li>\n<li>Sin limpieza en seco<\/li>\n<\/ul>\n<p>&nbsp;<\/p>\n","protected":false},"excerpt":{"rendered":"<p>Descubre la Camisa Ubas Coyote &#8211; GK DUTYCALL, una prenda t\u00e9cnica dise\u00f1ada para ofrecer robustez, comodidad y libertad de movimientos. Gracias a sus materiales de alta calidad y a su dise\u00f1o inteligente, satisface las necesidades de los profesionales m\u00e1s exigentes en misiones al aire libre. Descubre la camisa Ubas Coyote &#8211; GK DUTYCALL, una prenda&hellip;<\/p>\n","protected":false},"featured_media":38433,"comment_status":"closed","ping_status":"closed","template":"","meta":[],"product_brand":[],"product_cat":[448,419,239],"product_tag":[],"marque":[],"class_list":{"0":"post-38434","1":"product","2":"type-product","3":"status-publish","4":"has-post-thumbnail","6":"product_cat-alto","7":"product_cat-o-que-ha-de-novo-es","8":"product_cat-promociones","10":"first","11":"instock","12":"sale","13":"taxable","14":"shipping-taxable","15":"purchasable","16":"product-type-variable"},"aioseo_notices":[],"_links":{"self":[{"href":"https:\/\/tmandoutdoor.com\/es\/wp-json\/wp\/v2\/product\/38434","targetHints":{"allow":["GET"]}}],"collection":[{"href":"https:\/\/tmandoutdoor.com\/es\/wp-json\/wp\/v2\/product"}],"about":[{"href":"https:\/\/tmandoutdoor.com\/es\/wp-json\/wp\/v2\/types\/product"}],"replies":[{"embeddable":true,"href":"https:\/\/tmandoutdoor.com\/es\/wp-json\/wp\/v2\/comments?post=38434"}],"wp:featuredmedia":[{"embeddable":true,"href":"https:\/\/tmandoutdoor.com\/es\/wp-json\/wp\/v2\/media\/38433"}],"wp:attachment":[{"href":"https:\/\/tmandoutdoor.com\/es\/wp-json\/wp\/v2\/media?parent=38434"}],"wp:term":[{"taxonomy":"product_brand","embeddable":true,"href":"https:\/\/tmandoutdoor.com\/es\/wp-json\/wp\/v2\/product_brand?post=38434"},{"taxonomy":"product_cat","embeddable":true,"href":"https:\/\/tmandoutdoor.com\/es\/wp-json\/wp\/v2\/product_cat?post=38434"},{"taxonomy":"product_tag","embeddable":true,"href":"https:\/\/tmandoutdoor.com\/es\/wp-json\/wp\/v2\/product_tag?post=38434"},{"taxonomy":"marque","embeddable":true,"href":"https:\/\/tmandoutdoor.com\/es\/wp-json\/wp\/v2\/marque?post=38434"}],"curies":[{"name":"wp","href":"https:\/\/api.w.org\/{rel}","templated":true}]}}