{"id":38319,"date":"2026-02-23T15:04:26","date_gmt":"2026-02-23T14:04:26","guid":{"rendered":"https:\/\/tmandoutdoor.com\/produit\/pantalones-de-combate-coyote-gk-dutycall\/"},"modified":"2026-02-23T15:15:00","modified_gmt":"2026-02-23T14:15:00","slug":"pantalones-de-combate-coyote-gk-dutycall","status":"publish","type":"product","link":"https:\/\/tmandoutdoor.com\/es\/producto\/pantalones-de-combate-coyote-gk-dutycall\/","title":{"rendered":"Pantal\u00f3n de combate Ripstop Coyote GK DUTYCALL &#8211; Trabajo y Aire Libre"},"content":{"rendered":"<p>Descubre el <strong>Pantal\u00f3n de Combate Coyote &#8211; GK DUTYCALL<\/strong>, una prenda t\u00e9cnica dise\u00f1ada para ofrecer rendimiento y resistencia a los profesionales m\u00e1s exigentes. Ideal para misiones al aire libre, este modelo combina materiales de alta calidad y un dise\u00f1o inteligente para garantizar tanto la comodidad como la practicidad sobre el terreno. <\/p>\n<p>Ya sea para uso militar, trabajo o actividades de senderismo exigentes, estos pantalones ofrecen una <strong>libertad de movimiento<\/strong> excepcional gracias a su tejido el\u00e1stico. El color coyote es discreto y vers\u00e1til, por lo que son ideales para entornos profesionales y t\u00e1cticos. <\/p>\n<p>Disponibles en una amplia gama de tallas, de la 34 a la 60, los Pantalones de Combate Coyote GK DUTYCALL son el aliado ideal para los profesionales de la seguridad, los agentes del orden y los entusiastas de las actividades al aire libre que buscan un equipo ligero, <strong>c\u00f3modo<\/strong> y resistente.<\/p>\n<h2 id=\"gamme-gk-dutycall\">La gama GK DUTYCALL\u00ae: pantalones de trabajo t\u00e1cticos de eficacia probada<\/h2>\n<p>Descubre GK Dutycall, una gama especialmente dise\u00f1ada para responder a las exigencias del personal militar y de las fuerzas del orden. Nuestros equipos combinan resistencia y funcionalidad, garantizando un rendimiento \u00f3ptimo sobre el terreno. Cada producto se prueba en condiciones extremas para garantizar tu seguridad y comodidad. Con estos pantalones, confeccionados seg\u00fan las normas m\u00e1s exigentes, podr\u00e1s equiparte profesionalmente para cualquier misi\u00f3n o aventura al aire libre.   <\/p>\n<h2 id=\"caracteristiques-techniques\">Detalles y caracter\u00edsticas de estos pantalones multibolsillos Ripstop<\/h2>\n<p>Estos pantalones de hombre est\u00e1n hechos para durar. Su tejido resistente a los desgarros y su corte ergon\u00f3mico los convierten en una opci\u00f3n pr\u00e1ctica para todas las condiciones. <\/p>\n<ul>\n<li><strong>Color:<\/strong> coyote (adecuado para camuflaje y entornos \u00e1ridos)<\/li>\n<li><strong>Tallas disponibles:<\/strong> de la 34 a la 60, para un ajuste preciso sea cual sea tu forma.<\/li>\n<li><strong>Tejido principal:<\/strong> Pantal\u00f3n de combate confeccionado en <strong>tejido<\/strong> el\u00e1stico <strong>Ripstop<\/strong>, que ofrece una mayor resistencia al desgarro sin dejar de ser transpirable.<\/li>\n<li><strong>Caracter\u00edsticas t\u00e9cnicas:<\/strong> Tejido con tratamiento IR (infrarrojos).<\/li>\n<li><strong>Cierre seguro:<\/strong> Cierre principal con cremallera, bot\u00f3n canadiense macizo y corchete.<\/li>\n<li><strong>Cintura reforzada:<\/strong> 5 trabillas con costuras reforzadas para sujetar un cintur\u00f3n t\u00e1ctico.<\/li>\n<li><strong>Ajuste de la cintura:<\/strong> Cintura con cord\u00f3n y cierre autoadherente para un ajuste r\u00e1pido y f\u00e1cil.<\/li>\n<li><strong>Bolsillos laterales:<\/strong> 2 bolsillos cortados con costuras reforzadas para tus objetos cotidianos.<\/li>\n<li><strong>Capacidad de carga:<\/strong> 2 bolsillos cargo plisados (muslos) con solapa y cierre autoadherente + 1 peque\u00f1o y pr\u00e1ctico bolsillo abierto.<\/li>\n<li><strong>Almacenamiento trasero:<\/strong> 2 bolsillos traseros con solapa y cierres autoadherentes.<\/li>\n<li><strong>Parte inferior del pantal\u00f3n:<\/strong> correa en el tobillo con cierre autoadherente para ajustar el pantal\u00f3n por encima de los guardabarros.<\/li>\n<li><strong>Identificaci\u00f3n:<\/strong> Etiqueta de identificaci\u00f3n cosida.<\/li>\n<li><strong>Fijaci\u00f3n:<\/strong> gancho de tobillo para fijarlo al calzado, ideal para caminar por terrenos dif\u00edciles.<\/li>\n<\/ul>\n<h2 id=\"composition-matiere\">Composici\u00f3n del tejido de algod\u00f3n y poli\u00e9ster<\/h2>\n<p>La durabilidad de este modelo se basa en una mezcla de fibras t\u00e9cnicas que garantizan transpirabilidad y elasticidad:<\/p>\n<ul>\n<li><strong>Tejido:<\/strong> Ripstop 65% poli\u00e9ster &#8211; 32% algod\u00f3n &#8211; 3% elast\u00e1n.<\/li>\n<li><strong>Peso:<\/strong> 220 g (peso ligero y vers\u00e1til).<\/li>\n<\/ul>\n<h2 id=\"entretien\">Instrucciones de lavado para mantener las propiedades t\u00e9cnicas<\/h2>\n<ul>\n<li>Lava del rev\u00e9s para proteger el tejido exterior.<\/li>\n<li>Lavar a m\u00e1quina a 30\u00b0.<\/li>\n<li>Sin cloraci\u00f3n.<\/li>\n<li>No secar en secadora (se recomienda el secado natural).<\/li>\n<li>No planchar.<\/li>\n<li>No hay limpieza en seco.<\/li>\n<\/ul>\n<p><\/p>\n","protected":false},"excerpt":{"rendered":"<p>Los pantalones de combate Coyote GK DUTYCALL son ideales para el campo. Tejido Ripstop el\u00e1stico, corte t\u00e1ctico y multibolsillos. Robustos para el trabajo y el senderismo.  <\/p>\n","protected":false},"featured_media":38318,"comment_status":"closed","ping_status":"closed","template":"","meta":[],"product_brand":[2013],"product_cat":[424,419,239],"product_tag":[],"marque":[],"class_list":{"0":"post-38319","1":"product","2":"type-product","3":"status-publish","4":"has-post-thumbnail","6":"product_brand-gk","7":"product_cat-abaixo","8":"product_cat-o-que-ha-de-novo-es","9":"product_cat-promociones","11":"first","12":"instock","13":"sale","14":"taxable","15":"shipping-taxable","16":"purchasable","17":"product-type-variable"},"aioseo_notices":[],"_links":{"self":[{"href":"https:\/\/tmandoutdoor.com\/es\/wp-json\/wp\/v2\/product\/38319","targetHints":{"allow":["GET"]}}],"collection":[{"href":"https:\/\/tmandoutdoor.com\/es\/wp-json\/wp\/v2\/product"}],"about":[{"href":"https:\/\/tmandoutdoor.com\/es\/wp-json\/wp\/v2\/types\/product"}],"replies":[{"embeddable":true,"href":"https:\/\/tmandoutdoor.com\/es\/wp-json\/wp\/v2\/comments?post=38319"}],"wp:featuredmedia":[{"embeddable":true,"href":"https:\/\/tmandoutdoor.com\/es\/wp-json\/wp\/v2\/media\/38318"}],"wp:attachment":[{"href":"https:\/\/tmandoutdoor.com\/es\/wp-json\/wp\/v2\/media?parent=38319"}],"wp:term":[{"taxonomy":"product_brand","embeddable":true,"href":"https:\/\/tmandoutdoor.com\/es\/wp-json\/wp\/v2\/product_brand?post=38319"},{"taxonomy":"product_cat","embeddable":true,"href":"https:\/\/tmandoutdoor.com\/es\/wp-json\/wp\/v2\/product_cat?post=38319"},{"taxonomy":"product_tag","embeddable":true,"href":"https:\/\/tmandoutdoor.com\/es\/wp-json\/wp\/v2\/product_tag?post=38319"},{"taxonomy":"marque","embeddable":true,"href":"https:\/\/tmandoutdoor.com\/es\/wp-json\/wp\/v2\/marque?post=38319"}],"curies":[{"name":"wp","href":"https:\/\/api.w.org\/{rel}","templated":true}]}}