{"id":38158,"date":"2026-02-23T13:29:55","date_gmt":"2026-02-23T12:29:55","guid":{"rendered":"https:\/\/tmandoutdoor.com\/produit\/softshell-ripstop-coyote-gk-dutycall\/"},"modified":"2026-02-24T13:41:20","modified_gmt":"2026-02-24T12:41:20","slug":"softshell-ripstop-coyote-gk-dutycall","status":"publish","type":"product","link":"https:\/\/tmandoutdoor.com\/es\/producto\/softshell-ripstop-coyote-gk-dutycall\/","title":{"rendered":"Chaqueta softshell militar impermeable de 3 capas GK DUTYCALL"},"content":{"rendered":"<p>Descubre la chaqueta softshell GK DUTYCALL en coyote, una chaqueta t\u00e9cnica dise\u00f1ada para ofrecer rendimiento y resistencia a los profesionales m\u00e1s exigentes. Ideal para misiones al aire libre, esta chaqueta militar combina materiales de alta calidad y un dise\u00f1o inteligente para garantizar comodidad y practicidad. <\/p>\n<p>Esta chaqueta softshell impermeable de alta calidad est\u00e1 hecha de softshell Ripstop 100% poli\u00e9ster (320 g\/m\u00b2) con una <strong>membrana impermeable y transpirable<\/strong> de 5000\/5000 mm, que garantiza una protecci\u00f3n \u00f3ptima contra la lluvia y el mal tiempo. El suave tejido ripstop y el elastano garantizan una gran libertad de movimientos, perfecta para chaquetas t\u00e1cticas o de exterior. <\/p>\n<p>El color coyote de esta chaqueta militar ofrece una discreci\u00f3n excepcional, ideal para integrarse en entornos profesionales y t\u00e1cticos. <strong>Los refuerzos de Cordura\u00ae 500D<\/strong> en los hombros, codos, brazos y espalda a\u00f1aden resistencia adicional a las zonas m\u00e1s trabajadas de tu chaqueta softshell, garantizando una resistencia y durabilidad excepcionales. <\/p>\n<p>Esta chaqueta t\u00e1ctica presenta un dise\u00f1o funcional con <strong>bolsillos<\/strong> delanteros de parche con cremallera, pr\u00e1cticos bolsillos interiores que incluyen un bolsillo de malla y dos con cierre autoadherente, y ventilaci\u00f3n en las axilas mediante una abertura de malla con cremallera. Dos bolsillos adicionales en los brazos proporcionan un acceso r\u00e1pido y seguro a tus objetos esenciales. <\/p>\n<p>Para un confort \u00f3ptimo en condiciones extremas, la <strong>capucha desmontable<\/strong> y ajustable mediante cordones se adapta a cualquier situaci\u00f3n. Las leng\u00fcetas autoadherentes de las mangas garantizan un ajuste perfecto, mientras que los cordones de ajuste de la parte inferior aseguran que la chaqueta se mantenga en su sitio en todas las condiciones. <\/p>\n<p>Disponible en tallas de la XS a la 4XL, esta chaqueta softshell impermeable de 3 capas GK DUTYCALL es ideal para profesionales de la seguridad, agentes del orden y entusiastas de las actividades al aire libre que buscan protecci\u00f3n, comodidad y robustez para sus misiones m\u00e1s exigentes.<\/p>\n<h2 id=\"gk-dutycall\">GK DUTYCALL equipamiento militar t\u00e1ctico para profesionales chaqueta softshell<\/h2>\n<p>Descubre GK Dutycall, una gama especialmente dise\u00f1ada para responder a las exigencias de los militares. Nuestros equipos combinan robustez y funcionalidad, garantizando un rendimiento \u00f3ptimo sobre el terreno. Cada producto se prueba en condiciones extremas para garantizar tu seguridad y comodidad. GK Dutycall te equipa profesionalmente para cada misi\u00f3n.   <\/p>\n<h2 id=\"caracteristiques\">Chaqueta softshell de 3 capas: caracter\u00edsticas t\u00e9cnicas militares impermeables<\/h2>\n<ul>\n<li>Color: coyote<\/li>\n<li>Tallas disponibles: de la XS a la 4XL<\/li>\n<li>Tecnolog\u00eda softshell de 3 capas<\/li>\n<li>Membrana impermeable y transpirable 5000\/5000 mm<\/li>\n<li>Tejido ripstop suave<\/li>\n<li>Apertura central con cremallera bidireccional revestida<\/li>\n<li>2 bolsillos delanteros de parche con cremallera revestida y tapeta con cremallera<\/li>\n<li>Forro interior de fieltro<\/li>\n<li>Bolsillo interior de malla<\/li>\n<li>2 bolsillos interiores con cierre autoadherente<\/li>\n<li>1 bolsillo con cremallera en cada brazo con tapeta de cremallera<\/li>\n<li>Abertura con cremallera en las axilas con malla para ventilaci\u00f3n<\/li>\n<li>Cierre autoadherente GK DUTYCALL en cada brazo con ranura para bol\u00edgrafo<\/li>\n<li>Capucha desmontable con cremallera simple<\/li>\n<li>Capucha ajustable con cord\u00f3n<\/li>\n<li>Inserciones de Cordura\u00ae 500D en hombros, espalda, codos y brazos<\/li>\n<li>Pu\u00f1os de las mangas de Cordura 500D<\/li>\n<li>Mangas con cierre autoadherente<\/li>\n<li>Etiqueta de identificaci\u00f3n cosida<\/li>\n<li>Parte inferior con cordones a ambos lados<\/li>\n<\/ul>\n<h2 id=\"composition\">Tejido softshell militar: composici\u00f3n y materiales Cordura reforzada<\/h2>\n<ul>\n<li>Tejido exterior: 100% poli\u00e9ster ripstop softshell, 320 g\/m\u00b2.<\/li>\n<li>Refuerzos de cordura: 100% nailon 500D<\/li>\n<\/ul>\n<h2 id=\"instructions-d-entretien\">Cuidados de las chaquetas softshell: gu\u00eda de cuidados de las chaquetas militares<\/h2>\n<ul>\n<li>Lavar del rev\u00e9s<\/li>\n<li>Lavar a m\u00e1quina a 30\u00b0.<\/li>\n<li>Sin cloraci\u00f3n<\/li>\n<li>No secar en secadora<\/li>\n<li>No planchar<\/li>\n<li>Sin limpieza en seco<\/li>\n<\/ul>\n<p>&nbsp;<\/p>\n","protected":false},"excerpt":{"rendered":"<p>Chaqueta militar softshell impermeable y transpirable GK DUTYCALL. Tecnolog\u00eda softshell de 3 capas, membrana 5000\/5000 mm, refuerzos de Cordura\u00ae. Ideal para profesionales t\u00e1cticos. Tallas de la XS a la 4XL.   <\/p>\n","protected":false},"featured_media":38149,"comment_status":"closed","ping_status":"closed","template":"","meta":[],"product_brand":[2013],"product_cat":[448,419,423],"product_tag":[],"marque":[],"class_list":{"0":"post-38158","1":"product","2":"type-product","3":"status-publish","4":"has-post-thumbnail","6":"product_brand-gk","7":"product_cat-alto","8":"product_cat-o-que-ha-de-novo-es","9":"product_cat-tendencias","11":"first","12":"instock","13":"sale","14":"taxable","15":"shipping-taxable","16":"purchasable","17":"product-type-variable"},"aioseo_notices":[],"_links":{"self":[{"href":"https:\/\/tmandoutdoor.com\/es\/wp-json\/wp\/v2\/product\/38158","targetHints":{"allow":["GET"]}}],"collection":[{"href":"https:\/\/tmandoutdoor.com\/es\/wp-json\/wp\/v2\/product"}],"about":[{"href":"https:\/\/tmandoutdoor.com\/es\/wp-json\/wp\/v2\/types\/product"}],"replies":[{"embeddable":true,"href":"https:\/\/tmandoutdoor.com\/es\/wp-json\/wp\/v2\/comments?post=38158"}],"wp:featuredmedia":[{"embeddable":true,"href":"https:\/\/tmandoutdoor.com\/es\/wp-json\/wp\/v2\/media\/38149"}],"wp:attachment":[{"href":"https:\/\/tmandoutdoor.com\/es\/wp-json\/wp\/v2\/media?parent=38158"}],"wp:term":[{"taxonomy":"product_brand","embeddable":true,"href":"https:\/\/tmandoutdoor.com\/es\/wp-json\/wp\/v2\/product_brand?post=38158"},{"taxonomy":"product_cat","embeddable":true,"href":"https:\/\/tmandoutdoor.com\/es\/wp-json\/wp\/v2\/product_cat?post=38158"},{"taxonomy":"product_tag","embeddable":true,"href":"https:\/\/tmandoutdoor.com\/es\/wp-json\/wp\/v2\/product_tag?post=38158"},{"taxonomy":"marque","embeddable":true,"href":"https:\/\/tmandoutdoor.com\/es\/wp-json\/wp\/v2\/marque?post=38158"}],"curies":[{"name":"wp","href":"https:\/\/api.w.org\/{rel}","templated":true}]}}