{"id":3811,"date":"2023-11-20T17:23:16","date_gmt":"2023-11-20T16:23:16","guid":{"rendered":"https:\/\/tmandoutdoor.com\/produit\/bolsa-estampada-azul-marino\/"},"modified":"2025-07-16T22:48:14","modified_gmt":"2025-07-16T20:48:14","slug":"bolsa-estampada-azul-marino","status":"publish","type":"product","link":"https:\/\/tmandoutdoor.com\/es\/producto\/bolsa-estampada-azul-marino\/","title":{"rendered":"Bolsa estampada azul marino"},"content":{"rendered":"<p>Color: crudo<\/p>\n<p><strong>Bolsa grande :<\/strong><\/p>\n<p>Volumen: aproximadamente 50 L<\/p>\n<p>Altura: aprox. 70 cm<\/p>\n<p>Di\u00e1metro: aprox. 30 cm<\/p>\n<p><strong>Bolsa de embalaje Modelo peque\u00f1o :<\/strong><\/p>\n<p>Volumen: aprox. 25 L<\/p>\n<p>Altura: 50 cm aproximadamente<\/p>\n<p>Di\u00e1metro: aprox. 25 cm<\/p>\n","protected":false},"excerpt":{"rendered":"<p>Reproducci\u00f3n de la legendaria bolsa de viaje estampada Marine Nationale.<\/p>\n<p>Dependiendo de su tama\u00f1o, esta bolsa puede acompa\u00f1arte los fines de semana y en actividades deportivas, o en viajes o excursiones m\u00e1s largas para el modelo m\u00e1s grande.<\/p>\n<p>Material: 100% algod\u00f3n<\/p>\n","protected":false},"featured_media":12602,"comment_status":"closed","ping_status":"closed","template":"","meta":[],"product_brand":[],"product_cat":[288,421],"product_tag":[],"marque":[],"class_list":{"0":"post-3811","1":"product","2":"type-product","3":"status-publish","4":"has-post-thumbnail","6":"product_cat-bolsas","7":"product_cat-saco-de-transporte","8":"product_shipping_class-standard-es","10":"first","11":"instock","12":"taxable","13":"shipping-taxable","14":"purchasable","15":"product-type-variable"},"aioseo_notices":[],"_links":{"self":[{"href":"https:\/\/tmandoutdoor.com\/es\/wp-json\/wp\/v2\/product\/3811","targetHints":{"allow":["GET"]}}],"collection":[{"href":"https:\/\/tmandoutdoor.com\/es\/wp-json\/wp\/v2\/product"}],"about":[{"href":"https:\/\/tmandoutdoor.com\/es\/wp-json\/wp\/v2\/types\/product"}],"replies":[{"embeddable":true,"href":"https:\/\/tmandoutdoor.com\/es\/wp-json\/wp\/v2\/comments?post=3811"}],"wp:featuredmedia":[{"embeddable":true,"href":"https:\/\/tmandoutdoor.com\/es\/wp-json\/wp\/v2\/media\/12602"}],"wp:attachment":[{"href":"https:\/\/tmandoutdoor.com\/es\/wp-json\/wp\/v2\/media?parent=3811"}],"wp:term":[{"taxonomy":"product_brand","embeddable":true,"href":"https:\/\/tmandoutdoor.com\/es\/wp-json\/wp\/v2\/product_brand?post=3811"},{"taxonomy":"product_cat","embeddable":true,"href":"https:\/\/tmandoutdoor.com\/es\/wp-json\/wp\/v2\/product_cat?post=3811"},{"taxonomy":"product_tag","embeddable":true,"href":"https:\/\/tmandoutdoor.com\/es\/wp-json\/wp\/v2\/product_tag?post=3811"},{"taxonomy":"marque","embeddable":true,"href":"https:\/\/tmandoutdoor.com\/es\/wp-json\/wp\/v2\/marque?post=3811"}],"curies":[{"name":"wp","href":"https:\/\/api.w.org\/{rel}","templated":true}]}}