{"id":3804,"date":"2023-11-20T17:23:15","date_gmt":"2023-11-20T16:23:15","guid":{"rendered":"https:\/\/tmandoutdoor.com\/produit\/cheque-de-algodon-caqui\/"},"modified":"2025-12-15T13:08:03","modified_gmt":"2025-12-15T12:08:03","slug":"cheque-de-algodon-caqui","status":"publish","type":"product","link":"https:\/\/tmandoutdoor.com\/es\/producto\/cheque-de-algodon-caqui\/","title":{"rendered":"Cheque de algod\u00f3n (caqui)"},"content":{"rendered":"<p><span style=\"background-color: #ffffff\">Material: 100% algod\u00f3n <\/span><\/p>\n<p><span style=\"background-color: #ffffff\">Dimensiones: 250*85 cm aprox.<\/span><\/p>\n","protected":false},"excerpt":{"rendered":"<p>Inspirada en la ch\u00e8che del Ej\u00e9rcito franc\u00e9s de los a\u00f1os 50, esta ch\u00e8che de algod\u00f3n es una pieza atemporal tanto para el fr\u00edo como para el calor.<\/p>\n<p>Tejido suave y c\u00f3modo.<\/p>\n<p>&#8211; MATERIAL: Ch\u00e8che fabricada en algod\u00f3n 100%, para una calidad y comodidad insuperables.<\/p>\n<p>&#8211; PROTECCI\u00d3N: Te proteger\u00e1 tanto del fr\u00edo como del sol y el polvo.<\/p>\n","protected":false},"featured_media":7164,"comment_status":"closed","ping_status":"closed","template":"","meta":[],"product_brand":[],"product_cat":[290],"product_tag":[],"marque":[],"class_list":{"0":"post-3804","1":"product","2":"type-product","3":"status-publish","4":"has-post-thumbnail","6":"product_cat-accesorios","7":"product_shipping_class-standard-es","9":"first","10":"instock","11":"taxable","12":"shipping-taxable","13":"purchasable","14":"product-type-simple"},"aioseo_notices":[],"_links":{"self":[{"href":"https:\/\/tmandoutdoor.com\/es\/wp-json\/wp\/v2\/product\/3804","targetHints":{"allow":["GET"]}}],"collection":[{"href":"https:\/\/tmandoutdoor.com\/es\/wp-json\/wp\/v2\/product"}],"about":[{"href":"https:\/\/tmandoutdoor.com\/es\/wp-json\/wp\/v2\/types\/product"}],"replies":[{"embeddable":true,"href":"https:\/\/tmandoutdoor.com\/es\/wp-json\/wp\/v2\/comments?post=3804"}],"wp:featuredmedia":[{"embeddable":true,"href":"https:\/\/tmandoutdoor.com\/es\/wp-json\/wp\/v2\/media\/7164"}],"wp:attachment":[{"href":"https:\/\/tmandoutdoor.com\/es\/wp-json\/wp\/v2\/media?parent=3804"}],"wp:term":[{"taxonomy":"product_brand","embeddable":true,"href":"https:\/\/tmandoutdoor.com\/es\/wp-json\/wp\/v2\/product_brand?post=3804"},{"taxonomy":"product_cat","embeddable":true,"href":"https:\/\/tmandoutdoor.com\/es\/wp-json\/wp\/v2\/product_cat?post=3804"},{"taxonomy":"product_tag","embeddable":true,"href":"https:\/\/tmandoutdoor.com\/es\/wp-json\/wp\/v2\/product_tag?post=3804"},{"taxonomy":"marque","embeddable":true,"href":"https:\/\/tmandoutdoor.com\/es\/wp-json\/wp\/v2\/marque?post=3804"}],"curies":[{"name":"wp","href":"https:\/\/api.w.org\/{rel}","templated":true}]}}