{"id":38003,"date":"2026-02-23T11:36:11","date_gmt":"2026-02-23T10:36:11","guid":{"rendered":"https:\/\/tmandoutdoor.com\/produit\/cinturon-duo-coyote-rapido-poliester\/"},"modified":"2026-02-23T12:55:25","modified_gmt":"2026-02-23T11:55:25","slug":"cinturon-duo-coyote-rapido-poliester","status":"publish","type":"product","link":"https:\/\/tmandoutdoor.com\/es\/producto\/cinturon-duo-coyote-rapido-poliester\/","title":{"rendered":"Cintur\u00f3n t\u00e1ctico MOLLE coyote &#8211; Sistema Duo fast"},"content":{"rendered":"<h2 id=\"ceinture-molle-tactique-haute-performance-pour-equipement-militaire\">Cintur\u00f3n t\u00e1ctico MOLLE de alto rendimiento para equipamiento militar<\/h2>\n<p>Conjunto de <strong>cintur\u00f3n t\u00e1ctico MOLLE<\/strong> de poli\u00e9ster de alta resistencia. El sistema r\u00e1pido d\u00fao combina un cintur\u00f3n interior de 4 cm de ancho con un cintur\u00f3n exterior de 5 cm. El cierre autoadherente del cintur\u00f3n interior permite colocar y retirar el cintur\u00f3n exterior de forma r\u00e1pida y eficaz para un equipamiento modular y profesional.  <\/p>\n<p>El subcintur\u00f3n, con su superficie antideslizante, pasa a trav\u00e9s de las trabillas del pantal\u00f3n y se sujeta con velcro autoadherente. El cintur\u00f3n exterior MOLLE se fija a esta base con velcro, creando un sistema de sujeci\u00f3n seguro. Util\u00edzalos juntos o por separado en funci\u00f3n de tu misi\u00f3n t\u00e1ctica.  <\/p>\n<p>La <strong>resistente hebilla met\u00e1lica estilo cobra<\/strong> de liberaci\u00f3n r\u00e1pida ofrece la m\u00e1xima seguridad y comodidad para un uso t\u00e1ctico o cotidiano. El dise\u00f1o ajustable en dos direcciones garantiza el mejor ajuste posible para cualquier tama\u00f1o o misi\u00f3n. <\/p>\n<h3 id=\"systeme-molle-complet-pour-accessoires-tactiques\">Sistema MOLLE completo para accesorios t\u00e1cticos<\/h3>\n<p>El <strong>sistema MOLLE cortado con l\u00e1ser<\/strong> recorre toda la longitud del cintur\u00f3n exterior. Monta tus bolsas t\u00e1cticas, fundas y otros accesorios militares para obtener un equipo modular adaptado a tu misi\u00f3n. <\/p>\n<h3 id=\"caracteristiques-et-disponibilites\">Caracter\u00edsticas y disponibilidad<\/h3>\n<p>Disponible en <strong>negro<\/strong> y coyote para una gran variedad de operaciones de campo.<\/p>\n<p>Tallas: S\/M (cintura 120-137 cm) y L\/XL (128-145 cm).<\/p>\n<p>Material: <strong>poli\u00e9ster 600D<\/strong> resistente y duradero.<\/p>\n<p>Hebilla met\u00e1lica r\u00edgida. Velcro de alta calidad. <\/p>\n<p>Dise\u00f1ado para profesionales de las fuerzas de seguridad y las patrullas.<\/p>\n<p>&nbsp;<\/p>\n","protected":false},"excerpt":{"rendered":"<p>Cintur\u00f3n t\u00e1ctico MOLLE con sistema duo fast. Cintur\u00f3n doble ajustable, hebilla cobra de liberaci\u00f3n r\u00e1pida, velcro autoadherente. Negro y coyote. Equipo militar profesional.   <\/p>\n","protected":false},"featured_media":37999,"comment_status":"closed","ping_status":"closed","template":"","meta":[],"product_brand":[1185],"product_cat":[1206,419,239],"product_tag":[],"marque":[],"class_list":{"0":"post-38003","1":"product","2":"type-product","3":"status-publish","4":"has-post-thumbnail","6":"product_brand-first-division-tactical","7":"product_cat-equipo-tactico","8":"product_cat-o-que-ha-de-novo-es","9":"product_cat-promociones","11":"first","12":"instock","13":"sale","14":"taxable","15":"shipping-taxable","16":"purchasable","17":"product-type-variable","18":"has-default-attributes"},"aioseo_notices":[],"_links":{"self":[{"href":"https:\/\/tmandoutdoor.com\/es\/wp-json\/wp\/v2\/product\/38003","targetHints":{"allow":["GET"]}}],"collection":[{"href":"https:\/\/tmandoutdoor.com\/es\/wp-json\/wp\/v2\/product"}],"about":[{"href":"https:\/\/tmandoutdoor.com\/es\/wp-json\/wp\/v2\/types\/product"}],"replies":[{"embeddable":true,"href":"https:\/\/tmandoutdoor.com\/es\/wp-json\/wp\/v2\/comments?post=38003"}],"wp:featuredmedia":[{"embeddable":true,"href":"https:\/\/tmandoutdoor.com\/es\/wp-json\/wp\/v2\/media\/37999"}],"wp:attachment":[{"href":"https:\/\/tmandoutdoor.com\/es\/wp-json\/wp\/v2\/media?parent=38003"}],"wp:term":[{"taxonomy":"product_brand","embeddable":true,"href":"https:\/\/tmandoutdoor.com\/es\/wp-json\/wp\/v2\/product_brand?post=38003"},{"taxonomy":"product_cat","embeddable":true,"href":"https:\/\/tmandoutdoor.com\/es\/wp-json\/wp\/v2\/product_cat?post=38003"},{"taxonomy":"product_tag","embeddable":true,"href":"https:\/\/tmandoutdoor.com\/es\/wp-json\/wp\/v2\/product_tag?post=38003"},{"taxonomy":"marque","embeddable":true,"href":"https:\/\/tmandoutdoor.com\/es\/wp-json\/wp\/v2\/marque?post=38003"}],"curies":[{"name":"wp","href":"https:\/\/api.w.org\/{rel}","templated":true}]}}