{"id":37472,"date":"2026-02-16T17:27:51","date_gmt":"2026-02-16T16:27:51","guid":{"rendered":"https:\/\/tmandoutdoor.com\/?post_type=product&#038;p=37472"},"modified":"2026-03-17T17:18:27","modified_gmt":"2026-03-17T16:18:27","slug":"red-de-sombra-s-cut-4x4-m-arena-sombreada-copie-2","status":"publish","type":"product","link":"https:\/\/tmandoutdoor.com\/es\/producto\/red-de-sombra-s-cut-4x4-m-arena-sombreada-copie-2\/","title":{"rendered":"Red sombreada de camuflaje S-Cut 4&#215;4 m blanca &#8211; Protecci\u00f3n solar"},"content":{"rendered":"<p>Red de camuflaje sombreada S-Cut 4\u00d74 m anti-UV blanco\/gris nieve. Protecci\u00f3n para terrazas y campings -10\u20ac pre-pedido exclusivo. <\/p>\n<p><strong>Red de camuflaje militar<\/strong> Camo First\u00ae S-Cut de 4\u00d74 m para terrazas y camping.<\/p>\n<p>80% de sombra, estilo nieve con una protecci\u00f3n solar \u00f3ptima.<\/p>\n<p>Prepedido exclusivo: \u00a1ahorra 10 \u20ac hoy!<\/p>\n<p>Reserva tu <strong>red reforzada de camuflaje<\/strong> Camo First\u00ae S-Cut antes de que se agote y benef\u00edciate de un descuento inmediato.<\/p>\n<p>La expedici\u00f3n comienza el 15 de abril de 2026.<\/p>\n<p>Transforma tu exterior en cuanto llegue el buen tiempo.<\/p>\n<p>Te ofrecemos <strong>la malla para sombra de nieve S-Cut<\/strong>, dise\u00f1ada para crear una zona de sombra cubriente con un marcado estilo militar. Su corte en forma de S difumina la luz, reduce el calor del sol y permite que el aire circule sin molestar al viento, para un confort \u00f3ptimo en tu terraza o al acampar. <\/p>\n<p><strong>Los puntos fuertes de esta red de camuflaje :<\/strong><\/p>\n<ul>\n<li><strong>80% de sombra<\/strong> gracias a su recorte reforzado en forma de S<\/li>\n<li>El acabado est\u00e9tico de los bordillos (dise\u00f1o registrado)<\/li>\n<li>Resistencia: dise\u00f1ada en <strong>poli\u00e9ster Oxford 210 D<\/strong> de alta densidad y montada sobre un tejido de nailon mediante cable de acero y anillas met\u00e1licas reforzadas.<\/li>\n<li>F\u00e1cil instalaci\u00f3n: cuerda de nailon integral e instalaci\u00f3n segura con cierres para tensarla f\u00e1cilmente<\/li>\n<\/ul>\n<p>Esta <strong>red reforzada de camuflaje<\/strong> S-Cut proporciona hasta un 80% de sombra, al tiempo que a\u00f1ade un refinado toque militar a tu terraza, balc\u00f3n o camping. Su estructura \u00fanica difunde la luz, reduciendo el calor directo de los rayos del sol y transformando al instante tus espacios exteriores en frescos para\u00edsos. <\/p>\n<h2 id=\"voile-de-camouflage-blanc-gris-renforcee-protection-visuelle-decoration\">Voile de camuflaje blanco y gris: protecci\u00f3n visual y decoraci\u00f3n para terrazas<\/h2>\n<p>Gracias a su dise\u00f1o de camuflaje en blanco y gris, esta <strong>red de sombra reforzada<\/strong> proporciona una protecci\u00f3n \u00f3ptima sin a\u00f1adir nada a tu decoraci\u00f3n exterior. El acabado antirreflejos, el tratamiento anti-UV y la m\u00e1xima resistencia a la intemperie proporcionan una protecci\u00f3n visual a\u00f1adida, ideal para uso residencial, eventos o uso exterior en una terraza, p\u00e9rgola o jard\u00edn. <\/p>\n<h2 id=\"filet-militaire-renforce-polyester-materiaux-durables-resistance\">Red militar de poli\u00e9ster reforzado: materiales duraderos y resistentes para uso en exteriores<\/h2>\n<ol>\n<li>Tejido <strong>Oxford 210 D de poli\u00e9ster<\/strong> de alta densidad: resistente y duradero, impermeable y tratado contra los rayos UV para una resistencia \u00f3ptima.<\/li>\n<li>Tejido de nailon con malla de 7 cm x 7 cm y lazos de nailon con anillas met\u00e1licas reforzadas: verdadera <strong>red de camuflaje<\/strong> militar reforzada.<\/li>\n<li>Ligero, 4 kg: f\u00e1cil de transportar en cualquier entorno de acampada, militar o al aire libre.<\/li>\n<li>Color nieve: estampado de camuflaje de nieve para un look contempor\u00e1neo.<\/li>\n<li>Sin ruido del viento, sin productos t\u00f3xicos: respeto a la fauna y a tus momentos de relax.<\/li>\n<\/ol>\n<h2 id=\"filet-camouflage-anti-uv-caracteristiques-techniques-taille-resistance-intemperies\">Malla de camuflaje anti-UV: caracter\u00edsticas t\u00e9cnicas, tama\u00f1o y resistencia a la intemperie<\/h2>\n<p>Esta <strong>red reforzada<\/strong> combina poli\u00e9ster Oxford 210D de alta densidad y tejido de nailon para ofrecer la m\u00e1xima resistencia. Sus dimensiones rectangulares de 4&#215;4 metros y su peso pluma de 4 kg la hacen ideal para terrazas, p\u00e9rgolas, campings o cualquier entorno exterior en cualquier condici\u00f3n meteorol\u00f3gica, con una protecci\u00f3n total contra los elementos. <\/p>\n<h2 id=\"filet-camouflage-polyvalent-camping-pergola-ombrage-protection-vent\">Malla de camuflaje polivalente: camping, p\u00e9rgola y sombra con protecci\u00f3n contra el viento<\/h2>\n<ol>\n<li>Instalaci\u00f3n r\u00e1pida y sencilla: se suministran bridas perimetrales de nailon y cuerda, para una instalaci\u00f3n segura sin herramientas especializadas.<\/li>\n<li>Versatilidad: mosquitera de camuflaje, vela de sombra reforzada, cortina decorativa de exterior, cubierta de equipo militar.<\/li>\n<li>Modularidad: combina varias redes de camuflaje para ampliar el sombreado y la ocultaci\u00f3n.<\/li>\n<li>Est\u00e9tica: el estilo de camuflaje reforzado, inspirado en el militar, realza con elegancia tu jard\u00edn y terraza.<\/li>\n<li>Seguridad: silencioso, antideslumbrante y no ign\u00edfugo, respeta tus limitaciones de acampada.<\/li>\n<\/ol>\n<h2 id=\"filet-camouflage-sable-coloris-solutions-jardin-camping-amenagement-exterieur\">Malla de camuflaje blanca: soluciones completas para jardiner\u00eda, camping y paisajismo<\/h2>\n<p>Tanto si buscas <strong>una malla de camuflaje<\/strong> blanca para un jard\u00edn mineral, una vela de sombra blanca para un patio contempor\u00e1neo o una malla militar de camuflaje para un festival de naturaleza, Camo First\u00ae S-Cut es la respuesta. Crea zonas de sombra sobre una mesa de picnic al acampar, comb\u00ednala con una p\u00e9rgola como vela de sombra reforzada, o inst\u00e1lala en tu 4&#215;4 para acampar en la nieve con una protecci\u00f3n solar \u00f3ptima y la m\u00e1xima resistencia a la intemperie. <\/p>\n<h2 id=\"entretien-simplifie-et-longevite\">Mantenimiento simplificado y longevidad<\/h2>\n<p>Basta con aclarar con agua limpia y el tejido se secar\u00e1 r\u00e1pidamente sin retener ning\u00fan olor. Los materiales impermeables de esta <strong>malla de camuflaje<\/strong> ofrecen una resistencia excepcional a la lluvia, la arena del desierto, la luz solar y los rayos UV sin deste\u00f1ir. Al final de su vida \u00fatil, el poli\u00e9ster es totalmente reciclable y respetuoso con el medio ambiente.  <\/p>\n<h2 id=\"precommande-exclusive-economisez-10-des-aujourd-hui\">Prepedido exclusivo: ahorra 10 euros hoy<\/h2>\n<p>Reserva tu <strong>red de sombra<\/strong> Camo First\u00ae S-Cut antes de que se agote y benef\u00edciate de un descuento inmediato. Env\u00edo a partir del 15 de abril de 2026, entrega est\u00e1ndar o recogida en Tours a petici\u00f3n. \u00a1Transforma tu espacio exterior en cuanto llegue el buen tiempo!  <\/p>\n<p>&nbsp;<\/p>\n","protected":false},"excerpt":{"rendered":"<p>Red de camuflaje reforzada anti-UV S-Cut 4&#215;4 m blanca con 80% de sombra. Protecci\u00f3n de terrazas y campings en estilo militar. Prepedido exclusivo -10\u20ac.  <\/p>\n","protected":false},"featured_media":37480,"comment_status":"closed","ping_status":"closed","template":"","meta":[],"product_brand":[1932],"product_cat":[205,328,1351],"product_tag":[],"marque":[],"class_list":{"0":"post-37472","1":"product","2":"type-product","3":"status-publish","4":"has-post-thumbnail","6":"product_brand-camo-first","7":"product_cat-camo-first-s-cut-es","8":"product_cat-non-classifiee-es","9":"product_cat-produccion-en-curso","11":"first","12":"pre_order","13":"sale","14":"taxable","15":"shipping-taxable","16":"purchasable","17":"product-type-simple"},"aioseo_notices":[],"_links":{"self":[{"href":"https:\/\/tmandoutdoor.com\/es\/wp-json\/wp\/v2\/product\/37472","targetHints":{"allow":["GET"]}}],"collection":[{"href":"https:\/\/tmandoutdoor.com\/es\/wp-json\/wp\/v2\/product"}],"about":[{"href":"https:\/\/tmandoutdoor.com\/es\/wp-json\/wp\/v2\/types\/product"}],"replies":[{"embeddable":true,"href":"https:\/\/tmandoutdoor.com\/es\/wp-json\/wp\/v2\/comments?post=37472"}],"wp:featuredmedia":[{"embeddable":true,"href":"https:\/\/tmandoutdoor.com\/es\/wp-json\/wp\/v2\/media\/37480"}],"wp:attachment":[{"href":"https:\/\/tmandoutdoor.com\/es\/wp-json\/wp\/v2\/media?parent=37472"}],"wp:term":[{"taxonomy":"product_brand","embeddable":true,"href":"https:\/\/tmandoutdoor.com\/es\/wp-json\/wp\/v2\/product_brand?post=37472"},{"taxonomy":"product_cat","embeddable":true,"href":"https:\/\/tmandoutdoor.com\/es\/wp-json\/wp\/v2\/product_cat?post=37472"},{"taxonomy":"product_tag","embeddable":true,"href":"https:\/\/tmandoutdoor.com\/es\/wp-json\/wp\/v2\/product_tag?post=37472"},{"taxonomy":"marque","embeddable":true,"href":"https:\/\/tmandoutdoor.com\/es\/wp-json\/wp\/v2\/marque?post=37472"}],"curies":[{"name":"wp","href":"https:\/\/api.w.org\/{rel}","templated":true}]}}