{"id":37313,"date":"2026-02-14T15:38:32","date_gmt":"2026-02-14T14:38:32","guid":{"rendered":"https:\/\/tmandoutdoor.com\/?post_type=product&#038;p=37313"},"modified":"2026-02-14T16:05:21","modified_gmt":"2026-02-14T15:05:21","slug":"malla-de-camuflaje-desertico-camo-first-s-cut-2-m-x-2-m-80-de-sombra-y-estilo-militar-copie-2","status":"publish","type":"product","link":"https:\/\/tmandoutdoor.com\/es\/producto\/malla-de-camuflaje-desertico-camo-first-s-cut-2-m-x-2-m-80-de-sombra-y-estilo-militar-copie-2\/","title":{"rendered":"Red de camuflaje militar S-Cut 2&#215;3 m arena sombreada"},"content":{"rendered":"<p>Reserva exclusiva: ahorra 10 \u20ac hoy mismo. Reserva tu <strong>red de camuflaje<\/strong> Camo First\u00ae S-Cut antes de que se agote y consigue un descuento inmediato. <\/p>\n<p>La expedici\u00f3n comienza el 15 de abril de 2026. Transforma tu exterior en cuanto llegue el buen tiempo. <\/p>\n<p>Te ofrecemos <strong>la malla de camuflaje<\/strong> del desierto con corte en S, dise\u00f1ada para crear una zona de<strong>sombra<\/strong> cubierta con estilo <strong>militar<\/strong>. Su corte en forma de S difumina la luz, reduce el calor del sol y deja circular el aire para un confort \u00f3ptimo en tu terraza o cuando acampes. <\/p>\n<p><strong>Los puntos fuertes de esta red de camuflaje :<\/strong><\/p>\n<ul>\n<li><strong>80% de sombra gracias a su recorte en forma de S<\/strong><\/li>\n<li>El acabado est\u00e9tico de los bordillos (dise\u00f1o registrado).<\/li>\n<li>Resistencia: fabricada con poli\u00e9ster Oxford 210 D y montada sobre un tejido de nailon mediante anillas met\u00e1licas.<\/li>\n<li>F\u00e1cil instalaci\u00f3n: cuerda de nailon y bridas perimetrales para facilitar la instalaci\u00f3n y el tensado.<\/li>\n<\/ul>\n<p>Esta <strong>red de camuflaje<\/strong> S-Cut proporciona hasta un 80% de<strong>sombra a<\/strong> la vez que a\u00f1ade un refinado toque <strong>militar<\/strong> a tu terraza, balc\u00f3n o campamento. Su estructura \u00fanica difunde la luz, reduciendo el calor directo del sol y transformando al instante tus espacios exteriores en frescos para\u00edsos. <\/p>\n<h2 id=\"filet-de-camouflage-ombrage-votre-voile-d-ombrage-militaire-ideal\">Malla sombra camuflaje: tu vela sombra militar ideal<\/h2>\n<p>Con su estampado de camuflaje en colores arena y desierto, esta <strong>red de camuflaje<\/strong> proporciona una ocultaci\u00f3n \u00f3ptima sin sobrecargar la decoraci\u00f3n. El acabado antirreflejos mejora <strong>la protecci\u00f3n<\/strong> visual, por lo que es ideal para uso residencial, eventos o exteriores en terrazas o p\u00e9rgolas. <\/p>\n<h2 id=\"filet-camo-beige-protection-visuelle-et-decoration-jardin-discrets\">Malla de camuflaje beige: discreta protecci\u00f3n visual y decoraci\u00f3n de jard\u00edn<\/h2>\n<ol>\n<li>Tejido de poli\u00e9ster Oxford 210 D: resistente y duradero, impermeable y resistente a los rayos UV.<\/li>\n<li>Tejido de nailon de 7 cm x 7 cm con anillas met\u00e1licas reforzadas: aut\u00e9ntica <strong>red de camuflaje reforzada<\/strong>.<\/li>\n<li>Ligero, 2,4 kg: f\u00e1cil de transportar en cualquier camping o entorno militar.<\/li>\n<li>Colores del desierto: camuflaje beige, camuflaje arena y camuflaje desierto para una integraci\u00f3n perfecta.<\/li>\n<li>Sin ruido del viento, sin productos t\u00f3xicos: respeto a la fauna y a tus momentos de relax.<\/li>\n<\/ol>\n<h2 id=\"filet-de-camouflage-renforce-caracteristiques-techniques-et-qualite\">Malla de camuflaje reforzada: caracter\u00edsticas t\u00e9cnicas y calidad<\/h2>\n<p>Esta <strong>red de camuflaje<\/strong> reforzada combina poli\u00e9ster Oxford 210D y tejido de nailon para ofrecer la m\u00e1xima resistencia. Su longitud de 2&#215;3 metros y su peso pluma de 2,4 kg la hacen ideal para terrazas, p\u00e9rgolas o acampadas en todas las condiciones. <\/p>\n<h2 id=\"voile-d-ombrage-camo-avantages-pour-camping-et-exterieur\">Velas de sombra de camuflaje: ventajas para acampar y usar al aire libre<\/h2>\n<ol>\n<li>Instalaci\u00f3n r\u00e1pida: se suministran amarres perimetrales y cuerdas, sin necesidad de herramientas especializadas.<\/li>\n<li>Versatilidad: pantalla de privacidad, <strong>vela de sombra<\/strong>, cortina decorativa, cubierta para equipos militares.<\/li>\n<li>Modularidad: combina varias redes de camuflaje para ampliar el sombreado y la ocultaci\u00f3n.<\/li>\n<li>Est\u00e9tica: insp\u00edrate en el estilo de camuflaje reforzado para realzar la decoraci\u00f3n de tu jard\u00edn y terraza.<\/li>\n<li>Seguridad: silencioso, antideslumbrante y no ign\u00edfugo, respeta tus limitaciones de acampada.<\/li>\n<\/ol>\n<h2 id=\"usages-camouflage-militaire-terrasse-pergola-decoration\">Camuflaje militar : terraza, p\u00e9rgola, decoraci\u00f3n<\/h2>\n<p>Tanto si buscas <strong>una malla de camuflaje<\/strong> beige para un jard\u00edn arbolado, <strong>una malla de camuflaje<\/strong> arenoso para un patio mediterr\u00e1neo o una malla militar para un festival de naturaleza, Camo First\u00ae S-Cut es la respuesta. Crea zonas de sombra sobre una mesa de picnic, comb\u00ednala con una p\u00e9rgola como <strong>vela de sombra<\/strong>, o m\u00f3ntala en tu 4&#215;4 para acampar en el desierto. <\/p>\n<h2 id=\"entretien-simplifie-et-longevite\">Mantenimiento simplificado y longevidad<\/h2>\n<p>Basta con aclarar con agua limpia y el tejido se secar\u00e1 r\u00e1pidamente sin retener ning\u00fan olor. Los materiales impermeables de esta <strong>red de camuflaje<\/strong> resisten la lluvia, la arena y los rayos UV sin deste\u00f1irse. Al final de su vida \u00fatil, el poli\u00e9ster es totalmente reciclable y respetuoso con el medio ambiente.  <\/p>\n<h2 id=\"precommande-exclusive-economisez-10-des-aujourd-hui\">Prepedido exclusivo: ahorra 10 euros hoy<\/h2>\n<p>Reserva tu <strong>red de camuflaje<\/strong> Camo First\u00ae S-Cut antes de que se agote y benef\u00edciate de un descuento inmediato. Env\u00edo a partir del 15 de abril de 2026, entrega est\u00e1ndar o recogida en Tours a petici\u00f3n. \u00a1Transforma tus exteriores en cuanto llegue el buen tiempo!  <\/p>\n<p>&nbsp;<\/p>\n","protected":false},"excerpt":{"rendered":"<p>Red de camuflaje militar 2&#215;3 m Camo First\u00ae S-Cut. 80% de sombra, estilo des\u00e9rtico para tu terraza o camping. Prepedido exclusivo: \u00a110 \u20ac de descuento hoy!  <\/p>\n","protected":false},"featured_media":37393,"comment_status":"closed","ping_status":"closed","template":"","meta":[],"product_brand":[],"product_cat":[205,328,1351],"product_tag":[],"marque":[],"class_list":{"0":"post-37313","1":"product","2":"type-product","3":"status-publish","4":"has-post-thumbnail","6":"product_cat-camo-first-s-cut-es","7":"product_cat-non-classifiee-es","8":"product_cat-produccion-en-curso","10":"first","11":"pre_order","12":"sale","13":"taxable","14":"shipping-taxable","15":"purchasable","16":"product-type-simple"},"aioseo_notices":[],"_links":{"self":[{"href":"https:\/\/tmandoutdoor.com\/es\/wp-json\/wp\/v2\/product\/37313","targetHints":{"allow":["GET"]}}],"collection":[{"href":"https:\/\/tmandoutdoor.com\/es\/wp-json\/wp\/v2\/product"}],"about":[{"href":"https:\/\/tmandoutdoor.com\/es\/wp-json\/wp\/v2\/types\/product"}],"replies":[{"embeddable":true,"href":"https:\/\/tmandoutdoor.com\/es\/wp-json\/wp\/v2\/comments?post=37313"}],"wp:featuredmedia":[{"embeddable":true,"href":"https:\/\/tmandoutdoor.com\/es\/wp-json\/wp\/v2\/media\/37393"}],"wp:attachment":[{"href":"https:\/\/tmandoutdoor.com\/es\/wp-json\/wp\/v2\/media?parent=37313"}],"wp:term":[{"taxonomy":"product_brand","embeddable":true,"href":"https:\/\/tmandoutdoor.com\/es\/wp-json\/wp\/v2\/product_brand?post=37313"},{"taxonomy":"product_cat","embeddable":true,"href":"https:\/\/tmandoutdoor.com\/es\/wp-json\/wp\/v2\/product_cat?post=37313"},{"taxonomy":"product_tag","embeddable":true,"href":"https:\/\/tmandoutdoor.com\/es\/wp-json\/wp\/v2\/product_tag?post=37313"},{"taxonomy":"marque","embeddable":true,"href":"https:\/\/tmandoutdoor.com\/es\/wp-json\/wp\/v2\/marque?post=37313"}],"curies":[{"name":"wp","href":"https:\/\/api.w.org\/{rel}","templated":true}]}}