{"id":3730,"date":"2023-11-20T17:23:18","date_gmt":"2023-11-20T16:23:18","guid":{"rendered":"https:\/\/tmandoutdoor.com\/produit\/chaqueta-piloto-m-a-c-h-70\/"},"modified":"2025-04-30T15:44:11","modified_gmt":"2025-04-30T13:44:11","slug":"chaqueta-piloto-m-a-c-h-70","status":"publish","type":"product","link":"https:\/\/tmandoutdoor.com\/es\/producto\/chaqueta-piloto-m-a-c-h-70\/","title":{"rendered":"Chaqueta piloto M.A.C.H 70"},"content":{"rendered":"<ul style=\"list-style-type:disc\">\n<li>Piel de cordero franc\u00e9s de primera calidad<\/li>\n<li>Azul petr\u00f3leo<\/li>\n<li>Cuello cosido<\/li>\n<li>Cuello de piel marr\u00f3n desmontable con botones.<\/li>\n<li>Cierre de cremallera doble.<\/li>\n<li>Lomo, cuero integral.<\/li>\n<li>2 bolsillos exteriores con botones a presi\u00f3n, 2 bolsillos interiores, <strong>1 bolsillo redondo con cremallera<\/strong> en la manga izquierda, 1 peque\u00f1o bolsillo de parche para grado con solapa<\/li>\n<li>Velcro en el pecho.<\/li>\n<li>2 botones a presi\u00f3n para ajustar la cintura (3 posiciones).<\/li>\n<li>Forro de sat\u00e9n de algod\u00f3n negro (aislado t\u00e9rmicamente con guata de 70 g).<\/li>\n<li>Chaleco de seguridad naranja en un peque\u00f1o bolsillo del forro.<\/li>\n<\/ul>\n<p style=\"margin:0px 0px 1em;padding:0px;border:0px;line-height:inherit;font-family:Arial, Helvetica, sans-serif;font-size:13px;vertical-align:baseline;min-height:1px\">\n<table width=\"449\" border=\"0\" cellspacing=\"0\" cellpadding=\"0\" style=\"margin:0px;padding:0px;border:0px;line-height:inherit;font-family:Arial, Helvetica, sans-serif;font-size:13px;vertical-align:baseline;border-collapse:collapse;border-spacing:0px;max-width:100%;background-color:transparent;color:#333333\">\n<colgroup>\n<col width=\"65\">\n<col width=\"164\">\n<col width=\"220\"><\/colgroup>\n<tbody style=\"margin:0px;padding:0px;border:0px;font-style:inherit;font-variant:inherit;font-weight:inherit;line-height:inherit;font-family:inherit;vertical-align:baseline\">\n<tr style=\"margin:0px;padding:0px;border:0px;font-style:inherit;font-variant:inherit;font-weight:inherit;line-height:inherit;font-family:inherit;vertical-align:baseline\">\n<td width=\"65\" height=\"20\" class=\"xl69\" style=\"margin:0px;padding:9px 10px;border:0px;font-style:inherit;font-variant:inherit;line-height:inherit;font-family:inherit;font-size:13px;vertical-align:middle\">Talla<\/td>\n<td width=\"164\" class=\"xl70\" style=\"margin:0px;padding:9px 10px;border:0px;font-style:inherit;font-variant:inherit;line-height:inherit;font-family:inherit;font-size:13px;vertical-align:middle\">Per\u00edmetro tor\u00e1cico (en cm)<\/td>\n<td width=\"220\" class=\"xl71\" style=\"margin:0px;padding:9px 10px;border:0px;font-style:inherit;font-variant:inherit;line-height:inherit;font-family:inherit;font-size:13px;vertical-align:middle\">Longitud de la manga (en cm)<\/td>\n<\/tr>\n<tr style=\"margin:0px;padding:0px;border:0px;font-style:inherit;font-variant:inherit;font-weight:inherit;line-height:inherit;font-family:inherit;vertical-align:baseline\">\n<td height=\"15\" class=\"xl64\" style=\"margin:0px;padding:9px 10px;border:0px;font-style:inherit;font-variant:inherit;line-height:inherit;font-family:inherit;font-size:13px;vertical-align:middle\"><\/td>\n<td class=\"xl63\" style=\"margin:0px;padding:9px 10px;border:0px;font-style:inherit;font-variant:inherit;line-height:inherit;font-family:inherit;font-size:13px;vertical-align:middle\"><\/td>\n<td class=\"xl65\" style=\"margin:0px;padding:9px 10px;border:0px;font-style:inherit;font-variant:inherit;line-height:inherit;font-family:inherit;font-size:13px;vertical-align:middle\"><\/td>\n<\/tr>\n<tr style=\"margin:0px;padding:0px;border:0px;font-style:inherit;font-variant:inherit;font-weight:inherit;line-height:inherit;font-family:inherit;vertical-align:baseline\">\n<td height=\"15\" class=\"xl64\" style=\"margin:0px;padding:9px 10px;border:0px;font-style:inherit;font-variant:inherit;line-height:inherit;font-family:inherit;font-size:13px;vertical-align:middle\">46<\/td>\n<td class=\"xl63\" style=\"margin:0px;padding:9px 10px;border:0px;font-style:inherit;font-variant:inherit;line-height:inherit;font-family:inherit;font-size:13px;vertical-align:middle\">92<\/td>\n<td class=\"xl65\" style=\"margin:0px;padding:9px 10px;border:0px;font-style:inherit;font-variant:inherit;line-height:inherit;font-family:inherit;font-size:13px;vertical-align:middle\">63<\/td>\n<\/tr>\n<tr style=\"margin:0px;padding:0px;border:0px;font-style:inherit;font-variant:inherit;font-weight:inherit;line-height:inherit;font-family:inherit;vertical-align:baseline\">\n<td height=\"15\" class=\"xl64\" style=\"margin:0px;padding:9px 10px;border:0px;font-style:inherit;font-variant:inherit;line-height:inherit;font-family:inherit;font-size:13px;vertical-align:middle\">48<\/td>\n<td class=\"xl63\" style=\"margin:0px;padding:9px 10px;border:0px;font-style:inherit;font-variant:inherit;line-height:inherit;font-family:inherit;font-size:13px;vertical-align:middle\">96<\/td>\n<td class=\"xl65\" style=\"margin:0px;padding:9px 10px;border:0px;font-style:inherit;font-variant:inherit;line-height:inherit;font-family:inherit;font-size:13px;vertical-align:middle\">63<\/td>\n<\/tr>\n<tr style=\"margin:0px;padding:0px;border:0px;font-style:inherit;font-variant:inherit;font-weight:inherit;line-height:inherit;font-family:inherit;vertical-align:baseline\">\n<td height=\"15\" class=\"xl64\" style=\"margin:0px;padding:9px 10px;border:0px;font-style:inherit;font-variant:inherit;line-height:inherit;font-family:inherit;font-size:13px;vertical-align:middle\">50<\/td>\n<td class=\"xl63\" style=\"margin:0px;padding:9px 10px;border:0px;font-style:inherit;font-variant:inherit;line-height:inherit;font-family:inherit;font-size:13px;vertical-align:middle\">100<\/td>\n<td class=\"xl65\" style=\"margin:0px;padding:9px 10px;border:0px;font-style:inherit;font-variant:inherit;line-height:inherit;font-family:inherit;font-size:13px;vertical-align:middle\">63<\/td>\n<\/tr>\n<tr style=\"margin:0px;padding:0px;border:0px;font-style:inherit;font-variant:inherit;font-weight:inherit;line-height:inherit;font-family:inherit;vertical-align:baseline\">\n<td height=\"15\" class=\"xl64\" style=\"margin:0px;padding:9px 10px;border:0px;font-style:inherit;font-variant:inherit;line-height:inherit;font-family:inherit;font-size:13px;vertical-align:middle\">52<\/td>\n<td class=\"xl63\" style=\"margin:0px;padding:9px 10px;border:0px;font-style:inherit;font-variant:inherit;line-height:inherit;font-family:inherit;font-size:13px;vertical-align:middle\">104<\/td>\n<td class=\"xl65\" style=\"margin:0px;padding:9px 10px;border:0px;font-style:inherit;font-variant:inherit;line-height:inherit;font-family:inherit;font-size:13px;vertical-align:middle\">64<\/td>\n<\/tr>\n<tr style=\"margin:0px;padding:0px;border:0px;font-style:inherit;font-variant:inherit;font-weight:inherit;line-height:inherit;font-family:inherit;vertical-align:baseline\">\n<td height=\"15\" class=\"xl64\" style=\"margin:0px;padding:9px 10px;border:0px;font-style:inherit;font-variant:inherit;line-height:inherit;font-family:inherit;font-size:13px;vertical-align:middle\">54<\/td>\n<td class=\"xl63\" style=\"margin:0px;padding:9px 10px;border:0px;font-style:inherit;font-variant:inherit;line-height:inherit;font-family:inherit;font-size:13px;vertical-align:middle\">108<\/td>\n<td class=\"xl65\" style=\"margin:0px;padding:9px 10px;border:0px;font-style:inherit;font-variant:inherit;line-height:inherit;font-family:inherit;font-size:13px;vertical-align:middle\">65<\/td>\n<\/tr>\n<tr style=\"margin:0px;padding:0px;border:0px;font-style:inherit;font-variant:inherit;font-weight:inherit;line-height:inherit;font-family:inherit;vertical-align:baseline\">\n<td height=\"15\" class=\"xl64\" style=\"margin:0px;padding:9px 10px;border:0px;font-style:inherit;font-variant:inherit;line-height:inherit;font-family:inherit;font-size:13px;vertical-align:middle\">56<\/td>\n<td class=\"xl63\" style=\"margin:0px;padding:9px 10px;border:0px;font-style:inherit;font-variant:inherit;line-height:inherit;font-family:inherit;font-size:13px;vertical-align:middle\">112<\/td>\n<td class=\"xl65\" style=\"margin:0px;padding:9px 10px;border:0px;font-style:inherit;font-variant:inherit;line-height:inherit;font-family:inherit;font-size:13px;vertical-align:middle\">66<\/td>\n<\/tr>\n<tr style=\"margin:0px;padding:0px;border:0px;font-style:inherit;font-variant:inherit;font-weight:inherit;line-height:inherit;font-family:inherit;vertical-align:baseline\">\n<td height=\"15\" class=\"xl64\" style=\"margin:0px;padding:9px 10px;border:0px;font-style:inherit;font-variant:inherit;line-height:inherit;font-family:inherit;font-size:13px;vertical-align:middle\">58<\/td>\n<td class=\"xl63\" style=\"margin:0px;padding:9px 10px;border:0px;font-style:inherit;font-variant:inherit;line-height:inherit;font-family:inherit;font-size:13px;vertical-align:middle\">116<\/td>\n<td class=\"xl65\" style=\"margin:0px;padding:9px 10px;border:0px;font-style:inherit;font-variant:inherit;line-height:inherit;font-family:inherit;font-size:13px;vertical-align:middle\">67<\/td>\n<\/tr>\n<tr style=\"margin:0px;padding:0px;border:0px;font-style:inherit;font-variant:inherit;font-weight:inherit;line-height:inherit;font-family:inherit;vertical-align:baseline\">\n<td height=\"15\" class=\"xl64\" style=\"margin:0px;padding:9px 10px;border:0px;font-style:inherit;font-variant:inherit;line-height:inherit;font-family:inherit;font-size:13px;vertical-align:middle\">60<\/td>\n<td class=\"xl63\" style=\"margin:0px;padding:9px 10px;border:0px;font-style:inherit;font-variant:inherit;line-height:inherit;font-family:inherit;font-size:13px;vertical-align:middle\">120<\/td>\n<td class=\"xl65\" style=\"margin:0px;padding:9px 10px;border:0px;font-style:inherit;font-variant:inherit;line-height:inherit;font-family:inherit;font-size:13px;vertical-align:middle\">68<\/td>\n<\/tr>\n<tr style=\"margin:0px;padding:0px;border:0px;font-style:inherit;font-variant:inherit;font-weight:inherit;line-height:inherit;font-family:inherit;vertical-align:baseline\">\n<td height=\"15\" class=\"xl64\" style=\"margin:0px;padding:9px 10px;border:0px;font-style:inherit;font-variant:inherit;line-height:inherit;font-family:inherit;font-size:13px;vertical-align:middle\">62<\/td>\n<td class=\"xl63\" style=\"margin:0px;padding:9px 10px;border:0px;font-style:inherit;font-variant:inherit;line-height:inherit;font-family:inherit;font-size:13px;vertical-align:middle\">124<\/td>\n<td class=\"xl65\" style=\"margin:0px;padding:9px 10px;border:0px;font-style:inherit;font-variant:inherit;line-height:inherit;font-family:inherit;font-size:13px;vertical-align:middle\"> <\/td>\n<\/tr>\n<tr style=\"margin:0px;padding:0px;border:0px;font-style:inherit;font-variant:inherit;font-weight:inherit;line-height:inherit;font-family:inherit;vertical-align:baseline\">\n<td height=\"16\" class=\"xl66\" style=\"margin:0px;padding:9px 10px;border:0px;font-style:inherit;font-variant:inherit;line-height:inherit;font-family:inherit;font-size:13px;vertical-align:middle\"><\/td>\n<td class=\"xl67\" style=\"margin:0px;padding:9px 10px;border:0px;font-style:inherit;font-variant:inherit;line-height:inherit;font-family:inherit;font-size:13px;vertical-align:middle\"><\/td>\n<td class=\"xl68\" style=\"margin:0px;padding:9px 10px;border:0px;font-style:inherit;font-variant:inherit;line-height:inherit;font-family:inherit;font-size:13px;vertical-align:middle\"> <\/td>\n<\/tr>\n<\/tbody>\n<\/table>\n","protected":false},"excerpt":{"rendered":"<p>Reproducci\u00f3n de la legendaria chaqueta PN (tripulaci\u00f3n de vuelo) del Ej\u00e9rcito del Aire de los a\u00f1os setenta.<\/p>\n<p>Fabricado en Francia con piel de cordero de la misma calidad que el original.<\/p>\n","protected":false},"featured_media":11719,"comment_status":"closed","ping_status":"closed","template":"","meta":[],"product_brand":[],"product_cat":[448,292],"product_tag":[],"marque":[],"class_list":{"0":"post-3730","1":"product","2":"type-product","3":"status-publish","4":"has-post-thumbnail","6":"product_cat-alto","7":"product_cat-hombre","8":"product_shipping_class-standard-es","10":"first","11":"instock","12":"taxable","13":"shipping-taxable","14":"purchasable","15":"product-type-variable"},"aioseo_notices":[],"_links":{"self":[{"href":"https:\/\/tmandoutdoor.com\/es\/wp-json\/wp\/v2\/product\/3730","targetHints":{"allow":["GET"]}}],"collection":[{"href":"https:\/\/tmandoutdoor.com\/es\/wp-json\/wp\/v2\/product"}],"about":[{"href":"https:\/\/tmandoutdoor.com\/es\/wp-json\/wp\/v2\/types\/product"}],"replies":[{"embeddable":true,"href":"https:\/\/tmandoutdoor.com\/es\/wp-json\/wp\/v2\/comments?post=3730"}],"wp:featuredmedia":[{"embeddable":true,"href":"https:\/\/tmandoutdoor.com\/es\/wp-json\/wp\/v2\/media\/11719"}],"wp:attachment":[{"href":"https:\/\/tmandoutdoor.com\/es\/wp-json\/wp\/v2\/media?parent=3730"}],"wp:term":[{"taxonomy":"product_brand","embeddable":true,"href":"https:\/\/tmandoutdoor.com\/es\/wp-json\/wp\/v2\/product_brand?post=3730"},{"taxonomy":"product_cat","embeddable":true,"href":"https:\/\/tmandoutdoor.com\/es\/wp-json\/wp\/v2\/product_cat?post=3730"},{"taxonomy":"product_tag","embeddable":true,"href":"https:\/\/tmandoutdoor.com\/es\/wp-json\/wp\/v2\/product_tag?post=3730"},{"taxonomy":"marque","embeddable":true,"href":"https:\/\/tmandoutdoor.com\/es\/wp-json\/wp\/v2\/marque?post=3730"}],"curies":[{"name":"wp","href":"https:\/\/api.w.org\/{rel}","templated":true}]}}