{"id":37148,"date":"2026-02-09T17:55:21","date_gmt":"2026-02-09T16:55:21","guid":{"rendered":"https:\/\/tmandoutdoor.com\/?post_type=product&#038;p=37148"},"modified":"2026-02-25T17:59:00","modified_gmt":"2026-02-25T16:59:00","slug":"caja-de-transporte-compacta-y-estanca-de-plastico-resistente-copie","status":"publish","type":"product","link":"https:\/\/tmandoutdoor.com\/es\/producto\/caja-de-transporte-compacta-y-estanca-de-plastico-resistente-copie\/","title":{"rendered":"Robusto malet\u00edn de pl\u00e1stico impermeable para airsoft &#8211; Malet\u00edn TGM"},"content":{"rendered":"<p>Malet\u00edn de pl\u00e1stico robusto e impermeable dise\u00f1ado para proteger tus r\u00e9plicas de airsoft, rifles, munici\u00f3n y accesorios cuando te desplaces o para guardarlos de forma segura en casa.<\/p>\n<p>Descubre nuestra funda de transporte impermeable, ideal para transportar tus r\u00e9plicas de airsoft, rifles, pistolas, munici\u00f3n y accesorios cuando est\u00e9s fuera de casa, para salidas de airsoft, tiro recreativo o almacenamiento profesional en casa.<\/p>\n<h2 id=\"mallette-de-transport-rigide-et-etanche-caracteristiques-principales\">Malet\u00edn de transporte r\u00edgido y estanco &#8211; caracter\u00edsticas principales<\/h2>\n<p><strong>Caracter\u00edsticas principales:<\/strong><\/p>\n<ul>\n<li>Dise\u00f1o vers\u00e1til y duradero para un transporte seguro<\/li>\n<li>Caja de polipropileno r\u00edgida y duradera, a prueba de golpes, impermeable y resistente a la intemperie<\/li>\n<li>Asa s\u00f3lida y ergon\u00f3mica para facilitar el transporte<\/li>\n<li>Tapa con junta estanca<\/li>\n<li>Dise\u00f1o apilable para un m\u00e1ximo espacio de almacenamiento<\/li>\n<\/ul>\n<p><strong>Dimensiones de la funda de transporte :<\/strong><\/p>\n<p>Longitud: 49,5 cm<\/p>\n<p>Anchura: 44,1 cm<\/p>\n<p>Altura: 21,0 cm<\/p>\n<p>Nuestra funda de transporte r\u00edgida e impermeable ofrece <strong>la m\u00e1xima protecci\u00f3n<\/strong> para tu equipo de airsoft, munici\u00f3n y accesorios cuando te desplazas. Esta funda impermeable garantiza una seguridad \u00f3ptima en todas las condiciones. <\/p>\n<h3 id=\"specifications-de-la-mallette-de-transport-avec-mousse-predecoupee-et-etancheite-ip67\">Especificaciones de la funda de transporte<\/h3>\n<ul>\n<li>Dise\u00f1o vers\u00e1til para el almacenamiento y transporte intensivo de r\u00e9plicas de airsoft, rifles y pistolas<\/li>\n<li>Malet\u00edn multiusos para guardar rifles, pistolas de airsoft, cargadores, munici\u00f3n y accesorios t\u00e1cticos de forma segura y organizada<\/li>\n<li>Material de polipropileno robusto y duradero, resistente a los golpes y al agua<\/li>\n<li>2 asas laterales con empu\u00f1adura de goma y asa de transporte reforzada<\/li>\n<li>Tapa s\u00f3lida con junta para protegerla de la humedad y el polvo<\/li>\n<li>Dise\u00f1o apilable para un m\u00e1ximo espacio de almacenamiento<\/li>\n<\/ul>\n<h3 id=\"protection-maximale-et-transport-securise-pour-vos-repliques-et-equipements\">M\u00e1xima protecci\u00f3n y transporte seguro para tus r\u00e9plicas y equipos<\/h3>\n<p>Esta funda r\u00edgida de polipropileno ofrece <strong>la m\u00e1xima protecci\u00f3n<\/strong> para tus armas, r\u00e9plicas de airsoft, cargadores, munici\u00f3n y equipo t\u00e1ctico contra impactos, agua y polvo. Su estanqueidad, garantizada por la junta de estanqueidad, asegura el transporte seguro de tus objetos m\u00e1s preciados. Gracias a su material robusto y duradero, proporciona una protecci\u00f3n eficaz en entornos exigentes.  <\/p>\n<p>Ligera y duradera, esta maleta de transporte combina <strong>robustez<\/strong> y dise\u00f1o pr\u00e1ctico. Su material de polipropileno resistente a los impactos facilita su transporte sin comprometer la capacidad de almacenamiento. Tanto si te dedicas al airsoft, al tiro deportivo o necesitas una funda protectora para tu equipo de exterior, esta funda de transporte apilable y segura se adaptar\u00e1 a todas tus necesidades.  <\/p>\n<p><\/p>\n","protected":false},"excerpt":{"rendered":"<p>Malet\u00edn de pl\u00e1stico r\u00edgido impermeable para proteger rifles, pistolas de airsoft y munici\u00f3n. Malet\u00edn resistente con cierre estanco, interior de espuma y dise\u00f1o apilable. <\/p>\n","protected":false},"featured_media":37198,"comment_status":"closed","ping_status":"closed","template":"","meta":[],"product_brand":[1345],"product_cat":[1890,419],"product_tag":[],"marque":[735],"class_list":{"0":"post-37148","1":"product","2":"type-product","3":"status-publish","4":"has-post-thumbnail","6":"product_brand-101-inc","7":"product_cat-caja","8":"product_cat-o-que-ha-de-novo-es","9":"marque-101-inc","11":"first","12":"instock","13":"taxable","14":"shipping-taxable","15":"purchasable","16":"product-type-simple"},"aioseo_notices":[],"_links":{"self":[{"href":"https:\/\/tmandoutdoor.com\/es\/wp-json\/wp\/v2\/product\/37148","targetHints":{"allow":["GET"]}}],"collection":[{"href":"https:\/\/tmandoutdoor.com\/es\/wp-json\/wp\/v2\/product"}],"about":[{"href":"https:\/\/tmandoutdoor.com\/es\/wp-json\/wp\/v2\/types\/product"}],"replies":[{"embeddable":true,"href":"https:\/\/tmandoutdoor.com\/es\/wp-json\/wp\/v2\/comments?post=37148"}],"wp:featuredmedia":[{"embeddable":true,"href":"https:\/\/tmandoutdoor.com\/es\/wp-json\/wp\/v2\/media\/37198"}],"wp:attachment":[{"href":"https:\/\/tmandoutdoor.com\/es\/wp-json\/wp\/v2\/media?parent=37148"}],"wp:term":[{"taxonomy":"product_brand","embeddable":true,"href":"https:\/\/tmandoutdoor.com\/es\/wp-json\/wp\/v2\/product_brand?post=37148"},{"taxonomy":"product_cat","embeddable":true,"href":"https:\/\/tmandoutdoor.com\/es\/wp-json\/wp\/v2\/product_cat?post=37148"},{"taxonomy":"product_tag","embeddable":true,"href":"https:\/\/tmandoutdoor.com\/es\/wp-json\/wp\/v2\/product_tag?post=37148"},{"taxonomy":"marque","embeddable":true,"href":"https:\/\/tmandoutdoor.com\/es\/wp-json\/wp\/v2\/marque?post=37148"}],"curies":[{"name":"wp","href":"https:\/\/api.w.org\/{rel}","templated":true}]}}